{"id":96,"date":"2019-02-07T13:16:17","date_gmt":"2019-02-07T15:16:17","guid":{"rendered":"https:\/\/dcc.ufpr.br\/?page_id=96"},"modified":"2024-02-16T10:44:13","modified_gmt":"2024-02-16T13:44:13","slug":"administracao","status":"publish","type":"page","link":"https:\/\/dcc.ufpr.br\/index.php\/administracao\/","title":{"rendered":"Administra\u00e7\u00e3o"},"content":{"rendered":"<h2><span id=\"Chefia\" class=\"mw-headline\">Chefia<\/span><\/h2>\n<ul>\n<li>Chefe: <a title=\"Prof\u00aa. Marienne do Rocio de Mello Maron da Costa\" href=\"https:\/\/dcc.ufpr.br\/index.php\/laila-valduga-artigas\/\" data-wplink-edit=\"true\">Laila Valduga Artigas<\/a><\/li>\n<li>Suplente: <a href=\"https:\/\/dcc.ufpr.br\/index.php\/isabella-andreczevski-chaves\/\">Isabella Andreczevski Chaves<\/a><\/li>\n<\/ul>\n<h2><span id=\"Secretaria\" class=\"mw-headline\">Secretaria<\/span><\/h2>\n<ul>\n<li>Secret\u00e1rio Administrativo : Fredd Jannssenn Cardoso<\/li>\n<\/ul>\n<table class=\"wikitable\" cellpadding=\"8\">\n<caption>Hor\u00e1rio de atendimento externo<\/caption>\n<tbody>\n<tr>\n<td>Seg-Sex<\/td>\n<td>07:30-12:00<\/td>\n<td>13:00-16:00<\/td>\n<td><\/td>\n<\/tr>\n<\/tbody>\n<\/table>\n<p>Respons\u00e1vel pelo site:<\/p>\n<p>Fredd Jannssenn Cardoso.<\/p>\n<p>O respons\u00e1vel pelo site apenas executa tarefas de manuten\u00e7\u00e3o. A responsabilidade pelas informa\u00e7\u00f5es das disciplinas e dos dados pessoais dos professores \u00e9 exclusiva destes.<\/p>\n","protected":false},"excerpt":{"rendered":"<p>Chefia Chefe: Laila Valduga Artigas Suplente: Isabella Andreczevski Chaves Secretaria Secret\u00e1rio Administrativo : Fredd Jannssenn Cardoso Hor\u00e1rio de atendimento externo Seg-Sex 07:30-12:00 13:00-16:00 Respons\u00e1vel pelo site: Fredd Jannssenn Cardoso. O respons\u00e1vel pelo site apenas executa tarefas de manuten\u00e7\u00e3o. A responsabilidade pelas informa\u00e7\u00f5es das disciplinas e dos dados pessoais dos professores \u00e9 exclusiva destes.<\/p>\n","protected":false},"author":1,"featured_media":0,"parent":0,"menu_order":18,"comment_status":"closed","ping_status":"closed","template":"","meta":{"footnotes":""},"class_list":["post-96","page","type-page","status-publish","hentry"],"aioseo_notices":[],"_links":{"self":[{"href":"https:\/\/dcc.ufpr.br\/index.php\/wp-json\/wp\/v2\/pages\/96","targetHints":{"allow":["GET"]}}],"collection":[{"href":"https:\/\/dcc.ufpr.br\/index.php\/wp-json\/wp\/v2\/pages"}],"about":[{"href":"https:\/\/dcc.ufpr.br\/index.php\/wp-json\/wp\/v2\/types\/page"}],"author":[{"embeddable":true,"href":"https:\/\/dcc.ufpr.br\/index.php\/wp-json\/wp\/v2\/users\/1"}],"replies":[{"embeddable":true,"href":"https:\/\/dcc.ufpr.br\/index.php\/wp-json\/wp\/v2\/comments?post=96"}],"version-history":[{"count":11,"href":"https:\/\/dcc.ufpr.br\/index.php\/wp-json\/wp\/v2\/pages\/96\/revisions"}],"predecessor-version":[{"id":2800,"href":"https:\/\/dcc.ufpr.br\/index.php\/wp-json\/wp\/v2\/pages\/96\/revisions\/2800"}],"wp:attachment":[{"href":"https:\/\/dcc.ufpr.br\/index.php\/wp-json\/wp\/v2\/media?parent=96"}],"curies":[{"name":"wp","href":"https:\/\/api.w.org\/{rel}","templated":true}]}}