{"id":774,"date":"2019-02-14T14:49:38","date_gmt":"2019-02-14T16:49:38","guid":{"rendered":"https:\/\/dcc.ufpr.br\/?page_id=774"},"modified":"2020-03-13T18:46:56","modified_gmt":"2020-03-13T21:46:56","slug":"monitoramento-eco-eficiente-e-durabilidade-de-estruturas-de-concreto","status":"publish","type":"page","link":"https:\/\/dcc.ufpr.br\/index.php\/disciplinas\/optativas\/monitoramento-eco-eficiente-e-durabilidade-de-estruturas-de-concreto\/","title":{"rendered":"Monitoramento eco-eficiente e durabilidade de estruturas de concreto"},"content":{"rendered":"<p><strong>TC-085 Monitoramento eco-eficiente e durabilidade de estruturas de concreto<\/strong><\/p>\n<p><a title=\"Prof. Ronaldo A. Medeiros-Junior\" href=\"https:\/\/dcc.ufpr.br\/index.php\/ronaldo-medeiros-junior\/\">Prof. Ronaldo A. Medeiros-Junior<\/a>\u00a0=&gt; Turma A<\/p>\n<p>Ementa<\/p>\n<ol>\n<li>Estimativa de vida \u00fatil de estruturas de concreto<\/li>\n<li>Monitoramento de estruturas atrav\u00e9s do uso de sensores<\/li>\n<li>Impacto das mudan\u00e7as clim\u00e1ticas na durabilidade<\/li>\n<li>Concreto autocicatrizante<\/li>\n<li>Recupera\u00e7\u00e3o do concreto com uso de fibras<\/li>\n<li>Projeto eco-eficiente de reparo de estruturas de concreto<\/li>\n<li>Uso de bact\u00e9rias em estruturas de concreto<\/li>\n<\/ol>\n<p>Carga hor\u00e1ria de 60 h.<\/p>\n<p><strong>AVISOS\u00a0:<\/strong> N\u00e3o \u00e9 permitido o uso de calculadoras alfanum\u00e9ricas e celulares nas provas.<\/p>\n<p><strong>Segunda chamada\u00a0:<\/strong><\/p>\n<p>O aluno que perder alguma das duas provas dever\u00e1 requerer a segunda chamada oficialmente, de acordo com a <a href=\"https:\/\/dcc.ufpr.br\/mediawiki\/index.php\/Legisla%C3%A7%C3%A3o\">Legisla\u00e7\u00e3o<\/a>.<\/p>\n<ul>\n<li>Prova de segunda chamada: uma, ao final do semestre.<\/li>\n<li>Assunto: conte\u00fado do semestre todo.<\/li>\n<li>Local: a ser definido, hor\u00e1rio da aula<\/li>\n<\/ul>\n<p><strong>Vistas das provas<\/strong><\/p>\n<p>Os alunos que desejarem ver as suas provas, poder\u00e3o fazer com solicita\u00e7\u00e3o direta ao professor at\u00e9 no m\u00e1ximo 3 (tr\u00eas) dias ap\u00f3s a divulga\u00e7\u00e3o da nota (de acordo com a Resolu\u00e7\u00e3o.CEPE 37\/97, se\u00e7\u00e3o IV).<\/p>\n<p>&nbsp;<\/p>\n<p><strong>Material das aulas<\/strong><\/p>\n<p><a href=\"https:\/\/www.dropbox.com\/sh\/2a8jqrllqvalp4d\/AADMLHwVhrTeDAcBgUou9FIda?dl=0\">PDF das aulas<\/a><\/p>\n<p>&nbsp;<\/p>\n","protected":false},"excerpt":{"rendered":"<p>TC-085 Monitoramento eco-eficiente e durabilidade de estruturas de concreto Prof. Ronaldo A. Medeiros-Junior\u00a0=&gt; Turma A Ementa Estimativa de vida \u00fatil de estruturas de concreto Monitoramento de estruturas atrav\u00e9s do uso de sensores Impacto das mudan\u00e7as clim\u00e1ticas na durabilidade Concreto autocicatrizante Recupera\u00e7\u00e3o do concreto com uso de fibras Projeto eco-eficiente de reparo de estruturas de concreto [&hellip;]<\/p>\n","protected":false},"author":1,"featured_media":0,"parent":738,"menu_order":3,"comment_status":"closed","ping_status":"closed","template":"","meta":{"footnotes":""},"class_list":["post-774","page","type-page","status-publish","hentry"],"aioseo_notices":[],"_links":{"self":[{"href":"https:\/\/dcc.ufpr.br\/index.php\/wp-json\/wp\/v2\/pages\/774","targetHints":{"allow":["GET"]}}],"collection":[{"href":"https:\/\/dcc.ufpr.br\/index.php\/wp-json\/wp\/v2\/pages"}],"about":[{"href":"https:\/\/dcc.ufpr.br\/index.php\/wp-json\/wp\/v2\/types\/page"}],"author":[{"embeddable":true,"href":"https:\/\/dcc.ufpr.br\/index.php\/wp-json\/wp\/v2\/users\/1"}],"replies":[{"embeddable":true,"href":"https:\/\/dcc.ufpr.br\/index.php\/wp-json\/wp\/v2\/comments?post=774"}],"version-history":[{"count":6,"href":"https:\/\/dcc.ufpr.br\/index.php\/wp-json\/wp\/v2\/pages\/774\/revisions"}],"predecessor-version":[{"id":2026,"href":"https:\/\/dcc.ufpr.br\/index.php\/wp-json\/wp\/v2\/pages\/774\/revisions\/2026"}],"up":[{"embeddable":true,"href":"https:\/\/dcc.ufpr.br\/index.php\/wp-json\/wp\/v2\/pages\/738"}],"wp:attachment":[{"href":"https:\/\/dcc.ufpr.br\/index.php\/wp-json\/wp\/v2\/media?parent=774"}],"curies":[{"name":"wp","href":"https:\/\/api.w.org\/{rel}","templated":true}]}}