{"id":758,"date":"2019-02-14T14:47:52","date_gmt":"2019-02-14T16:47:52","guid":{"rendered":"https:\/\/dcc.ufpr.br\/?page_id=758"},"modified":"2022-10-10T15:29:35","modified_gmt":"2022-10-10T18:29:35","slug":"projetos-de-arquitetura","status":"publish","type":"page","link":"https:\/\/dcc.ufpr.br\/index.php\/disciplinas\/optativas\/projetos-de-arquitetura\/","title":{"rendered":"Projetos de Arquitetura"},"content":{"rendered":"<p><strong>TC-060 Projetos de Arquitetura\u00a0<\/strong><\/p>\n<p>Professora<\/p>\n<ul>\n<li>Heloisa Fuganti Campos<\/li>\n<\/ul>\n<p>Ementa<\/p>\n<ol>\n<li>Introdu\u00e7\u00e3o: Introdu\u00e7\u00e3o no contexto da disciplina<\/li>\n<li>Introdu\u00e7\u00e3o \u00e0 Arquitetura e ao Projeto Arquitet\u00f4nico: Estudo; Pr\u00e9-Projeto; Projeto de Aprova\u00e7\u00e3o<\/li>\n<li>Introdu\u00e7\u00e3o ao Plano Diretor de uma Cidade<\/li>\n<li>No\u00e7\u00f5es de Infraestrutura Urbana<\/li>\n<li>Conceitua\u00e7\u00e3o de Projeto Colaborativo e Modelagem da Informa\u00e7\u00e3o da Constru\u00e7\u00e3o ou <em>Building Information Modeling<\/em> \u2013 BIM em AEC<\/li>\n<\/ol>\n<p>Carga hor\u00e1ria de 60 h, ministradas de acordo com o\u00a0<a href=\"https:\/\/dcc.ufpr.br\/wp-content\/uploads\/2019\/07\/TC060_FICHA_2.pdf\">programa anal\u00edtico.<\/a><\/p>\n<p><strong>Vistas das avalia\u00e7\u00f5es<\/strong><\/p>\n<p>Os alunos que desejarem ver as suas avalia\u00e7\u00f5es, poder\u00e3o fazer com solicita\u00e7\u00e3o direta ao professor at\u00e9 no m\u00e1ximo 3 (tr\u00eas) dias ap\u00f3s a divulga\u00e7\u00e3o da nota (de acordo com a Resolu\u00e7\u00e3o.CEPE 37\/97, se\u00e7\u00e3o IV).<\/p>\n","protected":false},"excerpt":{"rendered":"<p>TC-060 Projetos de Arquitetura\u00a0 Professora Heloisa Fuganti Campos Ementa Introdu\u00e7\u00e3o: Introdu\u00e7\u00e3o no contexto da disciplina Introdu\u00e7\u00e3o \u00e0 Arquitetura e ao Projeto Arquitet\u00f4nico: Estudo; Pr\u00e9-Projeto; Projeto de Aprova\u00e7\u00e3o Introdu\u00e7\u00e3o ao Plano Diretor de uma Cidade No\u00e7\u00f5es de Infraestrutura Urbana Conceitua\u00e7\u00e3o de Projeto Colaborativo e Modelagem da Informa\u00e7\u00e3o da Constru\u00e7\u00e3o ou Building Information Modeling \u2013 BIM em [&hellip;]<\/p>\n","protected":false},"author":1,"featured_media":0,"parent":738,"menu_order":13,"comment_status":"closed","ping_status":"closed","template":"","meta":{"footnotes":""},"class_list":["post-758","page","type-page","status-publish","hentry"],"aioseo_notices":[],"_links":{"self":[{"href":"https:\/\/dcc.ufpr.br\/index.php\/wp-json\/wp\/v2\/pages\/758","targetHints":{"allow":["GET"]}}],"collection":[{"href":"https:\/\/dcc.ufpr.br\/index.php\/wp-json\/wp\/v2\/pages"}],"about":[{"href":"https:\/\/dcc.ufpr.br\/index.php\/wp-json\/wp\/v2\/types\/page"}],"author":[{"embeddable":true,"href":"https:\/\/dcc.ufpr.br\/index.php\/wp-json\/wp\/v2\/users\/1"}],"replies":[{"embeddable":true,"href":"https:\/\/dcc.ufpr.br\/index.php\/wp-json\/wp\/v2\/comments?post=758"}],"version-history":[{"count":39,"href":"https:\/\/dcc.ufpr.br\/index.php\/wp-json\/wp\/v2\/pages\/758\/revisions"}],"predecessor-version":[{"id":2749,"href":"https:\/\/dcc.ufpr.br\/index.php\/wp-json\/wp\/v2\/pages\/758\/revisions\/2749"}],"up":[{"embeddable":true,"href":"https:\/\/dcc.ufpr.br\/index.php\/wp-json\/wp\/v2\/pages\/738"}],"wp:attachment":[{"href":"https:\/\/dcc.ufpr.br\/index.php\/wp-json\/wp\/v2\/media?parent=758"}],"curies":[{"name":"wp","href":"https:\/\/api.w.org\/{rel}","templated":true}]}}