{"id":752,"date":"2019-02-14T14:47:21","date_gmt":"2019-02-14T16:47:21","guid":{"rendered":"https:\/\/dcc.ufpr.br\/?page_id=752"},"modified":"2019-07-22T09:43:29","modified_gmt":"2019-07-22T12:43:29","slug":"estruturas-de-madeira","status":"publish","type":"page","link":"https:\/\/dcc.ufpr.br\/index.php\/disciplinas\/optativas\/estruturas-de-madeira\/","title":{"rendered":"Estruturas de Madeira"},"content":{"rendered":"<h2>Professor Elvidio Gavassoni<\/h2>\n<p>contato: gavassoni@ufpr.br<\/p>\n<h2>Ementa:<\/h2>\n<ul>\n<li>1. Introdu\u00e7\u00e3o a estruturas de madeira;<\/li>\n<li>2. Propriedades e caracter\u00edsticas da madeira;<\/li>\n<li>3. Pr\u00e1ticas de dimensionamento de estruturas de madeira;<\/li>\n<li>4. Vigas;<\/li>\n<li>5. Barras;<\/li>\n<li>6. Liga\u00e7\u00f5es;<\/li>\n<li>7. Projeto;<\/li>\n<li>8. Coberturas;\u00a0Contraventamentos;\u00a0Formas e escoramentos;\u00a0Estruturas de estabiliza\u00e7\u00e3o; Outras Aplica\u00e7\u00f5es.<\/li>\n<\/ul>\n<p><a href=\"http:\/\/www.estruturas.ufpr.br\/disciplinas\/graduacao\/estruturas-de-madeira\/\">Informa\u00e7\u00f5es<\/a><\/p>\n","protected":false},"excerpt":{"rendered":"<p>Professor Elvidio Gavassoni contato: gavassoni@ufpr.br Ementa: 1. Introdu\u00e7\u00e3o a estruturas de madeira; 2. Propriedades e caracter\u00edsticas da madeira; 3. Pr\u00e1ticas de dimensionamento de estruturas de madeira; 4. Vigas; 5. Barras; 6. Liga\u00e7\u00f5es; 7. Projeto; 8. Coberturas;\u00a0Contraventamentos;\u00a0Formas e escoramentos;\u00a0Estruturas de estabiliza\u00e7\u00e3o; Outras Aplica\u00e7\u00f5es. Informa\u00e7\u00f5es<\/p>\n","protected":false},"author":1,"featured_media":0,"parent":738,"menu_order":10,"comment_status":"closed","ping_status":"closed","template":"","meta":{"footnotes":""},"class_list":["post-752","page","type-page","status-publish","hentry"],"aioseo_notices":[],"_links":{"self":[{"href":"https:\/\/dcc.ufpr.br\/index.php\/wp-json\/wp\/v2\/pages\/752","targetHints":{"allow":["GET"]}}],"collection":[{"href":"https:\/\/dcc.ufpr.br\/index.php\/wp-json\/wp\/v2\/pages"}],"about":[{"href":"https:\/\/dcc.ufpr.br\/index.php\/wp-json\/wp\/v2\/types\/page"}],"author":[{"embeddable":true,"href":"https:\/\/dcc.ufpr.br\/index.php\/wp-json\/wp\/v2\/users\/1"}],"replies":[{"embeddable":true,"href":"https:\/\/dcc.ufpr.br\/index.php\/wp-json\/wp\/v2\/comments?post=752"}],"version-history":[{"count":6,"href":"https:\/\/dcc.ufpr.br\/index.php\/wp-json\/wp\/v2\/pages\/752\/revisions"}],"predecessor-version":[{"id":1362,"href":"https:\/\/dcc.ufpr.br\/index.php\/wp-json\/wp\/v2\/pages\/752\/revisions\/1362"}],"up":[{"embeddable":true,"href":"https:\/\/dcc.ufpr.br\/index.php\/wp-json\/wp\/v2\/pages\/738"}],"wp:attachment":[{"href":"https:\/\/dcc.ufpr.br\/index.php\/wp-json\/wp\/v2\/media?parent=752"}],"curies":[{"name":"wp","href":"https:\/\/api.w.org\/{rel}","templated":true}]}}