{"id":639,"date":"2019-02-14T10:19:54","date_gmt":"2019-02-14T12:19:54","guid":{"rendered":"https:\/\/dcc.ufpr.br\/?page_id=639"},"modified":"2019-02-14T10:19:54","modified_gmt":"2019-02-14T12:19:54","slug":"materiais","status":"publish","type":"page","link":"https:\/\/dcc.ufpr.br\/index.php\/disciplinas\/materiais\/","title":{"rendered":"Materiais"},"content":{"rendered":"<h2>Disciplinas da \u00e1rea de Materiais<\/h2>\n<h3>Obrigat\u00f3rias<\/h3>\n<table class=\"wikitable\">\n<tbody>\n<tr>\n<th style=\"width: 50px;\">C\u00f3digo<\/th>\n<th style=\"width: 360px;\">Disciplina<\/th>\n<th style=\"width: 53px;\">Ementa<\/th>\n<th style=\"width: 69px;\">Programa<\/th>\n<\/tr>\n<tr>\n<td style=\"width: 50px;\">TC-030<\/td>\n<td style=\"width: 360px;\"><a title=\"TC-030 Materiais de Constru\u00e7\u00e3o Civil I\" href=\"https:\/\/dcc.ufpr.br\/index.php\/disciplinas\/materiais-de-construcao-civil-i\/\">Materiais de Constru\u00e7\u00e3o Civil I<\/a><\/td>\n<td style=\"width: 53px;\">\n<div class=\"center\">\n<div class=\"floatnone\"><a title=\"M\u00eddia:TC030 ficha F1.pdf\" href=\"https:\/\/dcc.ufpr.br\/mediawiki\/index.php\/M%C3%ADdia:TC030_ficha_F1.pdf\"><img loading=\"lazy\" decoding=\"async\" src=\"https:\/\/dcc.ufpr.br\/mediawiki\/images\/thumb\/6\/64\/Fileicon-pdf.png\/40px-Fileicon-pdf.png\" alt=\"Fileicon-pdf.png\" width=\"40\" height=\"40\" \/><\/a><\/div>\n<\/div>\n<\/td>\n<td style=\"width: 69px;\">\n<div class=\"center\">\n<div class=\"floatnone\"><a title=\"M\u00eddia:TC030 ficha F2.pdf\" href=\"https:\/\/dcc.ufpr.br\/mediawiki\/index.php\/M%C3%ADdia:TC030_ficha_F2.pdf\"><img loading=\"lazy\" decoding=\"async\" src=\"https:\/\/dcc.ufpr.br\/mediawiki\/images\/thumb\/6\/64\/Fileicon-pdf.png\/40px-Fileicon-pdf.png\" alt=\"Fileicon-pdf.png\" width=\"40\" height=\"40\" \/><\/a><\/div>\n<\/div>\n<\/td>\n<\/tr>\n<tr>\n<td style=\"width: 50px;\">TC-031<\/td>\n<td style=\"width: 360px;\"><a title=\"TC-031 Materiais de Constru\u00e7\u00e3o Civil II\" href=\"https:\/\/dcc.ufpr.br\/index.php\/disciplinas\/materiais-de-construcao-civil-ii\/\">Materiais de Constru\u00e7\u00e3o Civil II<\/a><\/td>\n<td style=\"width: 53px;\">\n<div class=\"center\">\n<div class=\"floatnone\"><a title=\"M\u00eddia:TC031 ficha F1.pdf\" href=\"https:\/\/dcc.ufpr.br\/mediawiki\/index.php\/M%C3%ADdia:TC031_ficha_F1.pdf\"><img loading=\"lazy\" decoding=\"async\" src=\"https:\/\/dcc.ufpr.br\/mediawiki\/images\/thumb\/6\/64\/Fileicon-pdf.png\/40px-Fileicon-pdf.png\" alt=\"Fileicon-pdf.png\" width=\"40\" height=\"40\" \/><\/a><\/div>\n<\/div>\n<\/td>\n<td style=\"width: 69px;\">\n<div class=\"center\">\n<div class=\"floatnone\"><a title=\"M\u00eddia:TC031 ficha F2.pdf\" href=\"https:\/\/dcc.ufpr.br\/mediawiki\/index.php\/M%C3%ADdia:TC031_ficha_F2.pdf\"><img loading=\"lazy\" decoding=\"async\" src=\"https:\/\/dcc.ufpr.br\/mediawiki\/images\/thumb\/6\/64\/Fileicon-pdf.png\/40px-Fileicon-pdf.png\" alt=\"Fileicon-pdf.png\" width=\"40\" height=\"40\" \/><\/a><\/div>\n<\/div>\n<\/td>\n<\/tr>\n<tr>\n<td style=\"width: 50px;\">TC-034<\/td>\n<td style=\"width: 360px;\"><a title=\"TC-034 Materiais de Constru\u00e7\u00e3o Civil III\" href=\"https:\/\/dcc.ufpr.br\/index.php\/disciplinas\/materiais-de-construcao-civil-iii\/\">Materiais de Constru\u00e7\u00e3o Civil III<\/a><\/td>\n<td style=\"width: 53px;\">\n<div class=\"center\">\n<div class=\"floatnone\"><a title=\"M\u00eddia:TC034 ficha F1.pdf\" href=\"https:\/\/dcc.ufpr.br\/mediawiki\/index.php\/M%C3%ADdia:TC034_ficha_F1.pdf\"><img loading=\"lazy\" decoding=\"async\" src=\"https:\/\/dcc.ufpr.br\/mediawiki\/images\/thumb\/6\/64\/Fileicon-pdf.png\/40px-Fileicon-pdf.png\" alt=\"Fileicon-pdf.png\" width=\"40\" height=\"40\" \/><\/a><\/div>\n<\/div>\n<\/td>\n<td style=\"width: 69px;\">\n<div class=\"center\">\n<div class=\"floatnone\"><a title=\"M\u00eddia:TC034 ficha F2.pdf\" href=\"https:\/\/dcc.ufpr.br\/mediawiki\/index.php\/M%C3%ADdia:TC034_ficha_F2.pdf\"><img loading=\"lazy\" decoding=\"async\" src=\"https:\/\/dcc.ufpr.br\/mediawiki\/images\/thumb\/6\/64\/Fileicon-pdf.png\/40px-Fileicon-pdf.png\" alt=\"Fileicon-pdf.png\" width=\"40\" height=\"40\" \/><\/a><\/div>\n<\/div>\n<\/td>\n<\/tr>\n<tr>\n<td style=\"width: 50px;\">TC-039<\/td>\n<td style=\"width: 360px;\"><a title=\"TC-039 Laborat\u00f3rio de Materiais de Constru\u00e7\u00e3o\" href=\"https:\/\/dcc.ufpr.br\/index.php\/disciplinas\/laboratorio-de-materiais-de-construcao\/\">Laborat\u00f3rio de Materiais de Constru\u00e7\u00e3o<\/a><\/td>\n<td style=\"width: 53px;\">\n<div class=\"center\">\n<div class=\"floatnone\"><a title=\"M\u00eddia:TC039 ficha F1.pdf\" href=\"https:\/\/dcc.ufpr.br\/mediawiki\/index.php\/M%C3%ADdia:TC039_ficha_F1.pdf\"><img loading=\"lazy\" decoding=\"async\" src=\"https:\/\/dcc.ufpr.br\/mediawiki\/images\/thumb\/6\/64\/Fileicon-pdf.png\/40px-Fileicon-pdf.png\" alt=\"Fileicon-pdf.png\" width=\"40\" height=\"40\" \/><\/a><\/div>\n<\/div>\n<\/td>\n<td style=\"width: 69px;\">\n<div class=\"center\">\n<div class=\"floatnone\"><a title=\"M\u00eddia:TC039 ficha F2.pdf\" href=\"https:\/\/dcc.ufpr.br\/mediawiki\/index.php\/M%C3%ADdia:TC039_ficha_F2.pdf\"><img loading=\"lazy\" decoding=\"async\" src=\"https:\/\/dcc.ufpr.br\/mediawiki\/images\/thumb\/6\/64\/Fileicon-pdf.png\/40px-Fileicon-pdf.png\" alt=\"Fileicon-pdf.png\" width=\"40\" height=\"40\" \/><\/a><\/div>\n<\/div>\n<\/td>\n<\/tr>\n<\/tbody>\n<\/table>\n<h3>Optativas<\/h3>\n<table class=\"wikitable\">\n<tbody>\n<tr>\n<th>C\u00f3digo<\/th>\n<th>Disciplina<\/th>\n<th>Ementa<\/th>\n<th>Programa<\/th>\n<\/tr>\n<tr>\n<td>TC-083<\/td>\n<td><a title=\"TC-083 Patologia e Recupera\u00e7\u00e3o de Estruturas\" href=\"https:\/\/dcc.ufpr.br\/mediawiki\/index.php\/TC-083_Patologia_e_Recupera%C3%A7%C3%A3o_de_Estruturas\">Patologia e Recupera\u00e7\u00e3o de Estruturas<\/a><\/td>\n<td>\n<div class=\"center\">\n<div class=\"floatnone\"><a title=\"M\u00eddia:TC083 ficha F1.pdf\" href=\"https:\/\/dcc.ufpr.br\/mediawiki\/index.php\/M%C3%ADdia:TC083_ficha_F1.pdf\"><img loading=\"lazy\" decoding=\"async\" src=\"https:\/\/dcc.ufpr.br\/mediawiki\/images\/thumb\/6\/64\/Fileicon-pdf.png\/40px-Fileicon-pdf.png\" alt=\"Fileicon-pdf.png\" width=\"40\" height=\"40\" \/><\/a><\/div>\n<\/div>\n<\/td>\n<td>\n<div class=\"center\">\n<div class=\"floatnone\"><a title=\"M\u00eddia:TC083 ficha F2.pdf\" href=\"https:\/\/dcc.ufpr.br\/mediawiki\/index.php\/M%C3%ADdia:TC083_ficha_F2.pdf\"><img loading=\"lazy\" decoding=\"async\" src=\"https:\/\/dcc.ufpr.br\/mediawiki\/images\/thumb\/6\/64\/Fileicon-pdf.png\/40px-Fileicon-pdf.png\" alt=\"Fileicon-pdf.png\" width=\"40\" height=\"40\" \/><\/a><\/div>\n<\/div>\n<\/td>\n<\/tr>\n<tr>\n<td>TC-085<\/td>\n<td><a title=\"TC-085 Monitoramento eco-eficiente e durabilidade de estruturas de concreto\" href=\"https:\/\/dcc.ufpr.br\/mediawiki\/index.php\/TC-085_Monitoramento_eco-eficiente_e_durabilidade_de_estruturas_de_concreto\">Monitoramento eco-eficiente e durabilidade de estruturas de concreto<\/a><\/td>\n<td>\n<div class=\"center\">\n<div class=\"floatnone\"><a title=\"M\u00eddia:TC085 ficha F1.pdf\" href=\"https:\/\/dcc.ufpr.br\/mediawiki\/index.php\/M%C3%ADdia:TC085_ficha_F1.pdf\"><img loading=\"lazy\" decoding=\"async\" src=\"https:\/\/dcc.ufpr.br\/mediawiki\/images\/thumb\/6\/64\/Fileicon-pdf.png\/40px-Fileicon-pdf.png\" alt=\"Fileicon-pdf.png\" width=\"40\" height=\"40\" \/><\/a><\/div>\n<\/div>\n<\/td>\n<td>\n<div class=\"center\">\n<div class=\"floatnone\"><a title=\"M\u00eddia:TC085 ficha F2.pdf\" href=\"https:\/\/dcc.ufpr.br\/mediawiki\/index.php\/M%C3%ADdia:TC085_ficha_F2.pdf\"><img loading=\"lazy\" decoding=\"async\" src=\"https:\/\/dcc.ufpr.br\/mediawiki\/images\/thumb\/6\/64\/Fileicon-pdf.png\/40px-Fileicon-pdf.png\" alt=\"Fileicon-pdf.png\" width=\"40\" height=\"40\" \/><\/a><\/div>\n<\/div>\n<\/td>\n<\/tr>\n<\/tbody>\n<\/table>\n","protected":false},"excerpt":{"rendered":"<p>Disciplinas da \u00e1rea de Materiais Obrigat\u00f3rias C\u00f3digo Disciplina Ementa Programa TC-030 Materiais de Constru\u00e7\u00e3o Civil I TC-031 Materiais de Constru\u00e7\u00e3o Civil II TC-034 Materiais de Constru\u00e7\u00e3o Civil III TC-039 Laborat\u00f3rio de Materiais de Constru\u00e7\u00e3o Optativas C\u00f3digo Disciplina Ementa Programa TC-083 Patologia e Recupera\u00e7\u00e3o de Estruturas TC-085 Monitoramento eco-eficiente e durabilidade de estruturas de concreto<\/p>\n","protected":false},"author":1,"featured_media":0,"parent":16,"menu_order":3,"comment_status":"closed","ping_status":"closed","template":"","meta":{"footnotes":""},"class_list":["post-639","page","type-page","status-publish","hentry"],"aioseo_notices":[],"_links":{"self":[{"href":"https:\/\/dcc.ufpr.br\/index.php\/wp-json\/wp\/v2\/pages\/639","targetHints":{"allow":["GET"]}}],"collection":[{"href":"https:\/\/dcc.ufpr.br\/index.php\/wp-json\/wp\/v2\/pages"}],"about":[{"href":"https:\/\/dcc.ufpr.br\/index.php\/wp-json\/wp\/v2\/types\/page"}],"author":[{"embeddable":true,"href":"https:\/\/dcc.ufpr.br\/index.php\/wp-json\/wp\/v2\/users\/1"}],"replies":[{"embeddable":true,"href":"https:\/\/dcc.ufpr.br\/index.php\/wp-json\/wp\/v2\/comments?post=639"}],"version-history":[{"count":1,"href":"https:\/\/dcc.ufpr.br\/index.php\/wp-json\/wp\/v2\/pages\/639\/revisions"}],"predecessor-version":[{"id":640,"href":"https:\/\/dcc.ufpr.br\/index.php\/wp-json\/wp\/v2\/pages\/639\/revisions\/640"}],"up":[{"embeddable":true,"href":"https:\/\/dcc.ufpr.br\/index.php\/wp-json\/wp\/v2\/pages\/16"}],"wp:attachment":[{"href":"https:\/\/dcc.ufpr.br\/index.php\/wp-json\/wp\/v2\/media?parent=639"}],"curies":[{"name":"wp","href":"https:\/\/api.w.org\/{rel}","templated":true}]}}