{"id":634,"date":"2019-02-14T10:14:17","date_gmt":"2019-02-14T12:14:17","guid":{"rendered":"https:\/\/dcc.ufpr.br\/?page_id=634"},"modified":"2019-02-14T10:14:17","modified_gmt":"2019-02-14T12:14:17","slug":"geotecnia","status":"publish","type":"page","link":"https:\/\/dcc.ufpr.br\/index.php\/disciplinas\/geotecnia\/","title":{"rendered":"Geotecnia"},"content":{"rendered":"<h2>Disciplinas da \u00e1rea de Geotecnia<\/h2>\n<h3>Obrigat\u00f3rias<\/h3>\n<table class=\"wikitable\">\n<tbody>\n<tr>\n<th style=\"width: 50px;\">C\u00f3digo<\/th>\n<th style=\"width: 360px;\">Disciplina<\/th>\n<th style=\"width: 53px;\">Ementa<\/th>\n<th style=\"width: 69px;\">Programa<\/th>\n<\/tr>\n<tr>\n<td style=\"width: 50px;\">TC-029<\/td>\n<td style=\"width: 360px;\"><a title=\"TC-029 Introdu\u00e7\u00e3o \u00e0 Engenharia Geot\u00e9cnica\" href=\"https:\/\/dcc.ufpr.br\/index.php\/disciplinas\/introducao-a-engenharia-geotecnica\/\">Introdu\u00e7\u00e3o \u00e0 Engenharia Geot\u00e9cnica<\/a><\/td>\n<td style=\"width: 53px;\">\n<div class=\"center\">\n<div class=\"floatnone\"><a title=\"M\u00eddia:TC029 ficha F1.pdf\" href=\"https:\/\/dcc.ufpr.br\/mediawiki\/index.php\/M%C3%ADdia:TC029_ficha_F1.pdf\"><img loading=\"lazy\" decoding=\"async\" src=\"https:\/\/dcc.ufpr.br\/mediawiki\/images\/thumb\/6\/64\/Fileicon-pdf.png\/40px-Fileicon-pdf.png\" alt=\"Fileicon-pdf.png\" width=\"40\" height=\"40\" \/><\/a><\/div>\n<\/div>\n<\/td>\n<td style=\"width: 69px;\">\n<div class=\"center\">\n<div class=\"floatnone\"><a title=\"M\u00eddia:TC029 ficha F2R.pdf\" href=\"https:\/\/dcc.ufpr.br\/mediawiki\/index.php\/M%C3%ADdia:TC029_ficha_F2R.pdf\"><img loading=\"lazy\" decoding=\"async\" src=\"https:\/\/dcc.ufpr.br\/mediawiki\/images\/thumb\/6\/64\/Fileicon-pdf.png\/40px-Fileicon-pdf.png\" alt=\"Fileicon-pdf.png\" width=\"40\" height=\"40\" \/><\/a><\/div>\n<\/div>\n<\/td>\n<\/tr>\n<tr>\n<td style=\"width: 50px;\">TC-033<\/td>\n<td style=\"width: 360px;\"><a title=\"TC-033 Laborat\u00f3rio de Mec\u00e2nica dos Solos\" href=\"https:\/\/dcc.ufpr.br\/index.php\/disciplinas\/laboratorio-de-mecanica-dos-solos\/\">Laborat\u00f3rio de Mec\u00e2nica dos Solos<\/a><\/td>\n<td style=\"width: 53px;\">\n<div class=\"center\">\n<div class=\"floatnone\"><a title=\"M\u00eddia:TC033 ficha F1.pdf\" href=\"https:\/\/dcc.ufpr.br\/mediawiki\/index.php\/M%C3%ADdia:TC033_ficha_F1.pdf\"><img loading=\"lazy\" decoding=\"async\" src=\"https:\/\/dcc.ufpr.br\/mediawiki\/images\/thumb\/6\/64\/Fileicon-pdf.png\/40px-Fileicon-pdf.png\" alt=\"Fileicon-pdf.png\" width=\"40\" height=\"40\" \/><\/a><\/div>\n<\/div>\n<\/td>\n<td style=\"width: 69px;\">\n<div class=\"center\">\n<div class=\"floatnone\"><a title=\"M\u00eddia:TC033 ficha F2 2017.pdf\" href=\"https:\/\/dcc.ufpr.br\/mediawiki\/index.php\/M%C3%ADdia:TC033_ficha_F2_2017.pdf\"><img loading=\"lazy\" decoding=\"async\" src=\"https:\/\/dcc.ufpr.br\/mediawiki\/images\/thumb\/6\/64\/Fileicon-pdf.png\/40px-Fileicon-pdf.png\" alt=\"Fileicon-pdf.png\" width=\"40\" height=\"40\" \/><\/a><\/div>\n<\/div>\n<\/td>\n<\/tr>\n<tr>\n<td style=\"width: 50px;\">TC-035<\/td>\n<td style=\"width: 360px;\"><a title=\"TC-035 Mec\u00e2nica dos Solos\" href=\"https:\/\/dcc.ufpr.br\/index.php\/disciplinas\/mecanica-dos-solos\/\">Mec\u00e2nica dos Solos<\/a><\/td>\n<td style=\"width: 53px;\">\n<div class=\"center\">\n<div class=\"floatnone\"><a title=\"M\u00eddia:TC035 ficha F1.pdf\" href=\"https:\/\/dcc.ufpr.br\/mediawiki\/index.php\/M%C3%ADdia:TC035_ficha_F1.pdf\"><img loading=\"lazy\" decoding=\"async\" src=\"https:\/\/dcc.ufpr.br\/mediawiki\/images\/thumb\/6\/64\/Fileicon-pdf.png\/40px-Fileicon-pdf.png\" alt=\"Fileicon-pdf.png\" width=\"40\" height=\"40\" \/><\/a><\/div>\n<\/div>\n<\/td>\n<td style=\"width: 69px;\">\n<div class=\"center\">\n<div class=\"floatnone\"><a title=\"M\u00eddia:TC035 ficha F2 2017.pdf\" href=\"https:\/\/dcc.ufpr.br\/mediawiki\/index.php\/M%C3%ADdia:TC035_ficha_F2_2017.pdf\"><img loading=\"lazy\" decoding=\"async\" src=\"https:\/\/dcc.ufpr.br\/mediawiki\/images\/thumb\/6\/64\/Fileicon-pdf.png\/40px-Fileicon-pdf.png\" alt=\"Fileicon-pdf.png\" width=\"40\" height=\"40\" \/><\/a><\/div>\n<\/div>\n<\/td>\n<\/tr>\n<tr>\n<td style=\"width: 50px;\">TC-041<\/td>\n<td style=\"width: 360px;\"><a title=\"TC-041 Geotecnia de Funda\u00e7\u00f5es\" href=\"https:\/\/dcc.ufpr.br\/index.php\/disciplinas\/geotecnia-de-fundacoes\/\">Geotecnia de Funda\u00e7\u00f5es<\/a><\/td>\n<td style=\"width: 53px;\">\n<div class=\"center\">\n<div class=\"floatnone\"><a title=\"M\u00eddia:TC041 ficha F1.pdf\" href=\"https:\/\/dcc.ufpr.br\/mediawiki\/index.php\/M%C3%ADdia:TC041_ficha_F1.pdf\"><img loading=\"lazy\" decoding=\"async\" src=\"https:\/\/dcc.ufpr.br\/mediawiki\/images\/thumb\/6\/64\/Fileicon-pdf.png\/40px-Fileicon-pdf.png\" alt=\"Fileicon-pdf.png\" width=\"40\" height=\"40\" \/><\/a><\/div>\n<\/div>\n<\/td>\n<td style=\"width: 69px;\">\n<div class=\"center\">\n<div class=\"floatnone\"><a title=\"M\u00eddia:TC041 ficha F2.pdf\" href=\"https:\/\/dcc.ufpr.br\/mediawiki\/index.php\/M%C3%ADdia:TC041_ficha_F2.pdf\"><img loading=\"lazy\" decoding=\"async\" src=\"https:\/\/dcc.ufpr.br\/mediawiki\/images\/thumb\/6\/64\/Fileicon-pdf.png\/40px-Fileicon-pdf.png\" alt=\"Fileicon-pdf.png\" width=\"40\" height=\"40\" \/><\/a><\/div>\n<\/div>\n<\/td>\n<\/tr>\n<tr>\n<td style=\"width: 50px;\">TC-066<\/td>\n<td style=\"width: 360px;\"><a title=\"TC-066 Obras Geot\u00e9cnicas\" href=\"https:\/\/dcc.ufpr.br\/index.php\/disciplinas\/obras-geotecnicas\/\">Obras Geot\u00e9cnicas<\/a><\/td>\n<td style=\"width: 53px;\">\n<div class=\"center\">\n<div class=\"floatnone\"><a title=\"M\u00eddia:TC066 ficha F1.pdf\" href=\"https:\/\/dcc.ufpr.br\/mediawiki\/index.php\/M%C3%ADdia:TC066_ficha_F1.pdf\"><img loading=\"lazy\" decoding=\"async\" src=\"https:\/\/dcc.ufpr.br\/mediawiki\/images\/thumb\/6\/64\/Fileicon-pdf.png\/40px-Fileicon-pdf.png\" alt=\"Fileicon-pdf.png\" width=\"40\" height=\"40\" \/><\/a><\/div>\n<\/div>\n<\/td>\n<td style=\"width: 69px;\">\n<div class=\"center\">\n<div class=\"floatnone\"><a title=\"M\u00eddia:TC066 ficha F2 R1.pdf\" href=\"https:\/\/dcc.ufpr.br\/mediawiki\/index.php\/M%C3%ADdia:TC066_ficha_F2_R1.pdf\"><img loading=\"lazy\" decoding=\"async\" src=\"https:\/\/dcc.ufpr.br\/mediawiki\/images\/thumb\/6\/64\/Fileicon-pdf.png\/40px-Fileicon-pdf.png\" alt=\"Fileicon-pdf.png\" width=\"40\" height=\"40\" \/><\/a><\/div>\n<\/div>\n<\/td>\n<\/tr>\n<\/tbody>\n<\/table>\n<h3>Optativas<\/h3>\n<table class=\"wikitable\">\n<tbody>\n<tr>\n<th style=\"width: 50px;\">C\u00f3digo<\/th>\n<th style=\"width: 286px;\">Disciplina<\/th>\n<th style=\"width: 53px;\">Ementa<\/th>\n<th style=\"width: 69px;\">Programa<\/th>\n<\/tr>\n<tr>\n<td style=\"width: 50px;\">TC-019<\/td>\n<td style=\"width: 286px;\"><a title=\"TC-019 Geotecnia Ambiental\" href=\"https:\/\/dcc.ufpr.br\/mediawiki\/index.php\/TC-019_Geotecnia_Ambiental\">Geotecnia Ambiental<\/a><\/td>\n<td style=\"width: 53px;\">?<\/td>\n<td style=\"width: 69px;\">\n<div class=\"center\">\n<div class=\"floatnone\"><a title=\"M\u00eddia:TC019 ficha F2.pdf\" href=\"https:\/\/dcc.ufpr.br\/mediawiki\/index.php\/M%C3%ADdia:TC019_ficha_F2.pdf\"><img loading=\"lazy\" decoding=\"async\" src=\"https:\/\/dcc.ufpr.br\/mediawiki\/images\/thumb\/6\/64\/Fileicon-pdf.png\/40px-Fileicon-pdf.png\" alt=\"Fileicon-pdf.png\" width=\"40\" height=\"40\" \/><\/a><\/div>\n<\/div>\n<\/td>\n<\/tr>\n<tr>\n<td style=\"width: 50px;\">TC-048<\/td>\n<td style=\"width: 286px;\">T\u00f3picos Avan\u00e7ados em Geotecnia<\/td>\n<td style=\"width: 53px;\">\n<div class=\"center\">\n<div class=\"floatnone\"><a title=\"M\u00eddia:TC048 ficha F1.pdf\" href=\"https:\/\/dcc.ufpr.br\/mediawiki\/index.php\/M%C3%ADdia:TC048_ficha_F1.pdf\"><img loading=\"lazy\" decoding=\"async\" src=\"https:\/\/dcc.ufpr.br\/mediawiki\/images\/thumb\/6\/64\/Fileicon-pdf.png\/40px-Fileicon-pdf.png\" alt=\"Fileicon-pdf.png\" width=\"40\" height=\"40\" \/><\/a><\/div>\n<\/div>\n<\/td>\n<td style=\"width: 69px;\">\n<div class=\"center\">\n<div class=\"floatnone\"><a title=\"M\u00eddia:TC048 ficha F2.pdf\" href=\"https:\/\/dcc.ufpr.br\/mediawiki\/index.php\/M%C3%ADdia:TC048_ficha_F2.pdf\"><img loading=\"lazy\" decoding=\"async\" src=\"https:\/\/dcc.ufpr.br\/mediawiki\/images\/thumb\/6\/64\/Fileicon-pdf.png\/40px-Fileicon-pdf.png\" alt=\"Fileicon-pdf.png\" width=\"40\" height=\"40\" \/><\/a><\/div>\n<\/div>\n<\/td>\n<\/tr>\n<tr>\n<td style=\"width: 50px;\">TC-053<\/td>\n<td style=\"width: 286px;\"><a title=\"TC-053 Geotecnia Ambiental\" href=\"https:\/\/dcc.ufpr.br\/mediawiki\/index.php\/TC-053_Geotecnia_Ambiental\">Geotecnia Ambiental<\/a><\/td>\n<td style=\"width: 53px;\">\n<div class=\"center\">\n<div class=\"floatnone\"><a title=\"M\u00eddia:TC053 ficha F1.pdf\" href=\"https:\/\/dcc.ufpr.br\/mediawiki\/index.php\/M%C3%ADdia:TC053_ficha_F1.pdf\"><img loading=\"lazy\" decoding=\"async\" src=\"https:\/\/dcc.ufpr.br\/mediawiki\/images\/thumb\/6\/64\/Fileicon-pdf.png\/40px-Fileicon-pdf.png\" alt=\"Fileicon-pdf.png\" width=\"40\" height=\"40\" \/><\/a><\/div>\n<\/div>\n<\/td>\n<td style=\"width: 69px;\">\n<div class=\"center\">\n<div class=\"floatnone\"><a title=\"M\u00eddia:TC053 ficha F2.pdf\" href=\"https:\/\/dcc.ufpr.br\/mediawiki\/index.php\/M%C3%ADdia:TC053_ficha_F2.pdf\"><img loading=\"lazy\" decoding=\"async\" src=\"https:\/\/dcc.ufpr.br\/mediawiki\/images\/thumb\/6\/64\/Fileicon-pdf.png\/40px-Fileicon-pdf.png\" alt=\"Fileicon-pdf.png\" width=\"40\" height=\"40\" \/><\/a><\/div>\n<\/div>\n<\/td>\n<\/tr>\n<tr>\n<td style=\"width: 50px;\">TC-067<\/td>\n<td style=\"width: 286px;\">T\u00f3picos Avan\u00e7ados em Geotecnia Ambiental<\/td>\n<td style=\"width: 53px;\">\n<div class=\"center\">\n<div class=\"floatnone\"><a title=\"M\u00eddia:TC067 ficha F1.pdf\" href=\"https:\/\/dcc.ufpr.br\/mediawiki\/index.php\/M%C3%ADdia:TC067_ficha_F1.pdf\"><img loading=\"lazy\" decoding=\"async\" src=\"https:\/\/dcc.ufpr.br\/mediawiki\/images\/thumb\/6\/64\/Fileicon-pdf.png\/40px-Fileicon-pdf.png\" alt=\"Fileicon-pdf.png\" width=\"40\" height=\"40\" \/><\/a><\/div>\n<\/div>\n<\/td>\n<td style=\"width: 69px;\">\n<div class=\"center\">\n<div class=\"floatnone\"><a title=\"M\u00eddia:TC067 ficha F2.pdf\" href=\"https:\/\/dcc.ufpr.br\/mediawiki\/index.php\/M%C3%ADdia:TC067_ficha_F2.pdf\"><img loading=\"lazy\" decoding=\"async\" src=\"https:\/\/dcc.ufpr.br\/mediawiki\/images\/thumb\/6\/64\/Fileicon-pdf.png\/40px-Fileicon-pdf.png\" alt=\"Fileicon-pdf.png\" width=\"40\" height=\"40\" \/><\/a><\/div>\n<\/div>\n<\/td>\n<\/tr>\n<tr>\n<td style=\"width: 50px;\">TC-070<\/td>\n<td style=\"width: 286px;\"><a title=\"TC-070 Barragens de Terra e Enrocamento\" href=\"https:\/\/dcc.ufpr.br\/mediawiki\/index.php\/TC-070_Barragens_de_Terra_e_Enrocamento\">Barragens de Terra e Enrocamento<\/a><\/td>\n<td style=\"width: 53px;\">\n<div class=\"center\">\n<div class=\"floatnone\"><a title=\"M\u00eddia:TC070 ficha F1.pdf\" href=\"https:\/\/dcc.ufpr.br\/mediawiki\/index.php\/M%C3%ADdia:TC070_ficha_F1.pdf\"><img loading=\"lazy\" decoding=\"async\" src=\"https:\/\/dcc.ufpr.br\/mediawiki\/images\/thumb\/6\/64\/Fileicon-pdf.png\/40px-Fileicon-pdf.png\" alt=\"Fileicon-pdf.png\" width=\"40\" height=\"40\" \/><\/a><\/div>\n<\/div>\n<\/td>\n<td style=\"width: 69px;\">\n<div class=\"center\">\n<div class=\"floatnone\"><a title=\"M\u00eddia:TC070 ficha F2 R1.pdf\" href=\"https:\/\/dcc.ufpr.br\/mediawiki\/index.php\/M%C3%ADdia:TC070_ficha_F2_R1.pdf\"><img loading=\"lazy\" decoding=\"async\" src=\"https:\/\/dcc.ufpr.br\/mediawiki\/images\/thumb\/6\/64\/Fileicon-pdf.png\/40px-Fileicon-pdf.png\" alt=\"Fileicon-pdf.png\" width=\"40\" height=\"40\" \/><\/a><\/div>\n<\/div>\n<\/td>\n<\/tr>\n<\/tbody>\n<\/table>\n","protected":false},"excerpt":{"rendered":"<p>Disciplinas da \u00e1rea de Geotecnia Obrigat\u00f3rias C\u00f3digo Disciplina Ementa Programa TC-029 Introdu\u00e7\u00e3o \u00e0 Engenharia Geot\u00e9cnica TC-033 Laborat\u00f3rio de Mec\u00e2nica dos Solos TC-035 Mec\u00e2nica dos Solos TC-041 Geotecnia de Funda\u00e7\u00f5es TC-066 Obras Geot\u00e9cnicas Optativas C\u00f3digo Disciplina Ementa Programa TC-019 Geotecnia Ambiental ? TC-048 T\u00f3picos Avan\u00e7ados em Geotecnia TC-053 Geotecnia Ambiental TC-067 T\u00f3picos Avan\u00e7ados em Geotecnia Ambiental [&hellip;]<\/p>\n","protected":false},"author":1,"featured_media":0,"parent":16,"menu_order":2,"comment_status":"closed","ping_status":"closed","template":"","meta":{"footnotes":""},"class_list":["post-634","page","type-page","status-publish","hentry"],"aioseo_notices":[],"_links":{"self":[{"href":"https:\/\/dcc.ufpr.br\/index.php\/wp-json\/wp\/v2\/pages\/634","targetHints":{"allow":["GET"]}}],"collection":[{"href":"https:\/\/dcc.ufpr.br\/index.php\/wp-json\/wp\/v2\/pages"}],"about":[{"href":"https:\/\/dcc.ufpr.br\/index.php\/wp-json\/wp\/v2\/types\/page"}],"author":[{"embeddable":true,"href":"https:\/\/dcc.ufpr.br\/index.php\/wp-json\/wp\/v2\/users\/1"}],"replies":[{"embeddable":true,"href":"https:\/\/dcc.ufpr.br\/index.php\/wp-json\/wp\/v2\/comments?post=634"}],"version-history":[{"count":1,"href":"https:\/\/dcc.ufpr.br\/index.php\/wp-json\/wp\/v2\/pages\/634\/revisions"}],"predecessor-version":[{"id":637,"href":"https:\/\/dcc.ufpr.br\/index.php\/wp-json\/wp\/v2\/pages\/634\/revisions\/637"}],"up":[{"embeddable":true,"href":"https:\/\/dcc.ufpr.br\/index.php\/wp-json\/wp\/v2\/pages\/16"}],"wp:attachment":[{"href":"https:\/\/dcc.ufpr.br\/index.php\/wp-json\/wp\/v2\/media?parent=634"}],"curies":[{"name":"wp","href":"https:\/\/api.w.org\/{rel}","templated":true}]}}