{"id":628,"date":"2019-02-14T08:48:45","date_gmt":"2019-02-14T10:48:45","guid":{"rendered":"https:\/\/dcc.ufpr.br\/?page_id=628"},"modified":"2019-02-14T10:12:40","modified_gmt":"2019-02-14T12:12:40","slug":"estruturas","status":"publish","type":"page","link":"https:\/\/dcc.ufpr.br\/index.php\/disciplinas\/estruturas\/","title":{"rendered":"Estruturas"},"content":{"rendered":"<h2>Disciplinas da \u00e1rea de Estruturas<\/h2>\n<h3>Obrigat\u00f3rias<\/h3>\n<table class=\"wikitable\">\n<tbody>\n<tr>\n<th style=\"width: 50px;\">C\u00f3digo<\/th>\n<th style=\"width: 360px;\">Disciplina<\/th>\n<th style=\"width: 53px;\">Ementa<\/th>\n<th style=\"width: 69px;\">Programa<\/th>\n<\/tr>\n<tr>\n<td style=\"width: 50px;\">TC-021<\/td>\n<td style=\"width: 360px;\"><a title=\"TC-021 Mec\u00e2nica Geral I\" href=\"https:\/\/dcc.ufpr.br\/index.php\/disciplinas\/mecanica-geral\/\">Mec\u00e2nica Geral I<\/a><\/td>\n<td style=\"width: 53px;\">\n<div class=\"center\">\n<div class=\"floatnone\"><a title=\"M\u00eddia:TC021 ficha F1.pdf\" href=\"https:\/\/dcc.ufpr.br\/mediawiki\/index.php\/M%C3%ADdia:TC021_ficha_F1.pdf\"><img loading=\"lazy\" decoding=\"async\" src=\"https:\/\/dcc.ufpr.br\/mediawiki\/images\/thumb\/6\/64\/Fileicon-pdf.png\/40px-Fileicon-pdf.png\" alt=\"Fileicon-pdf.png\" width=\"40\" height=\"40\" \/><\/a><\/div>\n<\/div>\n<\/td>\n<td style=\"width: 69px;\">\n<div class=\"center\">\n<div class=\"floatnone\"><a title=\"M\u00eddia:TC021 ficha F2.pdf\" href=\"https:\/\/dcc.ufpr.br\/mediawiki\/index.php\/M%C3%ADdia:TC021_ficha_F2.pdf\"><img loading=\"lazy\" decoding=\"async\" src=\"https:\/\/dcc.ufpr.br\/mediawiki\/images\/thumb\/6\/64\/Fileicon-pdf.png\/40px-Fileicon-pdf.png\" alt=\"Fileicon-pdf.png\" width=\"40\" height=\"40\" \/><\/a><\/div>\n<\/div>\n<\/td>\n<\/tr>\n<tr>\n<td style=\"width: 50px;\">TC-023<\/td>\n<td style=\"width: 360px;\"><a class=\"external text\" href=\"https:\/\/dcc.ufpr.br\/index.php\/disciplinas\/mecanica-geral-ii\/\" rel=\"nofollow\">Mec\u00e2nica Geral II<\/a><\/td>\n<td style=\"width: 53px;\">\n<div class=\"center\">\n<div class=\"floatnone\"><a title=\"M\u00eddia:TC023 ficha F1.pdf\" href=\"https:\/\/dcc.ufpr.br\/mediawiki\/index.php\/M%C3%ADdia:TC023_ficha_F1.pdf\"><img loading=\"lazy\" decoding=\"async\" src=\"https:\/\/dcc.ufpr.br\/mediawiki\/images\/thumb\/6\/64\/Fileicon-pdf.png\/40px-Fileicon-pdf.png\" alt=\"Fileicon-pdf.png\" width=\"40\" height=\"40\" \/><\/a><\/div>\n<\/div>\n<\/td>\n<td style=\"width: 69px;\">\n<div class=\"center\">\n<div class=\"floatnone\"><a title=\"M\u00eddia:TC023 ficha F2.pdf\" href=\"https:\/\/dcc.ufpr.br\/mediawiki\/index.php\/M%C3%ADdia:TC023_ficha_F2.pdf\"><img loading=\"lazy\" decoding=\"async\" src=\"https:\/\/dcc.ufpr.br\/mediawiki\/images\/thumb\/6\/64\/Fileicon-pdf.png\/40px-Fileicon-pdf.png\" alt=\"Fileicon-pdf.png\" width=\"40\" height=\"40\" \/><\/a><\/div>\n<\/div>\n<\/td>\n<\/tr>\n<tr>\n<td style=\"width: 50px;\">TC-026<\/td>\n<td style=\"width: 360px;\"><a class=\"external text\" href=\"http:\/\/www.estruturas.ufpr.br\/disciplinas\/graduacao\/resistencia-dos-materiais\" rel=\"nofollow\">Resist\u00eancia dos Materiais I<\/a><\/td>\n<td style=\"width: 53px;\">\n<div class=\"center\">\n<div class=\"floatnone\"><a title=\"M\u00eddia:TC026 ficha F1.pdf\" href=\"https:\/\/dcc.ufpr.br\/mediawiki\/index.php\/M%C3%ADdia:TC026_ficha_F1.pdf\"><img loading=\"lazy\" decoding=\"async\" src=\"https:\/\/dcc.ufpr.br\/mediawiki\/images\/thumb\/6\/64\/Fileicon-pdf.png\/40px-Fileicon-pdf.png\" alt=\"Fileicon-pdf.png\" width=\"40\" height=\"40\" \/><\/a><\/div>\n<\/div>\n<\/td>\n<td style=\"width: 69px;\">\n<div class=\"center\">\n<div class=\"floatnone\"><a title=\"M\u00eddia:TC026 ficha F2.pdf\" href=\"https:\/\/dcc.ufpr.br\/mediawiki\/index.php\/M%C3%ADdia:TC026_ficha_F2.pdf\"><img loading=\"lazy\" decoding=\"async\" src=\"https:\/\/dcc.ufpr.br\/mediawiki\/images\/thumb\/6\/64\/Fileicon-pdf.png\/40px-Fileicon-pdf.png\" alt=\"Fileicon-pdf.png\" width=\"40\" height=\"40\" \/><\/a><\/div>\n<\/div>\n<\/td>\n<\/tr>\n<tr>\n<td style=\"width: 50px;\">TC-027<\/td>\n<td style=\"width: 360px;\"><a class=\"external text\" href=\"http:\/\/www.estruturas.ufpr.br\/disciplinas\/graduacao\/mecanica-geral\" rel=\"nofollow\">Mec\u00e2nica Geral III<\/a><\/td>\n<td style=\"width: 53px;\">\n<div class=\"center\">\n<div class=\"floatnone\"><a title=\"M\u00eddia:TC027 ficha F1.pdf\" href=\"https:\/\/dcc.ufpr.br\/mediawiki\/index.php\/M%C3%ADdia:TC027_ficha_F1.pdf\"><img loading=\"lazy\" decoding=\"async\" src=\"https:\/\/dcc.ufpr.br\/mediawiki\/images\/thumb\/6\/64\/Fileicon-pdf.png\/40px-Fileicon-pdf.png\" alt=\"Fileicon-pdf.png\" width=\"40\" height=\"40\" \/><\/a><\/div>\n<\/div>\n<\/td>\n<td style=\"width: 69px;\">\n<div class=\"center\">\n<div class=\"floatnone\"><a title=\"M\u00eddia:TC027 ficha F2.pdf\" href=\"https:\/\/dcc.ufpr.br\/mediawiki\/index.php\/M%C3%ADdia:TC027_ficha_F2.pdf\"><img loading=\"lazy\" decoding=\"async\" src=\"https:\/\/dcc.ufpr.br\/mediawiki\/images\/thumb\/6\/64\/Fileicon-pdf.png\/40px-Fileicon-pdf.png\" alt=\"Fileicon-pdf.png\" width=\"40\" height=\"40\" \/><\/a><\/div>\n<\/div>\n<\/td>\n<\/tr>\n<tr>\n<td style=\"width: 50px;\">TC-028<\/td>\n<td style=\"width: 360px;\"><a class=\"external text\" href=\"http:\/\/www.estruturas.ufpr.br\/disciplinas\/graduacao\/resistencia-dos-materiais\" rel=\"nofollow\">Resist\u00eancia dos Materiais II<\/a><\/td>\n<td style=\"width: 53px;\">\n<div class=\"center\">\n<div class=\"floatnone\"><a title=\"M\u00eddia:TC028 ficha F1.pdf\" href=\"https:\/\/dcc.ufpr.br\/mediawiki\/index.php\/M%C3%ADdia:TC028_ficha_F1.pdf\"><img loading=\"lazy\" decoding=\"async\" src=\"https:\/\/dcc.ufpr.br\/mediawiki\/images\/thumb\/6\/64\/Fileicon-pdf.png\/40px-Fileicon-pdf.png\" alt=\"Fileicon-pdf.png\" width=\"40\" height=\"40\" \/><\/a><\/div>\n<\/div>\n<\/td>\n<td style=\"width: 69px;\">\n<div class=\"center\">\n<div class=\"floatnone\"><a title=\"M\u00eddia:TC028 ficha F2.pdf\" href=\"https:\/\/dcc.ufpr.br\/mediawiki\/index.php\/M%C3%ADdia:TC028_ficha_F2.pdf\"><img loading=\"lazy\" decoding=\"async\" src=\"https:\/\/dcc.ufpr.br\/mediawiki\/images\/thumb\/6\/64\/Fileicon-pdf.png\/40px-Fileicon-pdf.png\" alt=\"Fileicon-pdf.png\" width=\"40\" height=\"40\" \/><\/a><\/div>\n<\/div>\n<\/td>\n<\/tr>\n<tr>\n<td style=\"width: 50px;\">TC-032<\/td>\n<td style=\"width: 360px;\"><a class=\"external text\" href=\"http:\/\/www.estruturas.ufpr.br\/disciplinas\/graduacao\/mecanica-das-estruturas\" rel=\"nofollow\">Mec\u00e2nica das Estruturas I<\/a><\/td>\n<td style=\"width: 53px;\">\n<div class=\"center\">\n<div class=\"floatnone\"><a title=\"M\u00eddia:TC032 ficha F1.pdf\" href=\"https:\/\/dcc.ufpr.br\/mediawiki\/index.php\/M%C3%ADdia:TC032_ficha_F1.pdf\"><img loading=\"lazy\" decoding=\"async\" src=\"https:\/\/dcc.ufpr.br\/mediawiki\/images\/thumb\/6\/64\/Fileicon-pdf.png\/40px-Fileicon-pdf.png\" alt=\"Fileicon-pdf.png\" width=\"40\" height=\"40\" \/><\/a><\/div>\n<\/div>\n<\/td>\n<td style=\"width: 69px;\">\n<div class=\"center\">\n<div class=\"floatnone\"><a title=\"M\u00eddia:TC032 ficha F2.pdf\" href=\"https:\/\/dcc.ufpr.br\/mediawiki\/index.php\/M%C3%ADdia:TC032_ficha_F2.pdf\"><img loading=\"lazy\" decoding=\"async\" src=\"https:\/\/dcc.ufpr.br\/mediawiki\/images\/thumb\/6\/64\/Fileicon-pdf.png\/40px-Fileicon-pdf.png\" alt=\"Fileicon-pdf.png\" width=\"40\" height=\"40\" \/><\/a><\/div>\n<\/div>\n<\/td>\n<\/tr>\n<tr>\n<td style=\"width: 50px;\">TC-036<\/td>\n<td style=\"width: 360px;\"><a class=\"external text\" href=\"https:\/\/dcc.ufpr.br\/index.php\/disciplinas\/mecanica-das-estruturas-ii\/\" rel=\"nofollow\">Mec\u00e2nica das Estruturas II<\/a><\/td>\n<td style=\"width: 53px;\">\n<div class=\"center\">\n<div class=\"floatnone\"><a title=\"M\u00eddia:TC036 ficha F1.pdf\" href=\"https:\/\/dcc.ufpr.br\/mediawiki\/index.php\/M%C3%ADdia:TC036_ficha_F1.pdf\"><img loading=\"lazy\" decoding=\"async\" src=\"https:\/\/dcc.ufpr.br\/mediawiki\/images\/thumb\/6\/64\/Fileicon-pdf.png\/40px-Fileicon-pdf.png\" alt=\"Fileicon-pdf.png\" width=\"40\" height=\"40\" \/><\/a><\/div>\n<\/div>\n<\/td>\n<td style=\"width: 69px;\">\n<div class=\"center\">\n<div class=\"floatnone\"><a title=\"M\u00eddia:TC036 ficha F2.pdf\" href=\"https:\/\/dcc.ufpr.br\/mediawiki\/index.php\/M%C3%ADdia:TC036_ficha_F2.pdf\"><img loading=\"lazy\" decoding=\"async\" src=\"https:\/\/dcc.ufpr.br\/mediawiki\/images\/thumb\/6\/64\/Fileicon-pdf.png\/40px-Fileicon-pdf.png\" alt=\"Fileicon-pdf.png\" width=\"40\" height=\"40\" \/><\/a><\/div>\n<\/div>\n<\/td>\n<\/tr>\n<tr>\n<td style=\"width: 50px;\">TC-037<\/td>\n<td style=\"width: 360px;\"><a class=\"external text\" href=\"https:\/\/dcc.ufpr.br\/index.php\/disciplinas\/estruturas-de-concreto-i\/\" rel=\"nofollow\">Estruturas de Concreto I<\/a><\/td>\n<td style=\"width: 53px;\">\n<div class=\"center\">\n<div class=\"floatnone\"><a title=\"M\u00eddia:TC037 ficha F1.pdf\" href=\"https:\/\/dcc.ufpr.br\/mediawiki\/index.php\/M%C3%ADdia:TC037_ficha_F1.pdf\"><img loading=\"lazy\" decoding=\"async\" src=\"https:\/\/dcc.ufpr.br\/mediawiki\/images\/thumb\/6\/64\/Fileicon-pdf.png\/40px-Fileicon-pdf.png\" alt=\"Fileicon-pdf.png\" width=\"40\" height=\"40\" \/><\/a><\/div>\n<\/div>\n<\/td>\n<td style=\"width: 69px;\">\n<div class=\"center\">\n<div class=\"floatnone\"><a title=\"M\u00eddia:TC037 ficha F2.pdf\" href=\"https:\/\/dcc.ufpr.br\/mediawiki\/index.php\/M%C3%ADdia:TC037_ficha_F2.pdf\"><img loading=\"lazy\" decoding=\"async\" src=\"https:\/\/dcc.ufpr.br\/mediawiki\/images\/thumb\/6\/64\/Fileicon-pdf.png\/40px-Fileicon-pdf.png\" alt=\"Fileicon-pdf.png\" width=\"40\" height=\"40\" \/><\/a><\/div>\n<\/div>\n<\/td>\n<\/tr>\n<tr>\n<td style=\"width: 50px;\">TC-040<\/td>\n<td style=\"width: 360px;\"><a class=\"external text\" href=\"https:\/\/dcc.ufpr.br\/index.php\/disciplinas\/estruturas-de-concreto-ii\/\" rel=\"nofollow\">Estruturas de Concreto II<\/a><\/td>\n<td style=\"width: 53px;\">\n<div class=\"center\">\n<div class=\"floatnone\"><a title=\"M\u00eddia:TC040 ficha F1.pdf\" href=\"https:\/\/dcc.ufpr.br\/mediawiki\/index.php\/M%C3%ADdia:TC040_ficha_F1.pdf\"><img loading=\"lazy\" decoding=\"async\" src=\"https:\/\/dcc.ufpr.br\/mediawiki\/images\/thumb\/6\/64\/Fileicon-pdf.png\/40px-Fileicon-pdf.png\" alt=\"Fileicon-pdf.png\" width=\"40\" height=\"40\" \/><\/a><\/div>\n<\/div>\n<\/td>\n<td style=\"width: 69px;\">\n<div class=\"center\">\n<div class=\"floatnone\"><a title=\"M\u00eddia:TC040 ficha F2.pdf\" href=\"https:\/\/dcc.ufpr.br\/mediawiki\/index.php\/M%C3%ADdia:TC040_ficha_F2.pdf\"><img loading=\"lazy\" decoding=\"async\" src=\"https:\/\/dcc.ufpr.br\/mediawiki\/images\/thumb\/6\/64\/Fileicon-pdf.png\/40px-Fileicon-pdf.png\" alt=\"Fileicon-pdf.png\" width=\"40\" height=\"40\" \/><\/a><\/div>\n<\/div>\n<\/td>\n<\/tr>\n<tr>\n<td style=\"width: 50px;\">TC-043<\/td>\n<td style=\"width: 360px;\"><a class=\"external text\" href=\"http:\/\/www.estruturas.ufpr.br\/disciplinas\/graduacao\/estruturas-metalicas\" rel=\"nofollow\">Estruturas Met\u00e1licas I<\/a><\/td>\n<td style=\"width: 53px;\">\n<div class=\"center\">\n<div class=\"floatnone\"><a title=\"M\u00eddia:TC043 ficha F1.pdf\" href=\"https:\/\/dcc.ufpr.br\/mediawiki\/index.php\/M%C3%ADdia:TC043_ficha_F1.pdf\"><img loading=\"lazy\" decoding=\"async\" src=\"https:\/\/dcc.ufpr.br\/mediawiki\/images\/thumb\/6\/64\/Fileicon-pdf.png\/40px-Fileicon-pdf.png\" alt=\"Fileicon-pdf.png\" width=\"40\" height=\"40\" \/><\/a><\/div>\n<\/div>\n<\/td>\n<td style=\"width: 69px;\">\n<div class=\"center\">\n<div class=\"floatnone\"><a title=\"M\u00eddia:Ficha2-TC043-estruturasMetalicasI.pdf\" href=\"https:\/\/dcc.ufpr.br\/mediawiki\/index.php\/M%C3%ADdia:Ficha2-TC043-estruturasMetalicasI.pdf\"><img loading=\"lazy\" decoding=\"async\" src=\"https:\/\/dcc.ufpr.br\/mediawiki\/images\/thumb\/6\/64\/Fileicon-pdf.png\/40px-Fileicon-pdf.png\" alt=\"Fileicon-pdf.png\" width=\"40\" height=\"40\" \/><\/a><\/div>\n<\/div>\n<\/td>\n<\/tr>\n<tr>\n<td style=\"width: 50px;\">TC-044<\/td>\n<td style=\"width: 360px;\"><a title=\"TC-044 Estruturas de Edif\u00edcios I\" href=\"https:\/\/dcc.ufpr.br\/index.php\/disciplinas\/estruturas-de-edificios-i\/\">Estruturas de Edif\u00edcios I<\/a><\/td>\n<td style=\"width: 53px;\">\n<div class=\"center\">\n<div class=\"floatnone\"><a title=\"M\u00eddia:TC044 ficha F1.pdf\" href=\"https:\/\/dcc.ufpr.br\/mediawiki\/index.php\/M%C3%ADdia:TC044_ficha_F1.pdf\"><img loading=\"lazy\" decoding=\"async\" src=\"https:\/\/dcc.ufpr.br\/mediawiki\/images\/thumb\/6\/64\/Fileicon-pdf.png\/40px-Fileicon-pdf.png\" alt=\"Fileicon-pdf.png\" width=\"40\" height=\"40\" \/><\/a><\/div>\n<\/div>\n<\/td>\n<td style=\"width: 69px;\">\n<div class=\"center\">\n<div class=\"floatnone\"><a title=\"M\u00eddia:TC044 ficha F2.pdf\" href=\"https:\/\/dcc.ufpr.br\/mediawiki\/index.php\/M%C3%ADdia:TC044_ficha_F2.pdf\"><img loading=\"lazy\" decoding=\"async\" src=\"https:\/\/dcc.ufpr.br\/mediawiki\/images\/thumb\/6\/64\/Fileicon-pdf.png\/40px-Fileicon-pdf.png\" alt=\"Fileicon-pdf.png\" width=\"40\" height=\"40\" \/><\/a><\/div>\n<\/div>\n<\/td>\n<\/tr>\n<\/tbody>\n<\/table>\n<h3>Optativas<\/h3>\n<table class=\"wikitable\">\n<tbody>\n<tr>\n<th style=\"width: 50px;\">C\u00f3digo<\/th>\n<th style=\"width: 427px;\">Disciplina<\/th>\n<th style=\"width: 53px;\">Ementa<\/th>\n<th style=\"width: 69px;\">Programa<\/th>\n<\/tr>\n<tr>\n<td style=\"width: 50px;\">TC-054<\/td>\n<td style=\"width: 427px;\"><a class=\"external text\" href=\"http:\/\/www.estruturas.ufpr.br\/disciplinas\/graduacao\/estruturas-de-concreto\" rel=\"nofollow\">Estruturas de Concreto III<\/a><\/td>\n<td style=\"width: 53px;\">\n<div class=\"center\">\n<div class=\"floatnone\"><a title=\"M\u00eddia:TC054 ficha F1.pdf\" href=\"https:\/\/dcc.ufpr.br\/mediawiki\/index.php\/M%C3%ADdia:TC054_ficha_F1.pdf\"><img loading=\"lazy\" decoding=\"async\" src=\"https:\/\/dcc.ufpr.br\/mediawiki\/images\/thumb\/6\/64\/Fileicon-pdf.png\/40px-Fileicon-pdf.png\" alt=\"Fileicon-pdf.png\" width=\"40\" height=\"40\" \/><\/a><\/div>\n<\/div>\n<\/td>\n<td style=\"width: 69px;\">\n<div class=\"center\">\n<div class=\"floatnone\"><a title=\"M\u00eddia:TC054 ficha F2.pdf\" href=\"https:\/\/dcc.ufpr.br\/mediawiki\/index.php\/M%C3%ADdia:TC054_ficha_F2.pdf\"><img loading=\"lazy\" decoding=\"async\" src=\"https:\/\/dcc.ufpr.br\/mediawiki\/images\/thumb\/6\/64\/Fileicon-pdf.png\/40px-Fileicon-pdf.png\" alt=\"Fileicon-pdf.png\" width=\"40\" height=\"40\" \/><\/a><\/div>\n<\/div>\n<\/td>\n<\/tr>\n<tr>\n<td style=\"width: 50px;\">TC-055<\/td>\n<td style=\"width: 427px;\"><a class=\"external text\" href=\"http:\/\/www.estruturas.ufpr.br\/disciplinas\/graduacao\/estruturas-metalicas\" rel=\"nofollow\">Estruturas Met\u00e1licas II<\/a><\/td>\n<td style=\"width: 53px;\">\n<div class=\"center\">\n<div class=\"floatnone\"><a title=\"M\u00eddia:TC055 ficha F1.pdf\" href=\"https:\/\/dcc.ufpr.br\/mediawiki\/index.php\/M%C3%ADdia:TC055_ficha_F1.pdf\"><img loading=\"lazy\" decoding=\"async\" src=\"https:\/\/dcc.ufpr.br\/mediawiki\/images\/thumb\/6\/64\/Fileicon-pdf.png\/40px-Fileicon-pdf.png\" alt=\"Fileicon-pdf.png\" width=\"40\" height=\"40\" \/><\/a><\/div>\n<\/div>\n<\/td>\n<td style=\"width: 69px;\">\n<div class=\"center\">\n<div class=\"floatnone\"><a title=\"M\u00eddia:TC055 ficha F2.pdf\" href=\"https:\/\/dcc.ufpr.br\/mediawiki\/index.php\/M%C3%ADdia:TC055_ficha_F2.pdf\"><img loading=\"lazy\" decoding=\"async\" src=\"https:\/\/dcc.ufpr.br\/mediawiki\/images\/thumb\/6\/64\/Fileicon-pdf.png\/40px-Fileicon-pdf.png\" alt=\"Fileicon-pdf.png\" width=\"40\" height=\"40\" \/><\/a><\/div>\n<\/div>\n<\/td>\n<\/tr>\n<tr>\n<td style=\"width: 50px;\">TC-056<\/td>\n<td style=\"width: 427px;\"><a title=\"TC-056 Estruturas de Edif\u00edcios II\" href=\"https:\/\/dcc.ufpr.br\/mediawiki\/index.php\/TC-056_Estruturas_de_Edif%C3%ADcios_II\">Estruturas de Edif\u00edcios II<\/a><\/td>\n<td style=\"width: 53px;\">\n<div class=\"center\">\n<div class=\"floatnone\"><a title=\"M\u00eddia:TC056 ficha F1.pdf\" href=\"https:\/\/dcc.ufpr.br\/mediawiki\/index.php\/M%C3%ADdia:TC056_ficha_F1.pdf\"><img loading=\"lazy\" decoding=\"async\" src=\"https:\/\/dcc.ufpr.br\/mediawiki\/images\/thumb\/6\/64\/Fileicon-pdf.png\/40px-Fileicon-pdf.png\" alt=\"Fileicon-pdf.png\" width=\"40\" height=\"40\" \/><\/a><\/div>\n<\/div>\n<\/td>\n<td style=\"width: 69px;\">\n<div class=\"center\">\n<div class=\"floatnone\"><a title=\"M\u00eddia:TC056 ficha F2.pdf\" href=\"https:\/\/dcc.ufpr.br\/mediawiki\/index.php\/M%C3%ADdia:TC056_ficha_F2.pdf\"><img loading=\"lazy\" decoding=\"async\" src=\"https:\/\/dcc.ufpr.br\/mediawiki\/images\/thumb\/6\/64\/Fileicon-pdf.png\/40px-Fileicon-pdf.png\" alt=\"Fileicon-pdf.png\" width=\"40\" height=\"40\" \/><\/a><\/div>\n<\/div>\n<\/td>\n<\/tr>\n<tr>\n<td style=\"width: 50px;\">TC-057<\/td>\n<td style=\"width: 427px;\"><a class=\"external text\" href=\"http:\/\/www.estruturas.ufpr.br\/disciplinas\/graduacao\/estruturas-de-madeira\" rel=\"nofollow\">Estruturas de Madeira<\/a><\/td>\n<td style=\"width: 53px;\">\n<div class=\"center\">\n<div class=\"floatnone\"><a title=\"M\u00eddia:TC057 ficha F1.pdf\" href=\"https:\/\/dcc.ufpr.br\/mediawiki\/index.php\/M%C3%ADdia:TC057_ficha_F1.pdf\"><img loading=\"lazy\" decoding=\"async\" src=\"https:\/\/dcc.ufpr.br\/mediawiki\/images\/thumb\/6\/64\/Fileicon-pdf.png\/40px-Fileicon-pdf.png\" alt=\"Fileicon-pdf.png\" width=\"40\" height=\"40\" \/><\/a><\/div>\n<\/div>\n<\/td>\n<td style=\"width: 69px;\">\n<div class=\"center\">\n<div class=\"floatnone\"><a title=\"M\u00eddia:TC057 ficha F2.pdf\" href=\"https:\/\/dcc.ufpr.br\/mediawiki\/index.php\/M%C3%ADdia:TC057_ficha_F2.pdf\"><img loading=\"lazy\" decoding=\"async\" src=\"https:\/\/dcc.ufpr.br\/mediawiki\/images\/thumb\/6\/64\/Fileicon-pdf.png\/40px-Fileicon-pdf.png\" alt=\"Fileicon-pdf.png\" width=\"40\" height=\"40\" \/><\/a><\/div>\n<\/div>\n<\/td>\n<\/tr>\n<tr>\n<td style=\"width: 50px;\">TC-058<\/td>\n<td style=\"width: 427px;\"><a title=\"TC-058 Pontes e Estruturas Especiais\" href=\"https:\/\/dcc.ufpr.br\/mediawiki\/index.php\/TC-058_Pontes_e_Estruturas_Especiais\">Pontes e Estruturas Especiais<\/a><\/td>\n<td style=\"width: 53px;\">\n<div class=\"center\">\n<div class=\"floatnone\"><a title=\"M\u00eddia:TC058 ficha F1.pdf\" href=\"https:\/\/dcc.ufpr.br\/mediawiki\/index.php\/M%C3%ADdia:TC058_ficha_F1.pdf\"><img loading=\"lazy\" decoding=\"async\" src=\"https:\/\/dcc.ufpr.br\/mediawiki\/images\/thumb\/6\/64\/Fileicon-pdf.png\/40px-Fileicon-pdf.png\" alt=\"Fileicon-pdf.png\" width=\"40\" height=\"40\" \/><\/a><\/div>\n<\/div>\n<\/td>\n<td style=\"width: 69px;\">\n<div class=\"center\">\n<div class=\"floatnone\"><a title=\"M\u00eddia:TC058 ficha F2.pdf\" href=\"https:\/\/dcc.ufpr.br\/mediawiki\/index.php\/M%C3%ADdia:TC058_ficha_F2.pdf\"><img loading=\"lazy\" decoding=\"async\" src=\"https:\/\/dcc.ufpr.br\/mediawiki\/images\/thumb\/6\/64\/Fileicon-pdf.png\/40px-Fileicon-pdf.png\" alt=\"Fileicon-pdf.png\" width=\"40\" height=\"40\" \/><\/a><\/div>\n<\/div>\n<\/td>\n<\/tr>\n<tr>\n<td style=\"width: 50px;\">TC-059<\/td>\n<td style=\"width: 427px;\"><a class=\"external text\" href=\"http:\/\/www.estruturas.ufpr.br\/disciplinas\/graduacao\/metodo-dos-elementos-finitos-aplicados-a-engenharia-de-estruturas\/\" rel=\"nofollow\">M\u00e9todo dos Elementos Finitos Aplicado \u00e0 Engenharia de Estruturas<\/a><\/td>\n<td style=\"width: 53px;\">\n<div class=\"center\">\n<div class=\"floatnone\"><a title=\"M\u00eddia:TC059 ficha F1.pdf\" href=\"https:\/\/dcc.ufpr.br\/mediawiki\/index.php\/M%C3%ADdia:TC059_ficha_F1.pdf\"><img loading=\"lazy\" decoding=\"async\" src=\"https:\/\/dcc.ufpr.br\/mediawiki\/images\/thumb\/6\/64\/Fileicon-pdf.png\/40px-Fileicon-pdf.png\" alt=\"Fileicon-pdf.png\" width=\"40\" height=\"40\" \/><\/a><\/div>\n<\/div>\n<\/td>\n<td style=\"width: 69px;\">\n<div class=\"center\">\n<div class=\"floatnone\"><a title=\"M\u00eddia:Ficha2-TC059-elementosFinitosAplicados.pdf\" href=\"https:\/\/dcc.ufpr.br\/mediawiki\/index.php\/M%C3%ADdia:Ficha2-TC059-elementosFinitosAplicados.pdf\"><img loading=\"lazy\" decoding=\"async\" src=\"https:\/\/dcc.ufpr.br\/mediawiki\/images\/thumb\/6\/64\/Fileicon-pdf.png\/40px-Fileicon-pdf.png\" alt=\"Fileicon-pdf.png\" width=\"40\" height=\"40\" \/><\/a><\/div>\n<\/div>\n<\/td>\n<\/tr>\n<tr>\n<td style=\"width: 50px;\">TC-068<\/td>\n<td style=\"width: 427px;\"><a class=\"external text\" href=\"http:\/\/www.estruturas.ufpr.br\/disciplinas\/graduacao\/estruturas-de-concreto\" rel=\"nofollow\">Estruturas de Concreto IV (Concreto Protendido I)<\/a>]<\/td>\n<td style=\"width: 53px;\">\n<div class=\"center\">\n<div class=\"floatnone\"><a title=\"M\u00eddia:TC068 ficha F1.pdf\" href=\"https:\/\/dcc.ufpr.br\/mediawiki\/index.php\/M%C3%ADdia:TC068_ficha_F1.pdf\"><img loading=\"lazy\" decoding=\"async\" src=\"https:\/\/dcc.ufpr.br\/mediawiki\/images\/thumb\/6\/64\/Fileicon-pdf.png\/40px-Fileicon-pdf.png\" alt=\"Fileicon-pdf.png\" width=\"40\" height=\"40\" \/><\/a><\/div>\n<\/div>\n<\/td>\n<td style=\"width: 69px;\">\n<div class=\"center\">\n<div class=\"floatnone\"><a title=\"M\u00eddia:TC068 ficha F2.pdf\" href=\"https:\/\/dcc.ufpr.br\/mediawiki\/index.php\/M%C3%ADdia:TC068_ficha_F2.pdf\"><img loading=\"lazy\" decoding=\"async\" src=\"https:\/\/dcc.ufpr.br\/mediawiki\/images\/thumb\/6\/64\/Fileicon-pdf.png\/40px-Fileicon-pdf.png\" alt=\"Fileicon-pdf.png\" width=\"40\" height=\"40\" \/><\/a><\/div>\n<\/div>\n<\/td>\n<\/tr>\n<tr>\n<td style=\"width: 50px;\">TC-069<\/td>\n<td style=\"width: 427px;\"><a class=\"external text\" href=\"http:\/\/www.estruturas.ufpr.br\/disciplinas\/graduacao\/estruturas-de-concreto\" rel=\"nofollow\">Estruturas de Concreto V<\/a><\/td>\n<td style=\"width: 53px;\">\n<div class=\"center\">\n<div class=\"floatnone\"><a title=\"M\u00eddia:TC069 ficha F1.pdf\" href=\"https:\/\/dcc.ufpr.br\/mediawiki\/index.php\/M%C3%ADdia:TC069_ficha_F1.pdf\"><img loading=\"lazy\" decoding=\"async\" src=\"https:\/\/dcc.ufpr.br\/mediawiki\/images\/thumb\/6\/64\/Fileicon-pdf.png\/40px-Fileicon-pdf.png\" alt=\"Fileicon-pdf.png\" width=\"40\" height=\"40\" \/><\/a><\/div>\n<\/div>\n<\/td>\n<td style=\"width: 69px;\">\n<div class=\"center\">\n<div class=\"floatnone\"><a title=\"M\u00eddia:TC069 ficha F2.pdf\" href=\"https:\/\/dcc.ufpr.br\/mediawiki\/index.php\/M%C3%ADdia:TC069_ficha_F2.pdf\"><img loading=\"lazy\" decoding=\"async\" src=\"https:\/\/dcc.ufpr.br\/mediawiki\/images\/thumb\/6\/64\/Fileicon-pdf.png\/40px-Fileicon-pdf.png\" alt=\"Fileicon-pdf.png\" width=\"40\" height=\"40\" \/><\/a><\/div>\n<\/div>\n<\/td>\n<\/tr>\n<tr>\n<td style=\"width: 50px;\">TC-071<\/td>\n<td style=\"width: 427px;\"><a title=\"TC-071 Pontes e Estruturas Especiais II\" href=\"https:\/\/dcc.ufpr.br\/mediawiki\/index.php\/TC-071_Pontes_e_Estruturas_Especiais_II\">Pontes e Estruturas Especiais II<\/a><\/td>\n<td style=\"width: 53px;\">\n<div class=\"center\">\n<div class=\"floatnone\"><a title=\"M\u00eddia:TC071 ficha F1.pdf\" href=\"https:\/\/dcc.ufpr.br\/mediawiki\/index.php\/M%C3%ADdia:TC071_ficha_F1.pdf\"><img loading=\"lazy\" decoding=\"async\" src=\"https:\/\/dcc.ufpr.br\/mediawiki\/images\/thumb\/6\/64\/Fileicon-pdf.png\/40px-Fileicon-pdf.png\" alt=\"Fileicon-pdf.png\" width=\"40\" height=\"40\" \/><\/a><\/div>\n<\/div>\n<\/td>\n<td style=\"width: 69px;\">\n<div class=\"center\">\n<div class=\"floatnone\"><a title=\"M\u00eddia:TC071 ficha F2.pdf\" href=\"https:\/\/dcc.ufpr.br\/mediawiki\/index.php\/M%C3%ADdia:TC071_ficha_F2.pdf\"><img loading=\"lazy\" decoding=\"async\" src=\"https:\/\/dcc.ufpr.br\/mediawiki\/images\/thumb\/6\/64\/Fileicon-pdf.png\/40px-Fileicon-pdf.png\" alt=\"Fileicon-pdf.png\" width=\"40\" height=\"40\" \/><\/a><\/div>\n<\/div>\n<\/td>\n<\/tr>\n<tr>\n<td style=\"width: 50px;\">TC-0??<\/td>\n<td style=\"width: 427px;\"><a class=\"external text\" href=\"http:\/\/www.estruturas.ufpr.br\/disciplinas\/graduacao\/estruturas-metalicas\" rel=\"nofollow\">Projeto de Estruturas de A\u00e7o<\/a><\/td>\n<td style=\"width: 53px;\">\n<div class=\"center\">\n<div class=\"floatnone\"><a title=\"M\u00eddia:TC0 1 ficha F1.pdf\" href=\"https:\/\/dcc.ufpr.br\/mediawiki\/index.php\/M%C3%ADdia:TC0_1_ficha_F1.pdf\"><img loading=\"lazy\" decoding=\"async\" src=\"https:\/\/dcc.ufpr.br\/mediawiki\/images\/thumb\/6\/64\/Fileicon-pdf.png\/40px-Fileicon-pdf.png\" alt=\"Fileicon-pdf.png\" width=\"40\" height=\"40\" \/><\/a><\/div>\n<\/div>\n<\/td>\n<td style=\"width: 69px;\">\n<div class=\"center\">\n<div class=\"floatnone\"><a title=\"M\u00eddia:TC0 1 ficha F2.pdf\" href=\"https:\/\/dcc.ufpr.br\/mediawiki\/index.php\/M%C3%ADdia:TC0_1_ficha_F2.pdf\"><img loading=\"lazy\" decoding=\"async\" src=\"https:\/\/dcc.ufpr.br\/mediawiki\/images\/thumb\/6\/64\/Fileicon-pdf.png\/40px-Fileicon-pdf.png\" alt=\"Fileicon-pdf.png\" width=\"40\" height=\"40\" \/><\/a><\/div>\n<\/div>\n<\/td>\n<\/tr>\n<\/tbody>\n<\/table>\n<p>&nbsp;<\/p>\n","protected":false},"excerpt":{"rendered":"<p>Disciplinas da \u00e1rea de Estruturas Obrigat\u00f3rias C\u00f3digo Disciplina Ementa Programa TC-021 Mec\u00e2nica Geral I TC-023 Mec\u00e2nica Geral II TC-026 Resist\u00eancia dos Materiais I TC-027 Mec\u00e2nica Geral III TC-028 Resist\u00eancia dos Materiais II TC-032 Mec\u00e2nica das Estruturas I TC-036 Mec\u00e2nica das Estruturas II TC-037 Estruturas de Concreto I TC-040 Estruturas de Concreto II TC-043 Estruturas Met\u00e1licas [&hellip;]<\/p>\n","protected":false},"author":1,"featured_media":0,"parent":16,"menu_order":0,"comment_status":"closed","ping_status":"closed","template":"","meta":{"footnotes":""},"class_list":["post-628","page","type-page","status-publish","hentry"],"aioseo_notices":[],"_links":{"self":[{"href":"https:\/\/dcc.ufpr.br\/index.php\/wp-json\/wp\/v2\/pages\/628","targetHints":{"allow":["GET"]}}],"collection":[{"href":"https:\/\/dcc.ufpr.br\/index.php\/wp-json\/wp\/v2\/pages"}],"about":[{"href":"https:\/\/dcc.ufpr.br\/index.php\/wp-json\/wp\/v2\/types\/page"}],"author":[{"embeddable":true,"href":"https:\/\/dcc.ufpr.br\/index.php\/wp-json\/wp\/v2\/users\/1"}],"replies":[{"embeddable":true,"href":"https:\/\/dcc.ufpr.br\/index.php\/wp-json\/wp\/v2\/comments?post=628"}],"version-history":[{"count":2,"href":"https:\/\/dcc.ufpr.br\/index.php\/wp-json\/wp\/v2\/pages\/628\/revisions"}],"predecessor-version":[{"id":636,"href":"https:\/\/dcc.ufpr.br\/index.php\/wp-json\/wp\/v2\/pages\/628\/revisions\/636"}],"up":[{"embeddable":true,"href":"https:\/\/dcc.ufpr.br\/index.php\/wp-json\/wp\/v2\/pages\/16"}],"wp:attachment":[{"href":"https:\/\/dcc.ufpr.br\/index.php\/wp-json\/wp\/v2\/media?parent=628"}],"curies":[{"name":"wp","href":"https:\/\/api.w.org\/{rel}","templated":true}]}}