{"id":411,"date":"2019-02-13T16:26:53","date_gmt":"2019-02-13T18:26:53","guid":{"rendered":"https:\/\/dcc.ufpr.br\/?page_id=411"},"modified":"2019-04-04T15:16:06","modified_gmt":"2019-04-04T18:16:06","slug":"estagio-supervisionado-obrigatorio-em-construcao-civil","status":"publish","type":"page","link":"https:\/\/dcc.ufpr.br\/index.php\/disciplinas\/estagio-supervisionado-obrigatorio-em-construcao-civil\/","title":{"rendered":"Est\u00e1gio Supervisionado Obrigat\u00f3rio em Constru\u00e7\u00e3o Civil"},"content":{"rendered":"<h3>Fichas de avalia\u00e7\u00e3o da disciplina<\/h3>\n<p><a href=\"https:\/\/dcc.ufpr.br\/wp-content\/uploads\/2019\/04\/TC046_fichas.pdf\">TC046_fichas<\/a><\/p>\n","protected":false},"excerpt":{"rendered":"<p>Fichas de avalia\u00e7\u00e3o da disciplina TC046_fichas<\/p>\n","protected":false},"author":1,"featured_media":0,"parent":16,"menu_order":4,"comment_status":"closed","ping_status":"closed","template":"","meta":{"footnotes":""},"class_list":["post-411","page","type-page","status-publish","hentry"],"aioseo_notices":[],"_links":{"self":[{"href":"https:\/\/dcc.ufpr.br\/index.php\/wp-json\/wp\/v2\/pages\/411","targetHints":{"allow":["GET"]}}],"collection":[{"href":"https:\/\/dcc.ufpr.br\/index.php\/wp-json\/wp\/v2\/pages"}],"about":[{"href":"https:\/\/dcc.ufpr.br\/index.php\/wp-json\/wp\/v2\/types\/page"}],"author":[{"embeddable":true,"href":"https:\/\/dcc.ufpr.br\/index.php\/wp-json\/wp\/v2\/users\/1"}],"replies":[{"embeddable":true,"href":"https:\/\/dcc.ufpr.br\/index.php\/wp-json\/wp\/v2\/comments?post=411"}],"version-history":[{"count":2,"href":"https:\/\/dcc.ufpr.br\/index.php\/wp-json\/wp\/v2\/pages\/411\/revisions"}],"predecessor-version":[{"id":1342,"href":"https:\/\/dcc.ufpr.br\/index.php\/wp-json\/wp\/v2\/pages\/411\/revisions\/1342"}],"up":[{"embeddable":true,"href":"https:\/\/dcc.ufpr.br\/index.php\/wp-json\/wp\/v2\/pages\/16"}],"wp:attachment":[{"href":"https:\/\/dcc.ufpr.br\/index.php\/wp-json\/wp\/v2\/media?parent=411"}],"curies":[{"name":"wp","href":"https:\/\/api.w.org\/{rel}","templated":true}]}}