{"id":383,"date":"2019-02-13T16:23:28","date_gmt":"2019-02-13T18:23:28","guid":{"rendered":"https:\/\/dcc.ufpr.br\/?page_id=383"},"modified":"2021-04-20T10:52:34","modified_gmt":"2021-04-20T13:52:34","slug":"material-construcao-civil-iv","status":"publish","type":"page","link":"https:\/\/dcc.ufpr.br\/index.php\/disciplinas\/construcao-civil\/construcao-civil-iv\/material-construcao-civil-iv\/","title":{"rendered":"Material Constru\u00e7\u00e3o Civil IV"},"content":{"rendered":"<p>O material da disciplina ser\u00e1 enviado diretamente aos alunos. <\/p>\n","protected":false},"excerpt":{"rendered":"<p>O material da disciplina ser\u00e1 enviado diretamente aos alunos.<\/p>\n","protected":false},"author":1,"featured_media":0,"parent":381,"menu_order":0,"comment_status":"closed","ping_status":"closed","template":"","meta":{"footnotes":""},"class_list":["post-383","page","type-page","status-publish","hentry"],"aioseo_notices":[],"_links":{"self":[{"href":"https:\/\/dcc.ufpr.br\/index.php\/wp-json\/wp\/v2\/pages\/383","targetHints":{"allow":["GET"]}}],"collection":[{"href":"https:\/\/dcc.ufpr.br\/index.php\/wp-json\/wp\/v2\/pages"}],"about":[{"href":"https:\/\/dcc.ufpr.br\/index.php\/wp-json\/wp\/v2\/types\/page"}],"author":[{"embeddable":true,"href":"https:\/\/dcc.ufpr.br\/index.php\/wp-json\/wp\/v2\/users\/1"}],"replies":[{"embeddable":true,"href":"https:\/\/dcc.ufpr.br\/index.php\/wp-json\/wp\/v2\/comments?post=383"}],"version-history":[{"count":27,"href":"https:\/\/dcc.ufpr.br\/index.php\/wp-json\/wp\/v2\/pages\/383\/revisions"}],"predecessor-version":[{"id":2593,"href":"https:\/\/dcc.ufpr.br\/index.php\/wp-json\/wp\/v2\/pages\/383\/revisions\/2593"}],"up":[{"embeddable":true,"href":"https:\/\/dcc.ufpr.br\/index.php\/wp-json\/wp\/v2\/pages\/381"}],"wp:attachment":[{"href":"https:\/\/dcc.ufpr.br\/index.php\/wp-json\/wp\/v2\/media?parent=383"}],"curies":[{"name":"wp","href":"https:\/\/api.w.org\/{rel}","templated":true}]}}