{"id":381,"date":"2019-02-13T16:23:00","date_gmt":"2019-02-13T18:23:00","guid":{"rendered":"https:\/\/dcc.ufpr.br\/?page_id=381"},"modified":"2021-04-26T14:37:40","modified_gmt":"2021-04-26T17:37:40","slug":"construcao-civil-iv","status":"publish","type":"page","link":"https:\/\/dcc.ufpr.br\/index.php\/disciplinas\/construcao-civil\/construcao-civil-iv\/","title":{"rendered":"Constru\u00e7\u00e3o Civil IV"},"content":{"rendered":"<p><strong>TC-042 CONSTRU\u00c7\u00c3O CIVIL IV <\/strong><\/p>\n<p><strong>Professores:<\/strong><\/p>\n<ul>\n<li>Prof. Dr. Carlos Frederico Alice Parchen<\/li>\n<li>Profa. Dra. Heloisa Fuganti Campos<\/li>\n<li>Profa. Dra. Barbara Talamini Villas B\u00f4as<\/li>\n<\/ul>\n<p><strong>Ementa:<\/strong><\/p>\n<ul>\n<li>Or\u00e7amento de Obras<\/li>\n<li>Cronograma de Obras<\/li>\n<li>Sistemas de Qualidade<\/li>\n<li>Leitura de Projetos<\/li>\n<li>Instala\u00e7\u00f5es Prediais<\/li>\n<\/ul>\n<p>Carga hor\u00e1ria de 60 h, ministradas de acordo com o programa da mat\u00e9ria<\/p>\n<p><strong>Programa\u00e7\u00e3o<\/strong><strong>\u00a02021:<\/strong><\/p>\n<ul>\n<li>Ver o Cronograma da Disciplina 2021 na se\u00e7\u00e3o do edital.<\/li>\n<\/ul>\n<p><strong>AVISOS:<\/strong>\u00a0N\u00e3o \u00e9 permitido o uso de calculadoras alfanum\u00e9ricas e celulares nas provas (obs.: Ser\u00e1 permitido o uso de calculadora simples para resolu\u00e7\u00e3o de quest\u00f5es num\u00e9ricas).<\/p>\n<p><strong>Segunda chamada:<\/strong><\/p>\n<p>O aluno que perder alguma das duas provas dever\u00e1 requerer a segunda chamada oficialmente, de acordo com a\u00a0<a href=\"https:\/\/dcc.ufpr.br\/mediawiki\/index.php\/Legisla%C3%A7%C3%A3o\">Legisla\u00e7\u00e3o<\/a>.<\/p>\n<ul>\n<li>Prova de segunda chamada: uma, ao final do semestre.<\/li>\n<li>Assunto: conte\u00fado do semestre todo.<\/li>\n<\/ul>\n<p><strong>Vistas das provas:<\/strong><\/p>\n<p>Os alunos que desejarem ver as suas provas, poder\u00e3o fazer com solicita\u00e7\u00e3o direta ao professor at\u00e9 no m\u00e1ximo 3 (tr\u00eas) dias ap\u00f3s a divulga\u00e7\u00e3o da nota (de acordo com a Resolu\u00e7\u00e3o.CEPE 37\/97, se\u00e7\u00e3o IV).<\/p>\n","protected":false},"excerpt":{"rendered":"<p>TC-042 CONSTRU\u00c7\u00c3O CIVIL IV Professores: Prof. Dr. Carlos Frederico Alice Parchen Profa. Dra. Heloisa Fuganti Campos Profa. Dra. Barbara Talamini Villas B\u00f4as Ementa: Or\u00e7amento de Obras Cronograma de Obras Sistemas de Qualidade Leitura de Projetos Instala\u00e7\u00f5es Prediais Carga hor\u00e1ria de 60 h, ministradas de acordo com o programa da mat\u00e9ria Programa\u00e7\u00e3o\u00a02021: Ver o Cronograma da [&hellip;]<\/p>\n","protected":false},"author":1,"featured_media":0,"parent":631,"menu_order":2,"comment_status":"closed","ping_status":"closed","template":"","meta":{"footnotes":""},"class_list":["post-381","page","type-page","status-publish","hentry"],"aioseo_notices":[],"_links":{"self":[{"href":"https:\/\/dcc.ufpr.br\/index.php\/wp-json\/wp\/v2\/pages\/381","targetHints":{"allow":["GET"]}}],"collection":[{"href":"https:\/\/dcc.ufpr.br\/index.php\/wp-json\/wp\/v2\/pages"}],"about":[{"href":"https:\/\/dcc.ufpr.br\/index.php\/wp-json\/wp\/v2\/types\/page"}],"author":[{"embeddable":true,"href":"https:\/\/dcc.ufpr.br\/index.php\/wp-json\/wp\/v2\/users\/1"}],"replies":[{"embeddable":true,"href":"https:\/\/dcc.ufpr.br\/index.php\/wp-json\/wp\/v2\/comments?post=381"}],"version-history":[{"count":17,"href":"https:\/\/dcc.ufpr.br\/index.php\/wp-json\/wp\/v2\/pages\/381\/revisions"}],"predecessor-version":[{"id":2612,"href":"https:\/\/dcc.ufpr.br\/index.php\/wp-json\/wp\/v2\/pages\/381\/revisions\/2612"}],"up":[{"embeddable":true,"href":"https:\/\/dcc.ufpr.br\/index.php\/wp-json\/wp\/v2\/pages\/631"}],"wp:attachment":[{"href":"https:\/\/dcc.ufpr.br\/index.php\/wp-json\/wp\/v2\/media?parent=381"}],"curies":[{"name":"wp","href":"https:\/\/api.w.org\/{rel}","templated":true}]}}