{"id":351,"date":"2019-02-13T16:18:10","date_gmt":"2019-02-13T18:18:10","guid":{"rendered":"https:\/\/dcc.ufpr.br\/?page_id=351"},"modified":"2021-04-30T09:53:01","modified_gmt":"2021-04-30T12:53:01","slug":"estruturas-de-concreto-i","status":"publish","type":"page","link":"https:\/\/dcc.ufpr.br\/index.php\/disciplinas\/estruturas\/estruturas-de-concreto-i\/","title":{"rendered":"Estruturas de Concreto I"},"content":{"rendered":"<h3><strong>Informa\u00e7\u00f5es da disciplina do per\u00edodo especial 2020 no moodle UFPR Virtual e programa\u00e7\u00e3o no site de estruturas:\u00a0<a href=\"http:\/\/www.estruturas.ufpr.br\/disciplinas\/graduacao\/estruturas-de-concreto\/programacao-da-disciplina-concreto\/\">http:\/\/www.estruturas.ufpr.br\/disciplinas\/graduacao\/estruturas-de-concreto\/programacao-da-disciplina-concreto\/<\/a><\/strong><\/h3>\n<p>&nbsp;<\/p>\n<p>&nbsp;<\/p>\n<p><span style=\"color: #ff0000;\"><strong>ENSALAMENTO <\/strong><strong>\u00a0<\/strong><strong>1\u00ba SEM 2020:<\/strong><\/span><\/p>\n<ul>\n<li><strong>SALA PF11: PROF. ISABELLA<\/strong><\/li>\n<\/ul>\n<p>Do aluno ALAN ALVES RODRIGUES at\u00e9 o aluno GUILHERME SIM\u00d5ES NASCIMENTO.<\/p>\n<ul>\n<li><strong>SALA PF14: PROF. ALKIMIN<\/strong><\/li>\n<\/ul>\n<p>Do aluno GUSTAVO BATISTA MOHACSI at\u00e9 o aluno LUCCA NASCIMENTO MAIA.<\/p>\n<ul>\n<li><strong>SALA PF18: PROF. LIA <\/strong><\/li>\n<\/ul>\n<p>Do aluno LUCIANO WONS at\u00e9 a aluna YOHANA MARTINELLI COELHO.<\/p>\n<p>&nbsp;<\/p>\n<p><span style=\"color: #ff0000;\"><strong>DATAS AVALIA\u00c7\u00d5ES 1\u00ba SEM 2020:<\/strong><\/span><\/p>\n<table width=\"614\">\n<tbody>\n<tr>\n<td width=\"106\"><strong>13\/04\/2020<\/strong><\/td>\n<td width=\"432\"><strong>1\u00aa Avalia\u00e7\u00e3o. Conte\u00fado: combina\u00e7\u00f5es de a\u00e7\u00f5es; flex\u00e3o simples em vigas de se\u00e7\u00e3o retangular sem armadura de compress\u00e3o.<\/strong><\/td>\n<\/tr>\n<\/tbody>\n<\/table>\n<table width=\"614\">\n<tbody>\n<tr>\n<td width=\"106\"><strong>25\/05\/2020<\/strong><\/td>\n<td width=\"432\"><strong>2\u00aa Avalia\u00e7\u00e3o. Conte\u00fado: Flex\u00e3o simples com armadura de compress\u00e3o; vigas de se\u00e7\u00e3o T sem armadura de compress\u00e3o.<\/strong><\/td>\n<\/tr>\n<\/tbody>\n<\/table>\n<table width=\"614\">\n<tbody>\n<tr>\n<td width=\"106\">1<strong>7\/06\/2020<\/strong><\/td>\n<td width=\"432\"><strong>3\u00aa Avalia\u00e7\u00e3o. Conte\u00fado: Vigas de se\u00e7\u00e3o T com armadura de compress\u00e3o; vigas com estribos verticais.<\/strong><\/td>\n<\/tr>\n<\/tbody>\n<\/table>\n<table style=\"height: 24px;\" width=\"614\">\n<tbody>\n<tr style=\"height: 24px;\">\n<td style=\"height: 24px; width: 118px;\"><strong>24\/06\/2020<\/strong><\/td>\n<td style=\"height: 24px; width: 480px;\"><strong>SEGUNDA CHAMADA.\u00a0Conte\u00fado de todo o semestre.<\/strong><\/td>\n<\/tr>\n<\/tbody>\n<\/table>\n<table width=\"614\">\n<tbody>\n<tr>\n<td width=\"106\"><strong>06\/07\/2020<\/strong><\/td>\n<td width=\"432\"><strong>EXAME FINAL. Conte\u00fado de todo o semestre.<\/strong><\/td>\n<\/tr>\n<\/tbody>\n<\/table>\n","protected":false},"excerpt":{"rendered":"<p>Informa\u00e7\u00f5es da disciplina do per\u00edodo especial 2020 no moodle UFPR Virtual e programa\u00e7\u00e3o no site de estruturas:\u00a0http:\/\/www.estruturas.ufpr.br\/disciplinas\/graduacao\/estruturas-de-concreto\/programacao-da-disciplina-concreto\/ &nbsp; &nbsp; ENSALAMENTO \u00a01\u00ba SEM 2020: SALA PF11: PROF. ISABELLA Do aluno ALAN ALVES RODRIGUES at\u00e9 o aluno GUILHERME SIM\u00d5ES NASCIMENTO. SALA PF14: PROF. ALKIMIN Do aluno GUSTAVO BATISTA MOHACSI at\u00e9 o aluno LUCCA NASCIMENTO MAIA. SALA PF18: [&hellip;]<\/p>\n","protected":false},"author":1,"featured_media":0,"parent":628,"menu_order":6,"comment_status":"closed","ping_status":"closed","template":"","meta":{"footnotes":""},"class_list":["post-351","page","type-page","status-publish","hentry"],"aioseo_notices":[],"_links":{"self":[{"href":"https:\/\/dcc.ufpr.br\/index.php\/wp-json\/wp\/v2\/pages\/351","targetHints":{"allow":["GET"]}}],"collection":[{"href":"https:\/\/dcc.ufpr.br\/index.php\/wp-json\/wp\/v2\/pages"}],"about":[{"href":"https:\/\/dcc.ufpr.br\/index.php\/wp-json\/wp\/v2\/types\/page"}],"author":[{"embeddable":true,"href":"https:\/\/dcc.ufpr.br\/index.php\/wp-json\/wp\/v2\/users\/1"}],"replies":[{"embeddable":true,"href":"https:\/\/dcc.ufpr.br\/index.php\/wp-json\/wp\/v2\/comments?post=351"}],"version-history":[{"count":10,"href":"https:\/\/dcc.ufpr.br\/index.php\/wp-json\/wp\/v2\/pages\/351\/revisions"}],"predecessor-version":[{"id":2617,"href":"https:\/\/dcc.ufpr.br\/index.php\/wp-json\/wp\/v2\/pages\/351\/revisions\/2617"}],"up":[{"embeddable":true,"href":"https:\/\/dcc.ufpr.br\/index.php\/wp-json\/wp\/v2\/pages\/628"}],"wp:attachment":[{"href":"https:\/\/dcc.ufpr.br\/index.php\/wp-json\/wp\/v2\/media?parent=351"}],"curies":[{"name":"wp","href":"https:\/\/api.w.org\/{rel}","templated":true}]}}