{"id":335,"date":"2019-02-13T16:16:25","date_gmt":"2019-02-13T18:16:25","guid":{"rendered":"https:\/\/dcc.ufpr.br\/?page_id=335"},"modified":"2019-09-24T07:30:32","modified_gmt":"2019-09-24T10:30:32","slug":"material-materiais-de-construcao-civil-iii","status":"publish","type":"page","link":"https:\/\/dcc.ufpr.br\/index.php\/disciplinas\/materiais\/materiais-de-construcao-civil-iii\/material-materiais-de-construcao-civil-iii\/","title":{"rendered":"Material Materiais de Constru\u00e7\u00e3o Civil III"},"content":{"rendered":"<p>Material utilizado pelo prof. Jos\u00e9 de A. Freitas Jr.<\/p>\n<p><a href=\"https:\/\/dcc.ufpr.br\/wp-content\/uploads\/2019\/09\/TC-034-M\u00e9todos-dosagem-CAD-CAR-2019.pdf\">[TC 034] M\u00e9todos dosagem CAD-CAR 2019<\/a><\/p>\n<p><a href=\"https:\/\/dcc.ufpr.br\/wp-content\/uploads\/2019\/09\/Planilha-M\u00e9todos-dosagem-CAD-CAR.xls\">Planilha M\u00e9todos dosagem CAD &#8211; CAR<\/a><\/p>\n<p><a href=\"https:\/\/dcc.ufpr.br\/wp-content\/uploads\/2019\/09\/TC-034-Reciclagem-de-materiais-2019.pdf\">[TC 034] Reciclagem de materiais 2019<\/a><\/p>\n<p><a href=\"https:\/\/dcc.ufpr.br\/wp-content\/uploads\/2019\/09\/TC-034-Gest\u00e3o-de-carbono-em-obras-2019.pdf\">[TC 034] Gest\u00e3o de carbono em obras 2019<\/a><\/p>\n<p><a href=\"https:\/\/dcc.ufpr.br\/wp-content\/uploads\/2019\/09\/TC-034-Gerenciamento-de-res\u00edduos-2019.pdf\">[TC 034] Gerenciamento de res\u00edduos 2019<\/a><\/p>\n<p><a href=\"https:\/\/dcc.ufpr.br\/wp-content\/uploads\/2019\/09\/TC-034-Certifica\u00e7\u00e3o-ambiental-de-obras-2019.pdf\">[TC 034] Certifica\u00e7\u00e3o ambiental de obras 2019<\/a><\/p>\n<p>&nbsp;<\/p>\n<p>Material utilizado pela prof.a\u00a0 Laila Valduga Artigas<\/p>\n<p><strong><em>M\u00f3dulo I<\/em><\/strong><\/p>\n<p><a href=\"https:\/\/dcc.ufpr.br\/wp-content\/uploads\/2019\/08\/TC-034-Cer\u00e2micos-2019.pdf\">TC 034 Cer\u00e2micos 2019<\/a><\/p>\n<p><a href=\"https:\/\/dcc.ufpr.br\/wp-content\/uploads\/2019\/08\/artigo-Cer\u00e2mica-Industrial.pdf\">Artigo Cer\u00e2mica Industrial<\/a><\/p>\n<p><a href=\"https:\/\/dcc.ufpr.br\/wp-content\/uploads\/2019\/08\/Mat\u00e9ria-Techne.pdf\">Mat\u00e9ria Techne 2016<\/a><\/p>\n<p><a href=\"https:\/\/dcc.ufpr.br\/wp-content\/uploads\/2019\/08\/Editorial-Techne-2017.pdf\">Editorial Techne 2017<\/a><\/p>\n<p><a href=\"https:\/\/dcc.ufpr.br\/wp-content\/uploads\/2019\/08\/Artigos-cer\u00e2micos.pdf\">Artigos cer\u00e2micos<\/a><\/p>\n<p><em><strong>M\u00f3dulo II<\/strong><\/em><\/p>\n<p><a href=\"https:\/\/dcc.ufpr.br\/wp-content\/uploads\/2019\/09\/TC-034-Fibrocimento.pdf\">TC 034 Fibrocimento<\/a><\/p>\n<p><a href=\"https:\/\/dcc.ufpr.br\/wp-content\/uploads\/2019\/09\/Matrizes-Trad.pdf\">Matrizes Tradicionais<\/a><\/p>\n<p><a href=\"https:\/\/dcc.ufpr.br\/wp-content\/uploads\/2019\/09\/Alternativa-ao-a\u00e7o.pdf\">Alternativa ao a\u00e7o<\/a><\/p>\n<p><a href=\"https:\/\/dcc.ufpr.br\/wp-content\/uploads\/2019\/09\/Fibras-basalto.pdf\">Fibras basalto<\/a><\/p>\n<p><a href=\"https:\/\/dcc.ufpr.br\/wp-content\/uploads\/2019\/09\/Fibras-basalto-2.pdf\">Fibras basalto 2<\/a><\/p>\n<p><a href=\"https:\/\/dcc.ufpr.br\/wp-content\/uploads\/2019\/09\/Barras-de-fibra-de-vidro-Epusp.pdf\">Barras de fibra de vidro Epusp<\/a><\/p>\n<p>&nbsp;<\/p>\n<p>&nbsp;<\/p>\n","protected":false},"excerpt":{"rendered":"<p>Material utilizado pelo prof. Jos\u00e9 de A. Freitas Jr. [TC 034] M\u00e9todos dosagem CAD-CAR 2019 Planilha M\u00e9todos dosagem CAD &#8211; CAR [TC 034] Reciclagem de materiais 2019 [TC 034] Gest\u00e3o de carbono em obras 2019 [TC 034] Gerenciamento de res\u00edduos 2019 [TC 034] Certifica\u00e7\u00e3o ambiental de obras 2019 &nbsp; Material utilizado pela prof.a\u00a0 Laila Valduga [&hellip;]<\/p>\n","protected":false},"author":1,"featured_media":0,"parent":333,"menu_order":0,"comment_status":"closed","ping_status":"closed","template":"","meta":{"footnotes":""},"class_list":["post-335","page","type-page","status-publish","hentry"],"aioseo_notices":[],"_links":{"self":[{"href":"https:\/\/dcc.ufpr.br\/index.php\/wp-json\/wp\/v2\/pages\/335","targetHints":{"allow":["GET"]}}],"collection":[{"href":"https:\/\/dcc.ufpr.br\/index.php\/wp-json\/wp\/v2\/pages"}],"about":[{"href":"https:\/\/dcc.ufpr.br\/index.php\/wp-json\/wp\/v2\/types\/page"}],"author":[{"embeddable":true,"href":"https:\/\/dcc.ufpr.br\/index.php\/wp-json\/wp\/v2\/users\/1"}],"replies":[{"embeddable":true,"href":"https:\/\/dcc.ufpr.br\/index.php\/wp-json\/wp\/v2\/comments?post=335"}],"version-history":[{"count":10,"href":"https:\/\/dcc.ufpr.br\/index.php\/wp-json\/wp\/v2\/pages\/335\/revisions"}],"predecessor-version":[{"id":1574,"href":"https:\/\/dcc.ufpr.br\/index.php\/wp-json\/wp\/v2\/pages\/335\/revisions\/1574"}],"up":[{"embeddable":true,"href":"https:\/\/dcc.ufpr.br\/index.php\/wp-json\/wp\/v2\/pages\/333"}],"wp:attachment":[{"href":"https:\/\/dcc.ufpr.br\/index.php\/wp-json\/wp\/v2\/media?parent=335"}],"curies":[{"name":"wp","href":"https:\/\/api.w.org\/{rel}","templated":true}]}}