{"id":333,"date":"2019-02-20T10:16:38","date_gmt":"2019-02-13T18:16:06","guid":{"rendered":"https:\/\/dcc.ufpr.br\/?page_id=333"},"modified":"2019-11-13T11:26:37","modified_gmt":"2019-11-13T14:26:37","slug":"materiais-de-construcao-civil-iii","status":"publish","type":"page","link":"https:\/\/dcc.ufpr.br\/index.php\/disciplinas\/materiais\/materiais-de-construcao-civil-iii\/","title":{"rendered":"Materiais de Constru\u00e7\u00e3o Civil III"},"content":{"rendered":"<p><strong>TC-034 Materiais de Constru\u00e7\u00e3o Civil III \u2013 2<sup>o<\/sup>.semestre de 2019<\/strong><\/p>\n<p>Professores<\/p>\n<ul>\n<li><a href=\"https:\/\/dcc.ufpr.br\/mediawiki\/index.php\/Prof%C2%AA._Marienne_do_Rocio_de_Mello_Maron_da_Costa\">Marienne do Rocio M. M. da Costa <\/a>\u2013 Turma A<\/li>\n<li><a href=\"https:\/\/dcc.ufpr.br\/mediawiki\/index.php\/Profa._Laila_Artigas\">Laila Va<\/a><a href=\"https:\/\/dcc.ufpr.br\/mediawiki\/index.php\/Profa._Laila_Artigas\">lduga Artigas<\/a> \u2013 Turma B<\/li>\n<li><a href=\"https:\/\/dcc.ufpr.br\/mediawiki\/index.php\/Profa._Heloisa_Fuganti_Campos\">Jos\u00e9 de Almendra Freitas \u2013 Turma C<\/a><\/li>\n<li>Jos\u00e9 Marques Filho \u2013 Turma D<\/li>\n<\/ul>\n<table style=\"height: 404px\" width=\"753\">\n<thead>\n<tr>\n<td style=\"width: 91px\"><strong>Turma<\/strong><\/td>\n<td style=\"width: 320px\"><strong>Professor<\/strong><\/td>\n<td style=\"width: 86px\"><strong>Per\u00edodo<\/strong><\/td>\n<td style=\"width: 141px\"><strong>Hor\u00e1rios<\/strong><\/td>\n<td style=\"width: 81px;text-align: center\"><strong>Sala<\/strong><\/td>\n<\/tr>\n<\/thead>\n<tbody>\n<tr>\n<td style=\"width: 91px\"><a href=\"http:\/\/ensalamento.c3sl.ufpr.br\/public\/klasses\/33650\">TC 034-A<\/a><\/td>\n<td style=\"width: 320px\">Marienne do Rocio M. M. da Costa<\/td>\n<td style=\"width: 86px;text-align: center\">2019-2<\/td>\n<td style=\"width: 141px;text-align: center\">2\u00ba -07:30 &#8211; 09:30<br \/>\n4\u00ba -07:30 &#8211; 09:30<\/td>\n<td style=\"width: 81px;text-align: center\">PF-11<br \/>\nPF-11<\/td>\n<\/tr>\n<tr>\n<td style=\"width: 91px\"><a href=\"http:\/\/ensalamento.c3sl.ufpr.br\/public\/klasses\/33651\">TC 034-B<\/a><\/td>\n<td style=\"width: 320px\">Laila Valduga Artigas<\/td>\n<td style=\"width: 86px;text-align: center\">2019-2<\/td>\n<td style=\"width: 141px;text-align: center\">2\u00ba -07:30 &#8211; 09:30<br \/>\n4\u00ba -07:30 &#8211; 09:30<\/td>\n<td style=\"width: 81px;text-align: center\">PF-14<br \/>\nPF-14<\/td>\n<\/tr>\n<tr>\n<td style=\"width: 91px\"><a href=\"http:\/\/ensalamento.c3sl.ufpr.br\/public\/klasses\/33652\">TC 034-C<\/a><\/td>\n<td style=\"width: 320px\">Jos\u00e9 de Almendra Freitas Jr.<\/td>\n<td style=\"width: 86px;text-align: center\">2019-2<\/td>\n<td style=\"width: 141px;text-align: center\">2\u00ba -07:30 &#8211; 09:30<br \/>\n4\u00ba -07:30 &#8211; 09:30<\/td>\n<td style=\"width: 81px;text-align: center\">PF-15<br \/>\nPF-15<\/td>\n<\/tr>\n<tr>\n<td style=\"width: 91px\"><a href=\"http:\/\/ensalamento.c3sl.ufpr.br\/public\/klasses\/33653\">TC 034-D<\/a><\/td>\n<td style=\"width: 320px\">Jos\u00e9 Marques Filho<\/td>\n<td style=\"width: 86px;text-align: center\">2019-2<\/td>\n<td style=\"width: 141px;text-align: center\">2\u00ba -07:30 &#8211; 09:30<br \/>\n4\u00ba -07:30 &#8211; 09:30<\/td>\n<td style=\"width: 81px;text-align: center\">PF-18<br \/>\nPF-18<\/td>\n<\/tr>\n<\/tbody>\n<\/table>\n<p><a href=\"https:\/\/dcc.ufpr.br\/mediawiki\/images\/8\/8a\/TC034_ficha_F1.pdf\">Ementa<\/a><\/p>\n<ul>\n<li>Materiais Cer\u00e2micos.<\/li>\n<li>Comp\u00f3sitos e Materiais de Fibrocimento<\/li>\n<li>T\u00e9cnicas de avalia\u00e7\u00e3o de patologias.<\/li>\n<li>Impacto ambiental dos materiais de constru\u00e7\u00e3o.<\/li>\n<li>Dosagem de concretos de alto desempenho (CAD) e alta resist\u00eancia (CAR).<\/li>\n<\/ul>\n<p>Carga hor\u00e1ria de 60 h, ministradas de acordo com o programa anal\u00edtico.<\/p>\n<p><strong>PROGRAMA\u00c7\u00c3O 2<sup>o<\/sup> SEMESTRE 2019<\/strong><\/p>\n<ul>\n<li>Ver o cronograma da Disciplina 2019 na se\u00e7\u00e3o do edital da disciplina.<\/li>\n<\/ul>\n<p>Forma de avalia\u00e7\u00e3o da disciplina<\/p>\n<ul>\n<li>Duas Provas Bimestrais: 1<sup>a<\/sup> Prova: 18\/setembro\/2019 e 2<sup>a<\/sup>.Prova: 06\/novembro\/2019<\/li>\n<li>Um trabalho semestral.<\/li>\n<\/ul>\n<p>Composi\u00e7\u00e3o da m\u00e9dia final\u00a0:<\/p>\n<p>M\u00e9dia Final = (soma das notas das duas provas x 2 + Nota do trabalho)\/ 5<\/p>\n<p><strong>\u00a0<\/strong><strong>Trabalho semestral\u00a0:<\/strong><\/p>\n<p>Em equipes de 5 a 7 alunos;(as equipes dever\u00e3o ser formadas por alunos de mesma turma, A, B, C ou D).<\/p>\n<p>O trabalho consistir\u00e1 em uma interpreta\u00e7\u00e3o de artigos cient\u00edficos. Cada equipe receber\u00e1 2 artigos sobre um tema e a verifica\u00e7\u00e3o da correta interpreta\u00e7\u00e3o do assunto ser\u00e1 feita atrav\u00e9s de prova oral (defesa do trabalho). Cada equipe dever\u00e1 pesquisar sobre o tema obtendo tamb\u00e9m outras refer\u00eancias bibliogr\u00e1ficas para estudo.<\/p>\n<ul>\n<li>Distribui\u00e7\u00e3o dos artigos: cada equipe receber\u00e1 um tema para estudo. Para receber os artigos para estudo, a equipe dever\u00e1 enviar um e-mail de solicita\u00e7\u00e3o ao professor correspondente ao tema (haver\u00e1 a divulga\u00e7\u00e3o de uma tabela com a rela\u00e7\u00e3o de temas por professor).<\/li>\n<li><span style=\"color: #ff0000\"><strong>Data limite para forma\u00e7\u00e3o de equipes: 28\/ago (informe o professor at\u00e9 esta data); n\u00e3o ser\u00e1 aceito o registro de equipes ap\u00f3s esta data.<\/strong><\/span><\/li>\n<li>Aguarde o tema e a data de defesa da sua equipe!<\/li>\n<li>Datas das defesas dos trabalhos: 11\/nov e 13\/nov (confirme a data da sua equipe).<\/li>\n<li>Na ocasi\u00e3o da defesa, todos os membros da equipe dever\u00e3o obrigatoriamente estar presentes.<\/li>\n<li>No caso de algum professor aplicar Trabalhos Extras, a nota de trabalhos (NT) ficar\u00e1:<\/li>\n<\/ul>\n<p>NT = 0,8 x Trabalho Semestral + 0,2 m\u00e9dia dos Trabalhos Extras.<\/p>\n<p><strong>\u00a0<\/strong><strong>AVISOS\u00a0:<\/strong> N\u00e3o \u00e9 permitido o uso de calculadoras alfanum\u00e9ricas e celulares nas provas (obs.: Ser\u00e1 permitido o uso de calculadora simples para resolu\u00e7\u00e3o de quest\u00f5es num\u00e9ricas).<\/p>\n<p><strong>Segunda chamada\u00a0:<\/strong><\/p>\n<p>O aluno que perder alguma das duas provas dever\u00e1 requerer a segunda chamada oficialmente, de acordo com a <a href=\"https:\/\/dcc.ufpr.br\/mediawiki\/index.php\/Legisla%C3%A7%C3%A3o\">Legisla\u00e7\u00e3o<\/a>.<\/p>\n<ul>\n<li>Prova de segunda chamada: uma, ao final do semestre: 18\/novembro\/2019<\/li>\n<li>Assunto: conte\u00fado do semestre todo.<\/li>\n<li>Local: a ser definido, hor\u00e1rio da aula<\/li>\n<li><strong>PROVA DE 2a CHAMADA: todas as turmas 2a-feira 18\/11\/2019 as 7:30, sala PF 11<\/strong><\/li>\n<\/ul>\n<p><strong>Vistas das provas<\/strong><\/p>\n<p>Os alunos que desejarem ver as suas provas, poder\u00e3o fazer com solicita\u00e7\u00e3o direta ao professor at\u00e9 no m\u00e1ximo 3 (tr\u00eas) dias ap\u00f3s a divulga\u00e7\u00e3o da nota (de acordo com a Resolu\u00e7\u00e3o.CEPE 37\/97, se\u00e7\u00e3o IV).<\/p>\n<ul>\n<li>ATEN\u00c7\u00c3O: EXAME FINAL NO PER\u00cdODO 9 A 14 DE DEZEMBRO DE 2019 &#8211; DATA A SER DIVULGADA PELO DEPARTAMEMTO DE CONSTRU\u00c7\u00c3O CIVIL.<\/li>\n<\/ul>\n","protected":false},"excerpt":{"rendered":"<p>TC-034 Materiais de Constru\u00e7\u00e3o Civil III \u2013 2o.semestre de 2019 Professores Marienne do Rocio M. M. da Costa \u2013 Turma A Laila Valduga Artigas \u2013 Turma B Jos\u00e9 de Almendra Freitas \u2013 Turma C Jos\u00e9 Marques Filho \u2013 Turma D Turma Professor Per\u00edodo Hor\u00e1rios Sala TC 034-A Marienne do Rocio M. M. da Costa 2019-2 [&hellip;]<\/p>\n","protected":false},"author":1,"featured_media":0,"parent":639,"menu_order":3,"comment_status":"closed","ping_status":"closed","template":"","meta":{"footnotes":""},"class_list":["post-333","page","type-page","status-publish","hentry"],"aioseo_notices":[],"_links":{"self":[{"href":"https:\/\/dcc.ufpr.br\/index.php\/wp-json\/wp\/v2\/pages\/333","targetHints":{"allow":["GET"]}}],"collection":[{"href":"https:\/\/dcc.ufpr.br\/index.php\/wp-json\/wp\/v2\/pages"}],"about":[{"href":"https:\/\/dcc.ufpr.br\/index.php\/wp-json\/wp\/v2\/types\/page"}],"author":[{"embeddable":true,"href":"https:\/\/dcc.ufpr.br\/index.php\/wp-json\/wp\/v2\/users\/1"}],"replies":[{"embeddable":true,"href":"https:\/\/dcc.ufpr.br\/index.php\/wp-json\/wp\/v2\/comments?post=333"}],"version-history":[{"count":9,"href":"https:\/\/dcc.ufpr.br\/index.php\/wp-json\/wp\/v2\/pages\/333\/revisions"}],"predecessor-version":[{"id":1643,"href":"https:\/\/dcc.ufpr.br\/index.php\/wp-json\/wp\/v2\/pages\/333\/revisions\/1643"}],"up":[{"embeddable":true,"href":"https:\/\/dcc.ufpr.br\/index.php\/wp-json\/wp\/v2\/pages\/639"}],"wp:attachment":[{"href":"https:\/\/dcc.ufpr.br\/index.php\/wp-json\/wp\/v2\/media?parent=333"}],"curies":[{"name":"wp","href":"https:\/\/api.w.org\/{rel}","templated":true}]}}