{"id":315,"date":"2019-02-13T16:13:49","date_gmt":"2019-02-13T18:13:49","guid":{"rendered":"https:\/\/dcc.ufpr.br\/?page_id=315"},"modified":"2020-03-15T21:36:28","modified_gmt":"2020-03-16T00:36:28","slug":"materiais-de-construcao-civil-ii","status":"publish","type":"page","link":"https:\/\/dcc.ufpr.br\/index.php\/disciplinas\/materiais\/materiais-de-construcao-civil-ii\/","title":{"rendered":"Materiais de Constru\u00e7\u00e3o Civil II"},"content":{"rendered":"<p>ATEN\u00c7\u00c3O:\u00a0 as aulas da disciplina TC 031 est\u00e3o suspensas pelo prazo de 14 dias, a partir desta segunda-feira (16 de mar\u00e7o), em raz\u00e3o da pandemia do Coronav\u00edrus.<\/p>\n<p>A nota oficial a respeito pode ser conferida na \u00edntegra em: https:\/\/www.ufpr.brufpr\/noticias\/nota-oficial-sobre-pandemia-de-coronavirus-ufpr-suspende-aulas-a-partir-de-segunda-feira-16\/<\/p>\n","protected":false},"excerpt":{"rendered":"<p>ATEN\u00c7\u00c3O:\u00a0 as aulas da disciplina TC 031 est\u00e3o suspensas pelo prazo de 14 dias, a partir desta segunda-feira (16 de mar\u00e7o), em raz\u00e3o da pandemia do Coronav\u00edrus. A nota oficial a respeito pode ser conferida na \u00edntegra em: https:\/\/www.ufpr.brufpr\/noticias\/nota-oficial-sobre-pandemia-de-coronavirus-ufpr-suspende-aulas-a-partir-de-segunda-feira-16\/<\/p>\n","protected":false},"author":1,"featured_media":0,"parent":639,"menu_order":2,"comment_status":"closed","ping_status":"closed","template":"","meta":{"footnotes":""},"class_list":["post-315","page","type-page","status-publish","hentry"],"aioseo_notices":[],"_links":{"self":[{"href":"https:\/\/dcc.ufpr.br\/index.php\/wp-json\/wp\/v2\/pages\/315","targetHints":{"allow":["GET"]}}],"collection":[{"href":"https:\/\/dcc.ufpr.br\/index.php\/wp-json\/wp\/v2\/pages"}],"about":[{"href":"https:\/\/dcc.ufpr.br\/index.php\/wp-json\/wp\/v2\/types\/page"}],"author":[{"embeddable":true,"href":"https:\/\/dcc.ufpr.br\/index.php\/wp-json\/wp\/v2\/users\/1"}],"replies":[{"embeddable":true,"href":"https:\/\/dcc.ufpr.br\/index.php\/wp-json\/wp\/v2\/comments?post=315"}],"version-history":[{"count":3,"href":"https:\/\/dcc.ufpr.br\/index.php\/wp-json\/wp\/v2\/pages\/315\/revisions"}],"predecessor-version":[{"id":2028,"href":"https:\/\/dcc.ufpr.br\/index.php\/wp-json\/wp\/v2\/pages\/315\/revisions\/2028"}],"up":[{"embeddable":true,"href":"https:\/\/dcc.ufpr.br\/index.php\/wp-json\/wp\/v2\/pages\/639"}],"wp:attachment":[{"href":"https:\/\/dcc.ufpr.br\/index.php\/wp-json\/wp\/v2\/media?parent=315"}],"curies":[{"name":"wp","href":"https:\/\/api.w.org\/{rel}","templated":true}]}}