{"id":311,"date":"2019-02-13T16:13:13","date_gmt":"2019-02-13T18:13:13","guid":{"rendered":"https:\/\/dcc.ufpr.br\/?page_id=311"},"modified":"2020-04-02T16:17:47","modified_gmt":"2020-04-02T19:17:47","slug":"material-materiais-de-construcao-civil-i","status":"publish","type":"page","link":"https:\/\/dcc.ufpr.br\/index.php\/disciplinas\/materiais\/materiais-de-construcao-civil-i\/material-materiais-de-construcao-civil-i\/","title":{"rendered":"Material Materiais de Constru\u00e7\u00e3o Civil I"},"content":{"rendered":"<p>Materiais utilizados pelos profs. Jos\u00e9 de A. Freitas Jr., Laila Valduga Artigas e Heloisa Fuganti Campos<\/p>\n<p><a href=\"https:\/\/dcc.ufpr.br\/wp-content\/uploads\/2019\/07\/TC-030-Qu\u00edmica-e-prop-da-\u00e1gua-2019.pdf\">[TC 030] Qu\u00edmica e prop da \u00e1gua 2019<\/a><\/p>\n<p><a href=\"https:\/\/dcc.ufpr.br\/wp-content\/uploads\/2019\/08\/TC-030-Aglomerantes-2019-1.pdf\">[TC 030] Aglomerantes 2019<\/a><\/p>\n<p><a href=\"https:\/\/dcc.ufpr.br\/wp-content\/uploads\/2019\/07\/TC-030-A\u00e7os-para-concreto-2019.pdf\">[TC 030] A\u00e7os para concreto 2019<\/a><\/p>\n<p><a href=\"https:\/\/dcc.ufpr.br\/wp-content\/uploads\/2019\/07\/TC-030-A-estrutura-do-concreto-2019.pdf\">[TC 030] A estrutura do concreto 2019<\/a><\/p>\n<p><a href=\"https:\/\/dcc.ufpr.br\/wp-content\/uploads\/2019\/07\/TC-030-Corros\u00e3o-2019.pdf\">[TC 030] Corros\u00e3o 2019<\/a><\/p>\n<p><a href=\"https:\/\/dcc.ufpr.br\/wp-content\/uploads\/2019\/07\/TC-030-Pol\u00edmeros-2019.pdf\">[TC 030] Pol\u00edmeros 2019<\/a><\/p>\n<p>&nbsp;<\/p>\n<p>Materiais utilizados pelo prof. Ronaldo Medeiros-Junior<\/p>\n<p><a href=\"https:\/\/www.dropbox.com\/sh\/1vobc4qz04gl22n\/AAAJdapf2ASiIfGWkxoKw38ha?dl=0\">https:\/\/www.dropbox.com\/sh\/1vobc4qz04gl22n\/AAAJdapf2ASiIfGWkxoKw38ha?dl=0<\/a><\/p>\n","protected":false},"excerpt":{"rendered":"<p>Materiais utilizados pelos profs. Jos\u00e9 de A. Freitas Jr., Laila Valduga Artigas e Heloisa Fuganti Campos [TC 030] Qu\u00edmica e prop da \u00e1gua 2019 [TC 030] Aglomerantes 2019 [TC 030] A\u00e7os para concreto 2019 [TC 030] A estrutura do concreto 2019 [TC 030] Corros\u00e3o 2019 [TC 030] Pol\u00edmeros 2019 &nbsp; Materiais utilizados pelo prof. Ronaldo [&hellip;]<\/p>\n","protected":false},"author":1,"featured_media":0,"parent":309,"menu_order":0,"comment_status":"closed","ping_status":"closed","template":"","meta":{"footnotes":""},"class_list":["post-311","page","type-page","status-publish","hentry"],"aioseo_notices":[],"_links":{"self":[{"href":"https:\/\/dcc.ufpr.br\/index.php\/wp-json\/wp\/v2\/pages\/311","targetHints":{"allow":["GET"]}}],"collection":[{"href":"https:\/\/dcc.ufpr.br\/index.php\/wp-json\/wp\/v2\/pages"}],"about":[{"href":"https:\/\/dcc.ufpr.br\/index.php\/wp-json\/wp\/v2\/types\/page"}],"author":[{"embeddable":true,"href":"https:\/\/dcc.ufpr.br\/index.php\/wp-json\/wp\/v2\/users\/1"}],"replies":[{"embeddable":true,"href":"https:\/\/dcc.ufpr.br\/index.php\/wp-json\/wp\/v2\/comments?post=311"}],"version-history":[{"count":9,"href":"https:\/\/dcc.ufpr.br\/index.php\/wp-json\/wp\/v2\/pages\/311\/revisions"}],"predecessor-version":[{"id":1537,"href":"https:\/\/dcc.ufpr.br\/index.php\/wp-json\/wp\/v2\/pages\/311\/revisions\/1537"}],"up":[{"embeddable":true,"href":"https:\/\/dcc.ufpr.br\/index.php\/wp-json\/wp\/v2\/pages\/309"}],"wp:attachment":[{"href":"https:\/\/dcc.ufpr.br\/index.php\/wp-json\/wp\/v2\/media?parent=311"}],"curies":[{"name":"wp","href":"https:\/\/api.w.org\/{rel}","templated":true}]}}