{"id":307,"date":"2019-02-13T16:12:45","date_gmt":"2019-02-13T18:12:45","guid":{"rendered":"https:\/\/dcc.ufpr.br\/?page_id=307"},"modified":"2019-02-22T17:15:04","modified_gmt":"2019-02-22T20:15:04","slug":"edital-introducao-a-engenharia-geotecnica","status":"publish","type":"page","link":"https:\/\/dcc.ufpr.br\/index.php\/disciplinas\/geotecnia\/introducao-a-engenharia-geotecnica\/edital-introducao-a-engenharia-geotecnica\/","title":{"rendered":"Edital Introdu\u00e7\u00e3o \u00e0 Engenharia Geot\u00e9cnica"},"content":{"rendered":"<p>Em breve&#8230;<\/p>\n","protected":false},"excerpt":{"rendered":"<p>Em breve&#8230;<\/p>\n","protected":false},"author":1,"featured_media":0,"parent":303,"menu_order":1,"comment_status":"closed","ping_status":"closed","template":"","meta":{"footnotes":""},"class_list":["post-307","page","type-page","status-publish","hentry"],"aioseo_notices":[],"_links":{"self":[{"href":"https:\/\/dcc.ufpr.br\/index.php\/wp-json\/wp\/v2\/pages\/307","targetHints":{"allow":["GET"]}}],"collection":[{"href":"https:\/\/dcc.ufpr.br\/index.php\/wp-json\/wp\/v2\/pages"}],"about":[{"href":"https:\/\/dcc.ufpr.br\/index.php\/wp-json\/wp\/v2\/types\/page"}],"author":[{"embeddable":true,"href":"https:\/\/dcc.ufpr.br\/index.php\/wp-json\/wp\/v2\/users\/1"}],"replies":[{"embeddable":true,"href":"https:\/\/dcc.ufpr.br\/index.php\/wp-json\/wp\/v2\/comments?post=307"}],"version-history":[{"count":2,"href":"https:\/\/dcc.ufpr.br\/index.php\/wp-json\/wp\/v2\/pages\/307\/revisions"}],"predecessor-version":[{"id":1145,"href":"https:\/\/dcc.ufpr.br\/index.php\/wp-json\/wp\/v2\/pages\/307\/revisions\/1145"}],"up":[{"embeddable":true,"href":"https:\/\/dcc.ufpr.br\/index.php\/wp-json\/wp\/v2\/pages\/303"}],"wp:attachment":[{"href":"https:\/\/dcc.ufpr.br\/index.php\/wp-json\/wp\/v2\/media?parent=307"}],"curies":[{"name":"wp","href":"https:\/\/api.w.org\/{rel}","templated":true}]}}