{"id":301,"date":"2019-02-13T16:11:59","date_gmt":"2019-02-13T18:11:59","guid":{"rendered":"https:\/\/dcc.ufpr.br\/?page_id=301"},"modified":"2022-01-19T10:57:27","modified_gmt":"2022-01-19T13:57:27","slug":"edital-resistencia-dos-materiais-ii","status":"publish","type":"page","link":"https:\/\/dcc.ufpr.br\/index.php\/disciplinas\/estruturas\/resistencia-dos-materiais-ii\/edital-resistencia-dos-materiais-ii\/","title":{"rendered":"Edital Resist\u00eancia dos Materiais II"},"content":{"rendered":"<p>Curitiba, 19 de janeiro de 2022.<\/p>\n<p><strong>EDITAL DE SELE\u00c7\u00c3O DE MONITORES<\/strong><\/p>\n<p><strong>PROGRAMA INSTITUCIONAL DE MONITORIA 2021<span style=\"color: #ff0000\"> (ANO 2022)<\/span><\/strong><\/p>\n<p><strong>\u00a0<\/strong><\/p>\n<p><strong>DISCIPLINA:<\/strong> TC028 \u2013 Resist\u00eancia dos Materiais II<\/p>\n<p><strong>PROFESSORA:<\/strong> AMANDA JAREK<\/p>\n<p><strong>N\u00ba DE VAGAS:<\/strong>\u00a0<strong>03<\/strong> &#8211;\u00a0<strong>COM BOLSA<\/strong><\/p>\n<p><strong>\u00a0<\/strong><\/p>\n<p>DATA DA PROVA ESCRITA: Um dia da semana de 31\/01 a 05\/02\/2022<\/p>\n<p>Local e hor\u00e1rio: A definir. Informa\u00e7\u00f5es, ser\u00e3o enviadas por e-mail.<\/p>\n<p>&nbsp;<\/p>\n<p>DATA DA ENTREVISTA: Um dia da semana de 31\/01 a 05\/02\/2022<\/p>\n<p>Local e hor\u00e1rio: Via Teams. Informa\u00e7\u00f5es, ser\u00e3o enviadas por e-mail.<\/p>\n<p>&nbsp;<\/p>\n<p>CONTE\u00daDO DA PROVA ESCRITA:<\/p>\n<p>Cisalhamento; Tor\u00e7\u00e3o; Esfor\u00e7os Combinados; Flambagem; Estado Plano de Tens\u00f5es; Crit\u00e9rios de Falha<\/p>\n<p>&nbsp;<\/p>\n<p>INSCRI\u00c7\u00d5ES: 03\/01\/2022 \u00e0 31\/01\/2022 por e-mail: amanda@ufpr.br<\/p>\n<p>&nbsp;<\/p>\n<p><strong>*OBSERVA\u00c7\u00d5ES:<\/strong><\/p>\n<p>&#8211; Programa <strong><u>com<\/u><\/strong> bolsa.<\/p>\n<p>&#8211; Os alunos selecionados como monitores bolsistas dever\u00e3o participar, <u>obrigatoriamente<\/u>, das atividades promovidas pela PROGRAD.<\/p>\n<p>&#8211; A composi\u00e7\u00e3o da nota de avalia\u00e7\u00e3o seguir\u00e1 as regras da Resolu\u00e7\u00e3o 43\/03 \u2013 CEPE.<\/p>\n<p>&#8211; Apresentar os seguintes documentos no ato da inscri\u00e7\u00e3o: Hist\u00f3rico Escolar e Curr\u00edculo Vitae.<\/p>\n","protected":false},"excerpt":{"rendered":"<p>Curitiba, 19 de janeiro de 2022. EDITAL DE SELE\u00c7\u00c3O DE MONITORES PROGRAMA INSTITUCIONAL DE MONITORIA 2021 (ANO 2022) \u00a0 DISCIPLINA: TC028 \u2013 Resist\u00eancia dos Materiais II PROFESSORA: AMANDA JAREK N\u00ba DE VAGAS:\u00a003 &#8211;\u00a0COM BOLSA \u00a0 DATA DA PROVA ESCRITA: Um dia da semana de 31\/01 a 05\/02\/2022 Local e hor\u00e1rio: A definir. Informa\u00e7\u00f5es, ser\u00e3o enviadas [&hellip;]<\/p>\n","protected":false},"author":1,"featured_media":0,"parent":297,"menu_order":1,"comment_status":"closed","ping_status":"closed","template":"","meta":{"footnotes":""},"class_list":["post-301","page","type-page","status-publish","hentry"],"aioseo_notices":[],"_links":{"self":[{"href":"https:\/\/dcc.ufpr.br\/index.php\/wp-json\/wp\/v2\/pages\/301","targetHints":{"allow":["GET"]}}],"collection":[{"href":"https:\/\/dcc.ufpr.br\/index.php\/wp-json\/wp\/v2\/pages"}],"about":[{"href":"https:\/\/dcc.ufpr.br\/index.php\/wp-json\/wp\/v2\/types\/page"}],"author":[{"embeddable":true,"href":"https:\/\/dcc.ufpr.br\/index.php\/wp-json\/wp\/v2\/users\/1"}],"replies":[{"embeddable":true,"href":"https:\/\/dcc.ufpr.br\/index.php\/wp-json\/wp\/v2\/comments?post=301"}],"version-history":[{"count":13,"href":"https:\/\/dcc.ufpr.br\/index.php\/wp-json\/wp\/v2\/pages\/301\/revisions"}],"predecessor-version":[{"id":2692,"href":"https:\/\/dcc.ufpr.br\/index.php\/wp-json\/wp\/v2\/pages\/301\/revisions\/2692"}],"up":[{"embeddable":true,"href":"https:\/\/dcc.ufpr.br\/index.php\/wp-json\/wp\/v2\/pages\/297"}],"wp:attachment":[{"href":"https:\/\/dcc.ufpr.br\/index.php\/wp-json\/wp\/v2\/media?parent=301"}],"curies":[{"name":"wp","href":"https:\/\/api.w.org\/{rel}","templated":true}]}}