{"id":289,"date":"2019-02-13T16:10:42","date_gmt":"2019-02-13T18:10:42","guid":{"rendered":"https:\/\/dcc.ufpr.br\/?page_id=289"},"modified":"2020-03-02T22:08:38","modified_gmt":"2020-03-03T01:08:38","slug":"edital-resistencia-dos-materiais-i","status":"publish","type":"page","link":"https:\/\/dcc.ufpr.br\/index.php\/disciplinas\/estruturas\/resistencia-dos-materiais-i\/edital-resistencia-dos-materiais-i\/","title":{"rendered":"Edital Resist\u00eancia dos Materiais I"},"content":{"rendered":"<p><strong>Ensalamento 1\u00b0 Semetre de 2020<\/strong><\/p>\n<p>Turma B: Prof\u00aa Amanda Jarek &#8211; Sala\u00a0<strong>PF\u00a014<\/strong><\/p>\n<p>Turma C: Prof. Raphael\u00a0Fernando Scuciato &#8211;\u00a0Sala\u00a0<strong>PF15<\/strong><\/p>\n<p>Turma D: Prof. Ricardo Pieralisi &#8211; Sala\u00a0<strong>PF\u00a018<\/strong><\/p>\n<p>&nbsp;<\/p>\n<p><strong>Datas das Avalia\u00e7\u00f5es<\/strong><\/p>\n<ul>\n<li>24\/03: Teste 1 (20~30 minutos da aula);<\/li>\n<li>09\/04: Teste 2 (20~30 minutos da aula);<\/li>\n<li><b>16\/04: Avalia\u00e7\u00e3o 1;<\/b><\/li>\n<li>21\/04: Feriado (Tiradentes);<\/li>\n<li>14\/05: Teste 3 (20~30 minutos da aula);<\/li>\n<li>19\/05: Recesso (Semana Acad\u00eamica);<\/li>\n<li>21\/05: Recesso (Semana Acad\u00eamica);<\/li>\n<li>09\/06: Teste 4 (20~30 minutos da aula);<\/li>\n<li>11\/06: Feriado (Corpus Christi);<\/li>\n<li><b>18\/06: Avalia\u00e7\u00e3o 2;<\/b><\/li>\n<li>25\/06: 2\u00aa Chamada Unificada.<\/li>\n<\/ul>\n<p>&nbsp;<\/p>\n<p><strong>Formul\u00e1rio para solicita\u00e7\u00e3o de Segunda Chamada<\/strong><\/p>\n<p>Para solicitar a segunda chamada, o aluno deve entrar em contato com o respectivo Professor no prazo de 5 dias \u00fateis, contados a partir da data de realiza\u00e7\u00e3o da avalia\u00e7\u00e3o. No\u00a0pedido, deve ser entregue o formul\u00e1rio preenchido com o respectivo atestado comprobat\u00f3rio.<\/p>\n<p><a href=\"https:\/\/app.box.com\/s\/ss0ldqhk6rh1xtyqk409ain87enn41su\">Formul\u00e1rio para 2\u00aa Chamada<\/a><\/p>\n<p>&nbsp;<\/p>\n<p><strong>Monitoria 1\u00ba\u00a0Semestre de 2020<\/strong><\/p>\n<p><a href=\"https:\/\/app.box.com\/s\/zyiylma75qgpc3ua60rr4ino3u80gbio\">Edital para Monitoria 2020<\/a><\/p>\n<p>&nbsp;<\/p>\n","protected":false},"excerpt":{"rendered":"<p>Ensalamento 1\u00b0 Semetre de 2020 Turma B: Prof\u00aa Amanda Jarek &#8211; Sala\u00a0PF\u00a014 Turma C: Prof. Raphael\u00a0Fernando Scuciato &#8211;\u00a0Sala\u00a0PF15 Turma D: Prof. Ricardo Pieralisi &#8211; Sala\u00a0PF\u00a018 &nbsp; Datas das Avalia\u00e7\u00f5es 24\/03: Teste 1 (20~30 minutos da aula); 09\/04: Teste 2 (20~30 minutos da aula); 16\/04: Avalia\u00e7\u00e3o 1; 21\/04: Feriado (Tiradentes); 14\/05: Teste 3 (20~30 minutos da [&hellip;]<\/p>\n","protected":false},"author":1,"featured_media":0,"parent":285,"menu_order":1,"comment_status":"closed","ping_status":"closed","template":"","meta":{"footnotes":""},"class_list":["post-289","page","type-page","status-publish","hentry"],"aioseo_notices":[],"_links":{"self":[{"href":"https:\/\/dcc.ufpr.br\/index.php\/wp-json\/wp\/v2\/pages\/289","targetHints":{"allow":["GET"]}}],"collection":[{"href":"https:\/\/dcc.ufpr.br\/index.php\/wp-json\/wp\/v2\/pages"}],"about":[{"href":"https:\/\/dcc.ufpr.br\/index.php\/wp-json\/wp\/v2\/types\/page"}],"author":[{"embeddable":true,"href":"https:\/\/dcc.ufpr.br\/index.php\/wp-json\/wp\/v2\/users\/1"}],"replies":[{"embeddable":true,"href":"https:\/\/dcc.ufpr.br\/index.php\/wp-json\/wp\/v2\/comments?post=289"}],"version-history":[{"count":7,"href":"https:\/\/dcc.ufpr.br\/index.php\/wp-json\/wp\/v2\/pages\/289\/revisions"}],"predecessor-version":[{"id":1959,"href":"https:\/\/dcc.ufpr.br\/index.php\/wp-json\/wp\/v2\/pages\/289\/revisions\/1959"}],"up":[{"embeddable":true,"href":"https:\/\/dcc.ufpr.br\/index.php\/wp-json\/wp\/v2\/pages\/285"}],"wp:attachment":[{"href":"https:\/\/dcc.ufpr.br\/index.php\/wp-json\/wp\/v2\/media?parent=289"}],"curies":[{"name":"wp","href":"https:\/\/api.w.org\/{rel}","templated":true}]}}