{"id":285,"date":"2019-02-13T16:10:15","date_gmt":"2019-02-13T18:10:15","guid":{"rendered":"https:\/\/dcc.ufpr.br\/?page_id=285"},"modified":"2020-03-02T22:13:27","modified_gmt":"2020-03-03T01:13:27","slug":"resistencia-dos-materiais-i","status":"publish","type":"page","link":"https:\/\/dcc.ufpr.br\/index.php\/disciplinas\/estruturas\/resistencia-dos-materiais-i\/","title":{"rendered":"Resist\u00eancia dos Materiais I"},"content":{"rendered":"<p><strong>RESIST\u00caNCIA DOS MATERIAIS:<\/strong>\u00a0Ramo da Mec\u00e2nica dos Corpos S\u00f3lidos Deform\u00e1veis no qual se estuda o equil\u00edbrio dos referidos corpos, considerando os efeitos internos, produzidos pela a\u00e7\u00e3o das for\u00e7as externas.<\/p>\n<p>Ementa:<\/p>\n<p>1. Introdu\u00e7\u00e3o \u00e0 Resist\u00eancia dos Materiais<\/p>\n<p>2.Estado\u00a0Triplo de Tens\u00f5es<\/p>\n<p>3.Esfor\u00e7o\u00a0Axial\u00a0Simples<\/p>\n<p>4.Esfor\u00e7o de Flex\u00e3o Simples<\/p>\n<p>5.Flex\u00e3o Normal Composta e Obl\u00edqua<\/p>\n<p>6. Deflex\u00e3o em Vigas<\/p>\n<p>&nbsp;<\/p>\n<p><u><b>BIBLIOGRAFIA B\u00c1SICA\u00a0\u00a0\u00a0 <\/b><\/u><\/p>\n<p>Apostila (www.estruturas.ufpr.br).<\/p>\n<p><u><b>Hibbeler<\/b><\/u><u><b>, R.C., \u2013 \u201cResist\u00eancia dos Materiais\u201d <\/b><\/u><u><b>\u2013 PRINCIPAL (7\u00aa edi\u00e7\u00e3o)<\/b><\/u><\/p>\n<p>Beer, F.P. &amp; Johnston Jr, E.R., \u2013 Resist\u00eancia dos Materiais\u201d.<\/p>\n<p>Mec\u00e2nica dos Materiais (Gere &amp; Goodno, 8\u00aa edi\u00e7\u00e3o, 2017)<\/p>\n<p><u><b>BIBLIOGRAFIA COMPLEMENTAR<\/b><\/u><\/p>\n<p>Craig Jr., R. R. \u2013 \u201cResist\u00eancia dos Materiais\u201d<\/p>\n<p>Feodosyev, I. \u2013 \u201cResist\u00eancia dos Materiais\u201d<\/p>\n<p>Egor P. Popov\u00a0 &#8211;\u00a0 \u201c Introdu\u00e7\u00e3o \u00e0 Mec\u00e2nica dos S\u00f3lidos\u201d<\/p>\n<p>&nbsp;<\/p>\n<p><strong>Avalia\u00e7\u00f5es:<\/strong><\/p>\n<p>2 Provas &#8211;\u00a0\u00a0<b>0<\/b> a <b>80<\/b> pontos<\/p>\n<p>4\u00a0Testes &#8211;\u00a0<b>10 <\/b>pontos cada teste<\/p>\n<p>O conjunto de 1 Prova +\u00a0 2 Testes corresponde a uma <strong>AVALIA\u00c7\u00c3O<\/strong>.<\/p>\n<p>Durante o semestre ser\u00e3o consideradas 2 AVALIA\u00c7\u00d5ES.<\/p>\n<p>&nbsp;<\/p>\n","protected":false},"excerpt":{"rendered":"<p>RESIST\u00caNCIA DOS MATERIAIS:\u00a0Ramo da Mec\u00e2nica dos Corpos S\u00f3lidos Deform\u00e1veis no qual se estuda o equil\u00edbrio dos referidos corpos, considerando os efeitos internos, produzidos pela a\u00e7\u00e3o das for\u00e7as externas. Ementa: 1. Introdu\u00e7\u00e3o \u00e0 Resist\u00eancia dos Materiais 2.Estado\u00a0Triplo de Tens\u00f5es 3.Esfor\u00e7o\u00a0Axial\u00a0Simples 4.Esfor\u00e7o de Flex\u00e3o Simples 5.Flex\u00e3o Normal Composta e Obl\u00edqua 6. Deflex\u00e3o em Vigas &nbsp; BIBLIOGRAFIA B\u00c1SICA\u00a0\u00a0\u00a0 [&hellip;]<\/p>\n","protected":false},"author":1,"featured_media":0,"parent":628,"menu_order":1,"comment_status":"closed","ping_status":"closed","template":"","meta":{"footnotes":""},"class_list":["post-285","page","type-page","status-publish","hentry"],"aioseo_notices":[],"_links":{"self":[{"href":"https:\/\/dcc.ufpr.br\/index.php\/wp-json\/wp\/v2\/pages\/285","targetHints":{"allow":["GET"]}}],"collection":[{"href":"https:\/\/dcc.ufpr.br\/index.php\/wp-json\/wp\/v2\/pages"}],"about":[{"href":"https:\/\/dcc.ufpr.br\/index.php\/wp-json\/wp\/v2\/types\/page"}],"author":[{"embeddable":true,"href":"https:\/\/dcc.ufpr.br\/index.php\/wp-json\/wp\/v2\/users\/1"}],"replies":[{"embeddable":true,"href":"https:\/\/dcc.ufpr.br\/index.php\/wp-json\/wp\/v2\/comments?post=285"}],"version-history":[{"count":6,"href":"https:\/\/dcc.ufpr.br\/index.php\/wp-json\/wp\/v2\/pages\/285\/revisions"}],"predecessor-version":[{"id":1961,"href":"https:\/\/dcc.ufpr.br\/index.php\/wp-json\/wp\/v2\/pages\/285\/revisions\/1961"}],"up":[{"embeddable":true,"href":"https:\/\/dcc.ufpr.br\/index.php\/wp-json\/wp\/v2\/pages\/628"}],"wp:attachment":[{"href":"https:\/\/dcc.ufpr.br\/index.php\/wp-json\/wp\/v2\/media?parent=285"}],"curies":[{"name":"wp","href":"https:\/\/api.w.org\/{rel}","templated":true}]}}