{"id":276,"date":"2019-02-13T16:07:26","date_gmt":"2019-02-13T18:07:26","guid":{"rendered":"https:\/\/dcc.ufpr.br\/?page_id=276"},"modified":"2022-05-31T15:49:30","modified_gmt":"2022-05-31T18:49:30","slug":"construcao-civil-ii","status":"publish","type":"page","link":"https:\/\/dcc.ufpr.br\/index.php\/disciplinas\/construcao-civil\/construcao-civil-ii\/","title":{"rendered":"Constru\u00e7\u00e3o Civil II"},"content":{"rendered":"<p><strong>TC-025 CONSTRU\u00c7\u00c3O CIVIL II \u2013 2022<\/strong><\/p>\n<p><strong>Professores:<\/strong><\/p>\n<ul>\n<li>Profa. Dra. Barbara Talamini Villas B\u00f4as &#8211; Turma A<\/li>\n<li>Prof. Dr. Jos\u00e9 de Almendar Freitas Jr. &#8211; Turma B<\/li>\n<li>Profa. Dra. Heloisa Fuganti Campos &#8211; Turma C<\/li>\n<li>Prof. MSc. Diego Capraro &#8211; Turma D<\/li>\n<\/ul>\n<p><strong>Ementa:<\/strong><\/p>\n<ol>\n<li>Introdu\u00e7\u00e3o a funda\u00e7\u00f5es<\/li>\n<li>Veda\u00e7\u00e3o vertical<\/li>\n<li>Alvenaria estrutural<\/li>\n<li>Esquadrias<\/li>\n<li>Revestimentos<\/li>\n<li>Veda\u00e7\u00e3o horizontal<\/li>\n<li>Pisos em edifica\u00e7\u00f5es<\/li>\n<li>Impermeabiliza\u00e7\u00f5es<\/li>\n<li>Pintura<\/li>\n<\/ol>\n<p>Carga hor\u00e1ria de 60 h, ministradas de acordo com o programa da mat\u00e9ria<\/p>\n<p><strong>Programa\u00e7\u00e3o<\/strong><strong>\u00a02022:<\/strong><\/p>\n<ul>\n<li>Ver o Cronograma da Disciplina 2022 na se\u00e7\u00e3o do edital.<\/li>\n<\/ul>\n<p><strong>AVISOS:<\/strong>\u00a0N\u00e3o \u00e9 permitido o uso de calculadoras alfanum\u00e9ricas e celulares nas provas (obs.: Ser\u00e1 permitido o uso de calculadora simples para resolu\u00e7\u00e3o de quest\u00f5es num\u00e9ricas).<\/p>\n<p><strong>Segunda chamada:<\/strong><\/p>\n<p>O aluno que perder alguma das duas provas dever\u00e1 requerer a segunda chamada oficialmente, de acordo com a\u00a0<a href=\"https:\/\/dcc.ufpr.br\/mediawiki\/index.php\/Legisla%C3%A7%C3%A3o\">Legisla\u00e7\u00e3o<\/a>.<\/p>\n<ul>\n<li>Prova de segunda chamada: uma, ao final do semestre.<\/li>\n<li>Assunto: conte\u00fado do semestre todo.<\/li>\n<\/ul>\n<p><strong>Vistas das provas:<\/strong><\/p>\n<p>Os alunos que desejarem ver as suas provas, poder\u00e3o fazer com solicita\u00e7\u00e3o direta ao professor at\u00e9 no m\u00e1ximo 3 (tr\u00eas) dias ap\u00f3s a divulga\u00e7\u00e3o da nota (de acordo com a Resolu\u00e7\u00e3o.CEPE 37\/97, se\u00e7\u00e3o IV).<\/p>\n","protected":false},"excerpt":{"rendered":"<p>TC-025 CONSTRU\u00c7\u00c3O CIVIL II \u2013 2022 Professores: Profa. Dra. Barbara Talamini Villas B\u00f4as &#8211; Turma A Prof. Dr. Jos\u00e9 de Almendar Freitas Jr. &#8211; Turma B Profa. Dra. Heloisa Fuganti Campos &#8211; Turma C Prof. MSc. Diego Capraro &#8211; Turma D Ementa: Introdu\u00e7\u00e3o a funda\u00e7\u00f5es Veda\u00e7\u00e3o vertical Alvenaria estrutural Esquadrias Revestimentos Veda\u00e7\u00e3o horizontal Pisos em [&hellip;]<\/p>\n","protected":false},"author":1,"featured_media":0,"parent":631,"menu_order":0,"comment_status":"closed","ping_status":"closed","template":"","meta":{"footnotes":""},"class_list":["post-276","page","type-page","status-publish","hentry"],"aioseo_notices":[],"_links":{"self":[{"href":"https:\/\/dcc.ufpr.br\/index.php\/wp-json\/wp\/v2\/pages\/276","targetHints":{"allow":["GET"]}}],"collection":[{"href":"https:\/\/dcc.ufpr.br\/index.php\/wp-json\/wp\/v2\/pages"}],"about":[{"href":"https:\/\/dcc.ufpr.br\/index.php\/wp-json\/wp\/v2\/types\/page"}],"author":[{"embeddable":true,"href":"https:\/\/dcc.ufpr.br\/index.php\/wp-json\/wp\/v2\/users\/1"}],"replies":[{"embeddable":true,"href":"https:\/\/dcc.ufpr.br\/index.php\/wp-json\/wp\/v2\/comments?post=276"}],"version-history":[{"count":5,"href":"https:\/\/dcc.ufpr.br\/index.php\/wp-json\/wp\/v2\/pages\/276\/revisions"}],"predecessor-version":[{"id":2730,"href":"https:\/\/dcc.ufpr.br\/index.php\/wp-json\/wp\/v2\/pages\/276\/revisions\/2730"}],"up":[{"embeddable":true,"href":"https:\/\/dcc.ufpr.br\/index.php\/wp-json\/wp\/v2\/pages\/631"}],"wp:attachment":[{"href":"https:\/\/dcc.ufpr.br\/index.php\/wp-json\/wp\/v2\/media?parent=276"}],"curies":[{"name":"wp","href":"https:\/\/api.w.org\/{rel}","templated":true}]}}