{"id":234,"date":"2019-02-07T18:11:45","date_gmt":"2019-02-07T20:11:45","guid":{"rendered":"https:\/\/dcc.ufpr.br\/?page_id=234"},"modified":"2019-02-22T14:39:35","modified_gmt":"2019-02-22T17:39:35","slug":"material-construcao-civil-i","status":"publish","type":"page","link":"https:\/\/dcc.ufpr.br\/index.php\/disciplinas\/construcao-civil\/construcao-civil-i\/material-construcao-civil-i\/","title":{"rendered":"Material Constru\u00e7\u00e3o Civil I"},"content":{"rendered":"<h2><span id=\"Material_das_aulas_-_Slides\" class=\"mw-headline\"> Material das aulas &#8211; Slides <\/span><\/h2>\n<ul>\n<li><a class=\"internal\" title=\"Apresenta\u00e7\u00e3o-2018.pdf\" href=\"https:\/\/dcc.ufpr.br\/mediawiki\/images\/9\/9d\/Apresenta%C3%A7%C3%A3o-2018.pdf\"> Aula Inaugural<\/a><\/li>\n<\/ul>\n<ul>\n<li><a class=\"internal\" title=\"Industria-Constru\u00e7\u00e3o.pdf\" href=\"https:\/\/dcc.ufpr.br\/mediawiki\/images\/c\/c3\/Industria-Constru%C3%A7%C3%A3o.pdf\"> Industria da Constru\u00e7\u00e3o<\/a><\/li>\n<li><a class=\"internal\" title=\"Aula02-Projetos.pdf\" href=\"https:\/\/dcc.ufpr.br\/mediawiki\/images\/b\/b3\/Aula02-Projetos.pdf\"> Aprova\u00e7\u00e3o de projetos &#8211; Prefeitura<\/a><\/li>\n<li><a class=\"internal\" title=\"Aula-03-Canteiro.pdf\" href=\"https:\/\/dcc.ufpr.br\/mediawiki\/images\/e\/e5\/Aula-03-Canteiro.pdf\"> Canteiro de Obras<\/a><\/li>\n<li><a class=\"internal\" title=\"Sustentavel1.pdf\" href=\"https:\/\/dcc.ufpr.br\/mediawiki\/images\/8\/89\/Sustentavel1.pdf\"> Canteiros de Obras mais Sustent\u00e1veis<\/a><\/li>\n<li><a class=\"internal\" title=\"Recebimento-parte 1.pdf\" href=\"https:\/\/dcc.ufpr.br\/mediawiki\/images\/7\/72\/Recebimento-parte_1.pdf\"> Canteiro de Obras &#8211; Recebimento de Materiais &#8211; Parte 01<\/a><\/li>\n<li><a class=\"internal\" title=\"Recebimento-parte 2.pdf\" href=\"https:\/\/dcc.ufpr.br\/mediawiki\/images\/d\/dd\/Recebimento-parte_2.pdf\"> Canteiro de Obras &#8211; Recebimento de Materiais &#8211; Parte 02<\/a><\/li>\n<li><a class=\"internal\" title=\"Seguran\u00e7a-Parte01.pdf\" href=\"https:\/\/dcc.ufpr.br\/mediawiki\/images\/8\/89\/Seguran%C3%A7a-Parte01.pdf\"> Seguran\u00e7a nos canteiros de Obras &#8211; PARTE 01<\/a><\/li>\n<li><a class=\"internal\" title=\"Seguran\u00e7a-Parte02.pdf\" href=\"https:\/\/dcc.ufpr.br\/mediawiki\/images\/f\/f2\/Seguran%C3%A7a-Parte02.pdf\"> Seguran\u00e7a nos canteiros de Obras &#8211; PARTE 02<\/a><\/li>\n<li><a class=\"internal\" title=\"Vistoria-Vizinhan\u00e7a2.pdf\" href=\"https:\/\/dcc.ufpr.br\/mediawiki\/images\/f\/fb\/Vistoria-Vizinhan%C3%A7a2.pdf\"> Vistoria da vizinhan\u00e7a<\/a><\/li>\n<li><a class=\"internal\" title=\"Servi\u00e7osPreliminares.pdf\" href=\"https:\/\/dcc.ufpr.br\/mediawiki\/images\/e\/e1\/Servi%C3%A7osPreliminares.pdf\"> Servi\u00e7os Preliminares<\/a><\/li>\n<li><a class=\"new\" title=\"Aula-08.pdf\" href=\"https:\/\/dcc.ufpr.br\/mediawiki\/index.php?title=Especial:Carregar_arquivo&amp;wpDestFile=Aula-08.pdf\"> Servi\u00e7os Preliminares<\/a><\/li>\n<li><a class=\"new\" title=\"07 Sistemas de conten\u00e7\u00e3o1.pdf\" href=\"https:\/\/dcc.ufpr.br\/mediawiki\/index.php?title=Especial:Carregar_arquivo&amp;wpDestFile=07_Sistemas_de_conten%C3%A7%C3%A3o1.pdf\"> Sistemas de Conten\u00e7\u00e3o<\/a><\/li>\n<li><a class=\"internal\" title=\"Loca\u00e7\u00e3o.pdf\" href=\"https:\/\/dcc.ufpr.br\/mediawiki\/images\/4\/4f\/Loca%C3%A7%C3%A3o.pdf\"> Loca\u00e7\u00e3o de Obras<\/a><\/li>\n<li><a class=\"internal\" title=\"NR18atualizada2015.pdf\" href=\"https:\/\/dcc.ufpr.br\/mediawiki\/images\/c\/ce\/NR18atualizada2015.pdf\"> NR-18<\/a><\/li>\n<\/ul>\n<ul>\n<li><a class=\"internal\" title=\"EXERC\u00cdCIOS-MOV-TERRA.docx\" href=\"https:\/\/dcc.ufpr.br\/mediawiki\/images\/6\/68\/EXERC%C3%8DCIOS-MOV-TERRA.docx\"> Movimento de Terra &#8211; Exerc\u00edcio<\/a><\/li>\n<\/ul>\n<h2><span id=\"Atividades\" class=\"mw-headline\"> Atividades <\/span><\/h2>\n<ul>\n<li><a class=\"internal\" title=\"Exerc\u00edcios-Canteiro-Sala.pdf\" href=\"https:\/\/dcc.ufpr.br\/mediawiki\/images\/b\/b4\/Exerc%C3%ADcios-Canteiro-Sala.pdf\"> Arquivos &#8211; Atividade de Canteiro<\/a><\/li>\n<li><a class=\"internal\" title=\"Exerc\u00edcios-Coef.Aproveitamento.pdf\" href=\"https:\/\/dcc.ufpr.br\/mediawiki\/images\/6\/6c\/Exerc%C3%ADcios-Coef.Aproveitamento.pdf\"> Exerc\u00edcios de fixa\u00e7\u00e3o &#8211; Aprova\u00e7\u00e3o de projetos &#8211; Prefeitura<\/a><\/li>\n<li><a class=\"new\" title=\".docx\" href=\"https:\/\/dcc.ufpr.br\/mediawiki\/index.php?title=Especial:Carregar_arquivo&amp;wpDestFile=.docx\"> Exerc\u00edcios de Movimento de Terra &#8211; Exerc\u00edcio 04 <\/a><\/li>\n<li><a class=\"new\" title=\".docx\" href=\"https:\/\/dcc.ufpr.br\/mediawiki\/index.php?title=Especial:Carregar_arquivo&amp;wpDestFile=.docx\"> Exerc\u00edcios de Loca\u00e7\u00e3o &#8211; Pilares <\/a><\/li>\n<\/ul>\n<h2><span id=\"Material_das_aulas_e_Ambiente_de_colabora.C3.A7.C3.A3o\" class=\"mw-headline\"> Material das aulas e Ambiente de colabora\u00e7\u00e3o <\/span><\/h2>\n<p>Artigos\/textos para leitura e v\u00eddeo de suporte para estudo:<\/p>\n<ul>\n<li><a class=\"internal\" title=\"Melo e Amorin 2009 Brasil x EUA x Europa.pdf\" href=\"https:\/\/dcc.ufpr.br\/mediawiki\/images\/a\/a8\/Melo_e_Amorin_2009_Brasil_x_EUA_x_Europa.pdf\">Melo e Amorin (2009)<\/a><\/li>\n<\/ul>\n<ul>\n<li><a class=\"internal\" title=\"Quest\u00f5es Melo e Amorim 2009.pdf\" href=\"https:\/\/dcc.ufpr.br\/mediawiki\/images\/f\/fb\/Quest%C3%B5es_Melo_e_Amorim_2009.pdf\">Quest\u00f5es sobre &#8211; Melo e Amorin (2009)<\/a><\/li>\n<\/ul>\n<ul>\n<li><a class=\"internal\" title=\"Locacaodeobra1.pdf\" href=\"https:\/\/dcc.ufpr.br\/mediawiki\/images\/c\/cf\/Locacaodeobra1.pdf\">Loca\u00e7\u00e3o de obra<\/a><\/li>\n<li><a class=\"internal\" title=\"BNDES Perspectivas do Investimento 2010 13.pdf\" href=\"https:\/\/dcc.ufpr.br\/mediawiki\/images\/3\/31\/BNDES_Perspectivas_do_Investimento_2010_13.pdf\">Constru\u00e7\u00e3o civil no Brasil: investimentos e desafios \u2013 Perspectivas de Crescimento 2010-2013 \u2013 BNDES<\/a><\/li>\n<li><a class=\"internal\" title=\"Cadeia Produtiva 2012.pdf\" href=\"https:\/\/dcc.ufpr.br\/mediawiki\/images\/5\/55\/Cadeia_Produtiva_2012.pdf\">Perfil da Cadeia Produtiva da Constru\u00e7\u00e3o e da Ind\u00fastria de Materiais \/ ABRAMAT<\/a><\/li>\n<li><a class=\"internal\" title=\"CBIC FGV.pdf\" href=\"https:\/\/dcc.ufpr.br\/mediawiki\/images\/a\/a2\/CBIC_FGV.pdf\">A produtividade da Constru\u00e7\u00e3o Civil brasileira \u2013 CBIC \/ FGV Projetos<\/a><\/li>\n<\/ul>\n","protected":false},"excerpt":{"rendered":"<p>Material das aulas &#8211; Slides Aula Inaugural Industria da Constru\u00e7\u00e3o Aprova\u00e7\u00e3o de projetos &#8211; Prefeitura Canteiro de Obras Canteiros de Obras mais Sustent\u00e1veis Canteiro de Obras &#8211; Recebimento de Materiais &#8211; Parte 01 Canteiro de Obras &#8211; Recebimento de Materiais &#8211; Parte 02 Seguran\u00e7a nos canteiros de Obras &#8211; PARTE 01 Seguran\u00e7a nos canteiros de [&hellip;]<\/p>\n","protected":false},"author":1,"featured_media":0,"parent":230,"menu_order":1,"comment_status":"closed","ping_status":"closed","template":"","meta":{"footnotes":""},"class_list":["post-234","page","type-page","status-publish","hentry"],"aioseo_notices":[],"_links":{"self":[{"href":"https:\/\/dcc.ufpr.br\/index.php\/wp-json\/wp\/v2\/pages\/234","targetHints":{"allow":["GET"]}}],"collection":[{"href":"https:\/\/dcc.ufpr.br\/index.php\/wp-json\/wp\/v2\/pages"}],"about":[{"href":"https:\/\/dcc.ufpr.br\/index.php\/wp-json\/wp\/v2\/types\/page"}],"author":[{"embeddable":true,"href":"https:\/\/dcc.ufpr.br\/index.php\/wp-json\/wp\/v2\/users\/1"}],"replies":[{"embeddable":true,"href":"https:\/\/dcc.ufpr.br\/index.php\/wp-json\/wp\/v2\/comments?post=234"}],"version-history":[{"count":1,"href":"https:\/\/dcc.ufpr.br\/index.php\/wp-json\/wp\/v2\/pages\/234\/revisions"}],"predecessor-version":[{"id":235,"href":"https:\/\/dcc.ufpr.br\/index.php\/wp-json\/wp\/v2\/pages\/234\/revisions\/235"}],"up":[{"embeddable":true,"href":"https:\/\/dcc.ufpr.br\/index.php\/wp-json\/wp\/v2\/pages\/230"}],"wp:attachment":[{"href":"https:\/\/dcc.ufpr.br\/index.php\/wp-json\/wp\/v2\/media?parent=234"}],"curies":[{"name":"wp","href":"https:\/\/api.w.org\/{rel}","templated":true}]}}