{"id":230,"date":"2019-02-07T18:10:38","date_gmt":"2019-02-07T20:10:38","guid":{"rendered":"https:\/\/dcc.ufpr.br\/?page_id=230"},"modified":"2019-02-22T14:39:53","modified_gmt":"2019-02-22T17:39:53","slug":"construcao-civil-i","status":"publish","type":"page","link":"https:\/\/dcc.ufpr.br\/index.php\/disciplinas\/construcao-civil\/construcao-civil-i\/","title":{"rendered":"Constru\u00e7\u00e3o Civil I"},"content":{"rendered":"<table class=\"wikitable\">\n<caption>2\u00ba Semestre &#8211; 2018<\/caption>\n<tbody>\n<tr>\n<th>Turma<\/th>\n<th>Professor<\/th>\n<th>Sala<\/th>\n<\/tr>\n<tr>\n<td>A<\/td>\n<td>Profa. Ana Paula Capraro<\/td>\n<td>PF 07<\/td>\n<\/tr>\n<tr>\n<td>B<\/td>\n<td>Profa. Barbara Talamini Villas B\u00f4as<\/td>\n<td>PF 01<\/td>\n<\/tr>\n<tr>\n<td>C<\/td>\n<td>No momento, esta turma encontra-se dividida entre as turmas A e D.Os alunos que ainda n\u00e3o foram direcionados a turma espec\u00edfica, direcionar-se \u00e0 PF 18 no hor\u00e1rio da aula e se apresentar \u00e0 professora.<\/td>\n<\/tr>\n<tr>\n<td>D<\/td>\n<td>Profa. Nayara Soares Klein<\/td>\n<td>PF18<\/td>\n<\/tr>\n<\/tbody>\n<\/table>\n<p>&nbsp;<\/p>\n<h2><span id=\"Ementa.2FInforma.C3.A7.C3.B5es\" class=\"mw-headline\"> <a class=\"internal\" title=\"TC024 ficha F1.pdf\" href=\"https:\/\/dcc.ufpr.br\/mediawiki\/images\/e\/e9\/TC024_ficha_F1.pdf\"> Ementa\/Informa\u00e7\u00f5es<\/a> <\/span><\/h2>\n<p>EXAME FINAL\u00a0: DIA 10\/12\/2018 &#8211; 09:30 SALA PF 07<\/p>\n<ol>\n<li>Ind\u00fastria da Constru\u00e7\u00e3o Civil<\/li>\n<li>Canteiro de obras<\/li>\n<li>Recebimento e armazenamento de materiais<\/li>\n<li>Seguran\u00e7a na constru\u00e7\u00e3o<\/li>\n<li>Servi\u00e7os preliminares<\/li>\n<li>Movimento de terra<\/li>\n<li>Sistemas de conten\u00e7\u00e3o<\/li>\n<li>Loca\u00e7\u00e3o de obras<\/li>\n<\/ol>\n<p>Carga hor\u00e1ria\u00a0: 60 hs<\/p>\n<ul>\n<li><a class=\"internal\" title=\"TC024 ficha F2.pdf\" href=\"https:\/\/dcc.ufpr.br\/mediawiki\/images\/0\/02\/TC024_ficha_F2.pdf\"> Programa anal\u00edtico gen\u00e9rico registrado no DCC (ficha 2)<\/a>.<\/li>\n<\/ul>\n<h2><span id=\"Programa_do_curso_-_2018\" class=\"mw-headline\"> Programa do curso &#8211; 2018 <\/span><\/h2>\n<ul>\n<li><a class=\"internal\" title=\"TC 024 C Civil I Programa\u00e7\u00e3o de 2018.docx\" href=\"https:\/\/dcc.ufpr.br\/mediawiki\/images\/5\/51\/TC_024_C_Civil_I_Programa%C3%A7%C3%A3o_de_2018.docx\"> Programa TC-024 2018<\/a><\/li>\n<\/ul>\n","protected":false},"excerpt":{"rendered":"<p>2\u00ba Semestre &#8211; 2018 Turma Professor Sala A Profa. Ana Paula Capraro PF 07 B Profa. Barbara Talamini Villas B\u00f4as PF 01 C No momento, esta turma encontra-se dividida entre as turmas A e D.Os alunos que ainda n\u00e3o foram direcionados a turma espec\u00edfica, direcionar-se \u00e0 PF 18 no hor\u00e1rio da aula e se apresentar [&hellip;]<\/p>\n","protected":false},"author":1,"featured_media":0,"parent":631,"menu_order":5,"comment_status":"closed","ping_status":"closed","template":"","meta":{"footnotes":""},"class_list":["post-230","page","type-page","status-publish","hentry"],"aioseo_notices":[],"_links":{"self":[{"href":"https:\/\/dcc.ufpr.br\/index.php\/wp-json\/wp\/v2\/pages\/230","targetHints":{"allow":["GET"]}}],"collection":[{"href":"https:\/\/dcc.ufpr.br\/index.php\/wp-json\/wp\/v2\/pages"}],"about":[{"href":"https:\/\/dcc.ufpr.br\/index.php\/wp-json\/wp\/v2\/types\/page"}],"author":[{"embeddable":true,"href":"https:\/\/dcc.ufpr.br\/index.php\/wp-json\/wp\/v2\/users\/1"}],"replies":[{"embeddable":true,"href":"https:\/\/dcc.ufpr.br\/index.php\/wp-json\/wp\/v2\/comments?post=230"}],"version-history":[{"count":1,"href":"https:\/\/dcc.ufpr.br\/index.php\/wp-json\/wp\/v2\/pages\/230\/revisions"}],"predecessor-version":[{"id":231,"href":"https:\/\/dcc.ufpr.br\/index.php\/wp-json\/wp\/v2\/pages\/230\/revisions\/231"}],"up":[{"embeddable":true,"href":"https:\/\/dcc.ufpr.br\/index.php\/wp-json\/wp\/v2\/pages\/631"}],"wp:attachment":[{"href":"https:\/\/dcc.ufpr.br\/index.php\/wp-json\/wp\/v2\/media?parent=230"}],"curies":[{"name":"wp","href":"https:\/\/api.w.org\/{rel}","templated":true}]}}