{"id":217,"date":"2019-02-07T18:05:34","date_gmt":"2019-02-07T20:05:34","guid":{"rendered":"https:\/\/dcc.ufpr.br\/?page_id=217"},"modified":"2019-02-22T14:44:24","modified_gmt":"2019-02-22T17:44:24","slug":"material-mecanica-geral-ii","status":"publish","type":"page","link":"https:\/\/dcc.ufpr.br\/index.php\/disciplinas\/estruturas\/mecanica-geral-ii\/material-mecanica-geral-ii\/","title":{"rendered":"Material Mec\u00e2nica Geral II"},"content":{"rendered":"<ul>\n<li>Teste 01 (Treli\u00e7as) \u2013 Exerc\u00edcios propostos da 12\u00aa Edi\u00e7\u00e3o do Hibbeler: 6.1 at\u00e9 6.11; 6.14; 6.15; 6.18; 6.19; 6.22 at\u00e9 6.25;6.31; 6.41; 6.43; 6.49 at\u00e9 6.53.<a href=\"https:\/\/app.box.com\/s\/6waluwnr06fnvm2xkzupbb9r0a14fqyt\">Teste 02 \u2013 Vigas<\/a><a href=\"https:\/\/app.box.com\/s\/hw7xvgc3scvwvih3lmpy8q1udqwadut3\">Teste 03 \u2013 Centroide e Centro de Gravidade<\/a>\n<p><a href=\"https:\/\/app.box.com\/s\/oylrixoxua3erdafv5oh39hu63v0fmap\">Teste 04 \u2013 Momento de In\u00e9rcia<\/a><\/p>\n<p>&nbsp;<\/p>\n<p><strong>Notas de Aula dos professores:<\/strong><\/p>\n<ul>\n<li>Turma A<\/li>\n<li>Turma B<\/li>\n<li><a href=\"https:\/\/goo.gl\/bkaDqB\">Turma C<\/a><\/li>\n<li><a href=\"https:\/\/1drv.ms\/f\/s!AmzgnSDqOvMdiUT5CURohiRsiWDh\">Turma D<\/a><\/li>\n<\/ul>\n<\/li>\n<\/ul>\n","protected":false},"excerpt":{"rendered":"<p>Teste 01 (Treli\u00e7as) \u2013 Exerc\u00edcios propostos da 12\u00aa Edi\u00e7\u00e3o do Hibbeler: 6.1 at\u00e9 6.11; 6.14; 6.15; 6.18; 6.19; 6.22 at\u00e9 6.25;6.31; 6.41; 6.43; 6.49 at\u00e9 6.53.Teste 02 \u2013 VigasTeste 03 \u2013 Centroide e Centro de Gravidade Teste 04 \u2013 Momento de In\u00e9rcia &nbsp; Notas de Aula dos professores: Turma A Turma B Turma C Turma [&hellip;]<\/p>\n","protected":false},"author":1,"featured_media":0,"parent":211,"menu_order":1,"comment_status":"closed","ping_status":"closed","template":"","meta":{"footnotes":""},"class_list":["post-217","page","type-page","status-publish","hentry"],"aioseo_notices":[],"_links":{"self":[{"href":"https:\/\/dcc.ufpr.br\/index.php\/wp-json\/wp\/v2\/pages\/217","targetHints":{"allow":["GET"]}}],"collection":[{"href":"https:\/\/dcc.ufpr.br\/index.php\/wp-json\/wp\/v2\/pages"}],"about":[{"href":"https:\/\/dcc.ufpr.br\/index.php\/wp-json\/wp\/v2\/types\/page"}],"author":[{"embeddable":true,"href":"https:\/\/dcc.ufpr.br\/index.php\/wp-json\/wp\/v2\/users\/1"}],"replies":[{"embeddable":true,"href":"https:\/\/dcc.ufpr.br\/index.php\/wp-json\/wp\/v2\/comments?post=217"}],"version-history":[{"count":4,"href":"https:\/\/dcc.ufpr.br\/index.php\/wp-json\/wp\/v2\/pages\/217\/revisions"}],"predecessor-version":[{"id":1135,"href":"https:\/\/dcc.ufpr.br\/index.php\/wp-json\/wp\/v2\/pages\/217\/revisions\/1135"}],"up":[{"embeddable":true,"href":"https:\/\/dcc.ufpr.br\/index.php\/wp-json\/wp\/v2\/pages\/211"}],"wp:attachment":[{"href":"https:\/\/dcc.ufpr.br\/index.php\/wp-json\/wp\/v2\/media?parent=217"}],"curies":[{"name":"wp","href":"https:\/\/api.w.org\/{rel}","templated":true}]}}