{"id":214,"date":"2019-02-07T18:05:04","date_gmt":"2019-02-07T20:05:04","guid":{"rendered":"https:\/\/dcc.ufpr.br\/?page_id=214"},"modified":"2019-02-22T14:44:40","modified_gmt":"2019-02-22T17:44:40","slug":"edital-mecanica-geral-ii","status":"publish","type":"page","link":"https:\/\/dcc.ufpr.br\/index.php\/disciplinas\/estruturas\/mecanica-geral-ii\/edital-mecanica-geral-ii\/","title":{"rendered":"Edital Mec\u00e2nica Geral II"},"content":{"rendered":"<p><strong>A REALIZA\u00c7\u00c3O DA SEGUNDA CHAMADA, PARA TODAS AS TURMAS, SER\u00c1 NA PF 11 COM O PROFESSOR RAPHAEL \u2013 DIA 29\/11\/2018 \u00c0S 9:30.<\/strong><\/p>\n<p><strong>Formul\u00e1rio para solicita\u00e7\u00e3o de Segunda Chamada<\/strong><\/p>\n<p>Para solicitar a segunda chamada, o aluno deve entrar em contato com o respectivo Professor no prazo de 5 dias \u00fateis, contados a partir da data de realiza\u00e7\u00e3o da avalia\u00e7\u00e3o. No\u00a0pedido, deve ser enviado o formul\u00e1rio preenchido com o respectivo atestado comprobat\u00f3rio.<\/p>\n<p><a href=\"https:\/\/app.box.com\/s\/i7fk1adj2gl2f9hed8gyygvtggn0iyai\">Formul\u00e1rio de Solicita\u00e7\u00e3o para 2\u00aa Chamada<\/a><\/p>\n<p>Contato dos Professores e via de entrega:<\/p>\n<p>Prof. Raphael\u00a0Fernando Scuciato:\u00a0raphael.scuciato@ufpr.br (verificar com o Professor)<\/p>\n<p>Prof\u00aa Amanda Jarek: amanda@ufpr.br (e-mail ou pessoalmente)<\/p>\n<p>Prof. Ricardo Pieralisi:\u00a0ricpieralisi@ufpr.br\u00a0(e-mail ou pessoalmente)<\/p>\n<p>Prof. Jos\u00e9 Lucas Sobral Marques\u00a0\u00a0(verificar com o Professor)<\/p>\n<p>&nbsp;<\/p>\n<p><strong>Ensalamento 2\u00b0 Semetre de 2018<\/strong><\/p>\n<p>Turma A \u2013 Prof\u00b0 Raphael Fernando Scuciato: PF 11<\/p>\n<p>Turma B \u2013 Prof\u00aa Amanda Jarek: PF 14<\/p>\n<p>Turma C \u2013 Prof\u00b0 Ricardo Pieralisi: PF 15<\/p>\n<p>Turma D \u2013 Prof\u00b0 Jos\u00e9 Lucas Sobral Marques: PF 18<\/p>\n<p><strong>Monitoria do 2\u00b0 Semestre de 2018<\/strong><\/p>\n<p>Aluno:\u00a0Lucas Bohn<\/p>\n<p>Seg\u00a0 11h45 \u2014 13h15<br \/>\nQua 11h45 \u2014 13h15<br \/>\nSex 11h45 \u2014 13h15<\/p>\n<p>Local: Sala de monitoria do pr\u00e9dio do Lame\/Cesec.<\/p>\n<p>&nbsp;<\/p>\n<p><strong>Calend\u00e1rio da disciplina<\/strong><\/p>\n<p>23\/08: Teste 1 (30 minutos finais da aula)<\/p>\n<p>13\/09: Teste 2 (30 minutos finais da aula)<\/p>\n<p>20\/09: <strong>Avalia\u00e7\u00e3o 1<\/strong><\/p>\n<p>02\/10: Recesso (SIEPE)<\/p>\n<p>04\/10: Recesso (SIEPE)<\/p>\n<p>23\/10: Teste 3 (30 minutos finais da aula)<\/p>\n<p>13\/11: Teste 4 (30 minutos finais da aula)<\/p>\n<p>15\/11: Feriado (Proclama\u00e7\u00e3o da Rep\u00fablica)<\/p>\n<p>22\/11: <strong>Avalia\u00e7\u00e3o 2<\/strong><\/p>\n<p>29\/11:\u00a0Segunda Chamada Unificada (Mat\u00e9ria do semestre inteiro)<\/p>\n<p><strong>\u00a013\/12: PROVA FINAL \u00c0S 9:30<\/strong><\/p>\n<p><strong>NOVO \u2013 ENSALAMENTO PARA PROVA FINAL<\/strong><\/p>\n<p><strong>TURMAS A e D \u2013 PF11<\/strong><\/p>\n<p><strong>TURMAS B e C \u2013 PF18<\/strong><\/p>\n<p>&nbsp;<\/p>\n<p><strong>Notas:<\/strong><\/p>\n<ul>\n<li>Turma A<\/li>\n<li>Turma B<\/li>\n<li><a href=\"https:\/\/goo.gl\/bkaDqB\">Turma C<\/a><\/li>\n<li>Turma D<\/li>\n<\/ul>\n","protected":false},"excerpt":{"rendered":"<p>A REALIZA\u00c7\u00c3O DA SEGUNDA CHAMADA, PARA TODAS AS TURMAS, SER\u00c1 NA PF 11 COM O PROFESSOR RAPHAEL \u2013 DIA 29\/11\/2018 \u00c0S 9:30. Formul\u00e1rio para solicita\u00e7\u00e3o de Segunda Chamada Para solicitar a segunda chamada, o aluno deve entrar em contato com o respectivo Professor no prazo de 5 dias \u00fateis, contados a partir da data de [&hellip;]<\/p>\n","protected":false},"author":1,"featured_media":0,"parent":211,"menu_order":0,"comment_status":"closed","ping_status":"closed","template":"","meta":{"footnotes":""},"class_list":["post-214","page","type-page","status-publish","hentry"],"aioseo_notices":[],"_links":{"self":[{"href":"https:\/\/dcc.ufpr.br\/index.php\/wp-json\/wp\/v2\/pages\/214","targetHints":{"allow":["GET"]}}],"collection":[{"href":"https:\/\/dcc.ufpr.br\/index.php\/wp-json\/wp\/v2\/pages"}],"about":[{"href":"https:\/\/dcc.ufpr.br\/index.php\/wp-json\/wp\/v2\/types\/page"}],"author":[{"embeddable":true,"href":"https:\/\/dcc.ufpr.br\/index.php\/wp-json\/wp\/v2\/users\/1"}],"replies":[{"embeddable":true,"href":"https:\/\/dcc.ufpr.br\/index.php\/wp-json\/wp\/v2\/comments?post=214"}],"version-history":[{"count":1,"href":"https:\/\/dcc.ufpr.br\/index.php\/wp-json\/wp\/v2\/pages\/214\/revisions"}],"predecessor-version":[{"id":215,"href":"https:\/\/dcc.ufpr.br\/index.php\/wp-json\/wp\/v2\/pages\/214\/revisions\/215"}],"up":[{"embeddable":true,"href":"https:\/\/dcc.ufpr.br\/index.php\/wp-json\/wp\/v2\/pages\/211"}],"wp:attachment":[{"href":"https:\/\/dcc.ufpr.br\/index.php\/wp-json\/wp\/v2\/media?parent=214"}],"curies":[{"name":"wp","href":"https:\/\/api.w.org\/{rel}","templated":true}]}}