{"id":178,"date":"2019-02-07T14:29:34","date_gmt":"2019-02-07T16:29:34","guid":{"rendered":"https:\/\/dcc.ufpr.br\/?page_id=178"},"modified":"2019-02-22T14:46:30","modified_gmt":"2019-02-22T17:46:30","slug":"material-introducao-a-engenharia","status":"publish","type":"page","link":"https:\/\/dcc.ufpr.br\/index.php\/disciplinas\/construcao-civil\/introducao-a-engenharia\/material-introducao-a-engenharia\/","title":{"rendered":"Material Introdu\u00e7\u00e3o \u00e0 Engenharia"},"content":{"rendered":"<h2><span id=\"Material_de_apoio\" class=\"mw-headline\">Material de apoio<\/span><\/h2>\n<ul>\n<li><a class=\"internal\" title=\"TC 02 Turmas A e D 2018.pdf\" href=\"https:\/\/dcc.ufpr.br\/mediawiki\/images\/a\/a5\/TC_02_Turmas_A_e_D_2018.pdf\">Apresenta\u00e7\u00f5es Turmas A e D &#8211; 2018<\/a>.<\/li>\n<li><a class=\"internal\" title=\"TC 22 Aula Freitas.pdf\" href=\"https:\/\/dcc.ufpr.br\/mediawiki\/images\/b\/bd\/TC_22_Aula_Freitas.pdf\">Apresenta\u00e7\u00e3o Aula especial prof. Freitas &#8211; 2018<\/a>.<\/li>\n<\/ul>\n","protected":false},"excerpt":{"rendered":"<p>Material de apoio Apresenta\u00e7\u00f5es Turmas A e D &#8211; 2018. Apresenta\u00e7\u00e3o Aula especial prof. Freitas &#8211; 2018.<\/p>\n","protected":false},"author":1,"featured_media":0,"parent":173,"menu_order":1,"comment_status":"closed","ping_status":"closed","template":"","meta":{"footnotes":""},"class_list":["post-178","page","type-page","status-publish","hentry"],"aioseo_notices":[],"_links":{"self":[{"href":"https:\/\/dcc.ufpr.br\/index.php\/wp-json\/wp\/v2\/pages\/178","targetHints":{"allow":["GET"]}}],"collection":[{"href":"https:\/\/dcc.ufpr.br\/index.php\/wp-json\/wp\/v2\/pages"}],"about":[{"href":"https:\/\/dcc.ufpr.br\/index.php\/wp-json\/wp\/v2\/types\/page"}],"author":[{"embeddable":true,"href":"https:\/\/dcc.ufpr.br\/index.php\/wp-json\/wp\/v2\/users\/1"}],"replies":[{"embeddable":true,"href":"https:\/\/dcc.ufpr.br\/index.php\/wp-json\/wp\/v2\/comments?post=178"}],"version-history":[{"count":1,"href":"https:\/\/dcc.ufpr.br\/index.php\/wp-json\/wp\/v2\/pages\/178\/revisions"}],"predecessor-version":[{"id":179,"href":"https:\/\/dcc.ufpr.br\/index.php\/wp-json\/wp\/v2\/pages\/178\/revisions\/179"}],"up":[{"embeddable":true,"href":"https:\/\/dcc.ufpr.br\/index.php\/wp-json\/wp\/v2\/pages\/173"}],"wp:attachment":[{"href":"https:\/\/dcc.ufpr.br\/index.php\/wp-json\/wp\/v2\/media?parent=178"}],"curies":[{"name":"wp","href":"https:\/\/api.w.org\/{rel}","templated":true}]}}