{"id":173,"date":"2019-02-07T14:28:18","date_gmt":"2019-02-07T16:28:18","guid":{"rendered":"https:\/\/dcc.ufpr.br\/?page_id=173"},"modified":"2019-02-22T14:45:58","modified_gmt":"2019-02-22T17:45:58","slug":"introducao-a-engenharia","status":"publish","type":"page","link":"https:\/\/dcc.ufpr.br\/index.php\/disciplinas\/construcao-civil\/introducao-a-engenharia\/","title":{"rendered":"Introdu\u00e7\u00e3o \u00e0 Engenharia"},"content":{"rendered":"<h1 id=\"firstHeading\" class=\"firstHeading\"><span dir=\"auto\">TC-022 Introdu\u00e7\u00e3o \u00e0 Engenharia<\/span><\/h1>\n<div id=\"bodyContent\">\n<div id=\"contentSub\"><\/div>\n<div id=\"jump-to-nav\" class=\"mw-jump\"><\/div>\n<div id=\"mw-content-text\" class=\"mw-content-ltr\" dir=\"ltr\" lang=\"pt-BR\">\n<table class=\"wikitable\">\n<caption>1\u00ba Semestre &#8211; 2018<\/caption>\n<tbody>\n<tr>\n<th>turma<\/th>\n<th>professor<\/th>\n<th>sala<\/th>\n<th>hor\u00e1rio<\/th>\n<\/tr>\n<tr>\n<td>A<\/td>\n<td>Prof. Carlos Frederico Alice Parchen &#8211; DCC<\/td>\n<td>PF11<\/td>\n<td rowspan=\"5\">2<sup>a<\/sup>, 09:30-11:30 hs<\/td>\n<\/tr>\n<tr>\n<td>B<\/td>\n<td>Prof. Daniel Henrique Marco Detzel &#8211; DHS<\/td>\n<td>PF14<\/td>\n<\/tr>\n<tr>\n<td>C<\/td>\n<td>Prof. Wilson Paulo Bettega &#8211; DTT<\/td>\n<td>PF12<\/td>\n<\/tr>\n<tr>\n<td>D<\/td>\n<td>Prof. Jos\u00e9 de Almendra Freitas Jr. &#8211; DCC<\/td>\n<td>PF18<\/td>\n<\/tr>\n<\/tbody>\n<\/table>\n<h2><span id=\"Ementa\" class=\"mw-headline\">Ementa<\/span><\/h2>\n<p>Capacitar o aluno para compreender o que \u00e9 Engenharia, quais as atividades de um profissional de Engenharia e como se desenvolve o curso de forma\u00e7\u00e3o em Engenharia Civil.<\/p>\n<p>Carga hor\u00e1ria\u00a0: 30 hs<\/p>\n<ul>\n<li><a class=\"internal\" title=\"TC022 ficha F1.pdf\" href=\"https:\/\/dcc.ufpr.br\/mediawiki\/images\/9\/99\/TC022_ficha_F1.pdf\">Ementa \u00fanica registrada no DCC (ficha 1)<\/a>.<\/li>\n<li><a class=\"internal\" title=\"TC022 ficha F2.pdf\" href=\"https:\/\/dcc.ufpr.br\/mediawiki\/images\/6\/63\/TC022_ficha_F2.pdf\">Programa anal\u00edtico gen\u00e9rico registrado no DCC (ficha 2)<\/a>.<\/li>\n<\/ul>\n<h2><span id=\"Programa.C3.A7.C3.A3o_2018\" class=\"mw-headline\">Programa\u00e7\u00e3o 2018<\/span><\/h2>\n<ul>\n<li><a class=\"internal\" title=\"2017 TC022 Programa Turmas A e D V2.pdf\" href=\"https:\/\/dcc.ufpr.br\/mediawiki\/images\/8\/8a\/2017_TC022_Programa_Turmas_A_e_D_V2.pdf\">TC022_Programa da Turmas A e D<\/a>.<\/li>\n<li><a class=\"internal\" title=\"2017 TC022 Escala Professores.pdf\" href=\"https:\/\/dcc.ufpr.br\/mediawiki\/images\/f\/f5\/2017_TC022_Escala_Professores.pdf\">TC022_Escala da troca de Professores entre as turmas<\/a>.<\/li>\n<\/ul>\n<\/div>\n<\/div>\n","protected":false},"excerpt":{"rendered":"<p>TC-022 Introdu\u00e7\u00e3o \u00e0 Engenharia 1\u00ba Semestre &#8211; 2018 turma professor sala hor\u00e1rio A Prof. Carlos Frederico Alice Parchen &#8211; DCC PF11 2a, 09:30-11:30 hs B Prof. Daniel Henrique Marco Detzel &#8211; DHS PF14 C Prof. Wilson Paulo Bettega &#8211; DTT PF12 D Prof. Jos\u00e9 de Almendra Freitas Jr. &#8211; DCC PF18 Ementa Capacitar o aluno [&hellip;]<\/p>\n","protected":false},"author":1,"featured_media":0,"parent":631,"menu_order":4,"comment_status":"closed","ping_status":"closed","template":"","meta":{"footnotes":""},"class_list":["post-173","page","type-page","status-publish","hentry"],"aioseo_notices":[],"_links":{"self":[{"href":"https:\/\/dcc.ufpr.br\/index.php\/wp-json\/wp\/v2\/pages\/173","targetHints":{"allow":["GET"]}}],"collection":[{"href":"https:\/\/dcc.ufpr.br\/index.php\/wp-json\/wp\/v2\/pages"}],"about":[{"href":"https:\/\/dcc.ufpr.br\/index.php\/wp-json\/wp\/v2\/types\/page"}],"author":[{"embeddable":true,"href":"https:\/\/dcc.ufpr.br\/index.php\/wp-json\/wp\/v2\/users\/1"}],"replies":[{"embeddable":true,"href":"https:\/\/dcc.ufpr.br\/index.php\/wp-json\/wp\/v2\/comments?post=173"}],"version-history":[{"count":2,"href":"https:\/\/dcc.ufpr.br\/index.php\/wp-json\/wp\/v2\/pages\/173\/revisions"}],"predecessor-version":[{"id":175,"href":"https:\/\/dcc.ufpr.br\/index.php\/wp-json\/wp\/v2\/pages\/173\/revisions\/175"}],"up":[{"embeddable":true,"href":"https:\/\/dcc.ufpr.br\/index.php\/wp-json\/wp\/v2\/pages\/631"}],"wp:attachment":[{"href":"https:\/\/dcc.ufpr.br\/index.php\/wp-json\/wp\/v2\/media?parent=173"}],"curies":[{"name":"wp","href":"https:\/\/api.w.org\/{rel}","templated":true}]}}