{"id":111,"date":"2019-02-07T13:17:20","date_gmt":"2019-02-07T15:17:20","guid":{"rendered":"https:\/\/dcc.ufpr.br\/?page_id=111"},"modified":"2020-10-19T14:49:45","modified_gmt":"2020-10-19T17:49:45","slug":"legislacao","status":"publish","type":"page","link":"https:\/\/dcc.ufpr.br\/index.php\/legislacao\/","title":{"rendered":"Legisla\u00e7\u00e3o"},"content":{"rendered":"<h2><span id=\"Links_para_as_Resolu.C3.A7.C3.B5es_Vigentes_do_CEPE_mais_importantes\" class=\"mw-headline\"><i>Links<\/i>\u00a0para as\u00a0<a class=\"external text\" href=\"http:\/\/www.ufpr.br\/soc\/cepe_resolucoes.php?conselho=CEPE&amp;item_id=14&amp;item=Resolu%E7%F5es%20vigentes\" rel=\"nofollow\">Resolu\u00e7\u00f5es Vigentes do CEPE<\/a>\u00a0mais importantes<\/span><\/h2>\n<ul>\n<li><a class=\"external text\" href=\"http:\/\/www.ufpr.br\/soc\/descarregar_arquivo.php?cod=952\" rel=\"nofollow\">Resolu\u00e7\u00e3o 57\/14-CEPE\u00a0: calend\u00e1rio acad\u00eamico de 2015<\/a><\/li>\n<li><a class=\"external text\" href=\"http:\/\/www.ufpr.br\/soc\/descarregar_arquivo.php?cod=71\" rel=\"nofollow\">Resolu\u00e7\u00e3o 37\/97-CEPE\u00a0: normas b\u00e1sicas da atividade acad\u00eamica<\/a><\/li>\n<li><a class=\"external text\" href=\"http:\/\/www.ufpr.br\/soc\/descarregar_arquivo.php?cod=78\" rel=\"nofollow\">Resolu\u00e7\u00e3o 14\/95-CEPE\u00a0: aproveitamento de disciplinas de gradua\u00e7\u00e3o cursadas em outras universidades<\/a><\/li>\n<li><a class=\"external text\" href=\"http:\/\/www.ufpr.br\/soc\/descarregar_arquivo.php?cod=442\" rel=\"nofollow\">Resolu\u00e7\u00e3o 06\/10-CEPE\u00a0: exames de aproveitamento de conhecimento<\/a><\/li>\n<li><a class=\"external text\" href=\"http:\/\/www.ufpr.br\/soc\/descarregar_arquivo.php?cod=689\" rel=\"nofollow\">Resolu\u00e7\u00e3o 34\/12-CEPE\u00a0: normas dos regimes de trabalho e atividades dos docentes.<\/a>\u00a0alterada pelas resolu\u00e7\u00f5es\u00a0<a class=\"external text\" href=\"http:\/\/www.ufpr.br\/soc\/descarregar_arquivo.php?cod=960\" rel=\"nofollow\">28\/14-CEPE<\/a>\u00a0e\u00a0<a class=\"external text\" href=\"http:\/\/www.ufpr.br\/soc\/descarregar_arquivo.php?cod=964\" rel=\"nofollow\">90\/14-CEPE<\/a><\/li>\n<\/ul>\n<h2><span id=\"Procedimentos\" class=\"mw-headline\">Procedimentos<\/span><\/h2>\n<ul>\n<li>Solicita\u00e7\u00f5es de vistas e de segunda chamada de avalia\u00e7\u00f5es das\u00a0disciplinas\u00a0dever\u00e3o ser feitas diretamente com o professor\u00a0respons\u00e1vel pela turma, via email ou pessoalmente, de acordo com a\u00a0legisla\u00e7\u00e3o.<\/li>\n<\/ul>\n","protected":false},"excerpt":{"rendered":"<p>Links\u00a0para as\u00a0Resolu\u00e7\u00f5es Vigentes do CEPE\u00a0mais importantes Resolu\u00e7\u00e3o 57\/14-CEPE\u00a0: calend\u00e1rio acad\u00eamico de 2015 Resolu\u00e7\u00e3o 37\/97-CEPE\u00a0: normas b\u00e1sicas da atividade acad\u00eamica Resolu\u00e7\u00e3o 14\/95-CEPE\u00a0: aproveitamento de disciplinas de gradua\u00e7\u00e3o cursadas em outras universidades Resolu\u00e7\u00e3o 06\/10-CEPE\u00a0: exames de aproveitamento de conhecimento Resolu\u00e7\u00e3o 34\/12-CEPE\u00a0: normas dos regimes de trabalho e atividades dos docentes.\u00a0alterada pelas resolu\u00e7\u00f5es\u00a028\/14-CEPE\u00a0e\u00a090\/14-CEPE Procedimentos Solicita\u00e7\u00f5es de vistas e [&hellip;]<\/p>\n","protected":false},"author":1,"featured_media":0,"parent":0,"menu_order":23,"comment_status":"closed","ping_status":"closed","template":"","meta":{"footnotes":""},"class_list":["post-111","page","type-page","status-publish","hentry"],"aioseo_notices":[],"_links":{"self":[{"href":"https:\/\/dcc.ufpr.br\/index.php\/wp-json\/wp\/v2\/pages\/111","targetHints":{"allow":["GET"]}}],"collection":[{"href":"https:\/\/dcc.ufpr.br\/index.php\/wp-json\/wp\/v2\/pages"}],"about":[{"href":"https:\/\/dcc.ufpr.br\/index.php\/wp-json\/wp\/v2\/types\/page"}],"author":[{"embeddable":true,"href":"https:\/\/dcc.ufpr.br\/index.php\/wp-json\/wp\/v2\/users\/1"}],"replies":[{"embeddable":true,"href":"https:\/\/dcc.ufpr.br\/index.php\/wp-json\/wp\/v2\/comments?post=111"}],"version-history":[{"count":3,"href":"https:\/\/dcc.ufpr.br\/index.php\/wp-json\/wp\/v2\/pages\/111\/revisions"}],"predecessor-version":[{"id":143,"href":"https:\/\/dcc.ufpr.br\/index.php\/wp-json\/wp\/v2\/pages\/111\/revisions\/143"}],"wp:attachment":[{"href":"https:\/\/dcc.ufpr.br\/index.php\/wp-json\/wp\/v2\/media?parent=111"}],"curies":[{"name":"wp","href":"https:\/\/api.w.org\/{rel}","templated":true}]}}