{"id":105,"date":"2019-02-07T13:16:53","date_gmt":"2019-02-07T15:16:53","guid":{"rendered":"https:\/\/dcc.ufpr.br\/?page_id=105"},"modified":"2021-05-05T18:20:42","modified_gmt":"2021-05-05T21:20:42","slug":"editais","status":"publish","type":"page","link":"https:\/\/dcc.ufpr.br\/index.php\/editais\/","title":{"rendered":"Editais"},"content":{"rendered":"<h2><span style=\"font-size: 24pt\">PROGRAMA INSTITUCIONAL DE MONITORIA 2021<\/span><\/h2>\n<p>&nbsp;<\/p>\n<p>Edital Sele\u00e7\u00e3o Disciplina <strong>TC033 &#8211; Laborat\u00f3rio de Mec\u00e2nica dos Solos<\/strong>: <a href=\"https:\/\/dcc.ufpr.br\/wp-content\/uploads\/2021\/05\/TC033_edital_monitoria_2021_ERE_simplificado.pdf\">TC033 &#8211; Edital Sele\u00e7\u00e3o<\/a><\/p>\n<p>Edital Sele\u00e7\u00e3o Disciplina <strong>TC035 &#8211; Mec\u00e2nica dos Solos<\/strong>: <a href=\"https:\/\/dcc.ufpr.br\/wp-content\/uploads\/2021\/05\/TC035-Edital-Monitoria-2021.pdf\">TC035 &#8211; Edital Sele\u00e7\u00e3o<\/a><\/p>\n<p>Edital Sele\u00e7\u00e3o Disciplina <strong>TC021- Mec\u00e2nica Geral I<\/strong>: <a href=\"https:\/\/dcc.ufpr.br\/wp-content\/uploads\/2021\/05\/TC021-Edital_de_sele\u00e7\u00e3o_monitoria.pdf\">TC021 &#8211; Edital Sele\u00e7\u00e3o<\/a><\/p>\n<p>Edital Sele\u00e7\u00e3o Disciplina <strong>TC036 &#8211; Mec\u00e2nica das Estruturas II<\/strong>: <a href=\"https:\/\/dcc.ufpr.br\/wp-content\/uploads\/2021\/05\/TC036-Edital_de_sele\u00e7\u00e3o_MONITORIA.pdf\">TC036 &#8211; Edital Sele\u00e7\u00e3o<\/a><\/p>\n<p>Edital Sele\u00e7\u00e3o Disciplina <strong>TC040 &#8211; Estruturas de Concreto II<\/strong>: <a href=\"https:\/\/dcc.ufpr.br\/wp-content\/uploads\/2021\/05\/TC040-Edital_de_sele\u00e7\u00e3o_MONITORIA.pdf\">TC040 &#8211; Edital Sele\u00e7\u00e3o<\/a><\/p>\n","protected":false},"excerpt":{"rendered":"<p>PROGRAMA INSTITUCIONAL DE MONITORIA 2021 &nbsp; Edital Sele\u00e7\u00e3o Disciplina TC033 &#8211; Laborat\u00f3rio de Mec\u00e2nica dos Solos: TC033 &#8211; Edital Sele\u00e7\u00e3o Edital Sele\u00e7\u00e3o Disciplina TC035 &#8211; Mec\u00e2nica dos Solos: TC035 &#8211; Edital Sele\u00e7\u00e3o Edital Sele\u00e7\u00e3o Disciplina TC021- Mec\u00e2nica Geral I: TC021 &#8211; Edital Sele\u00e7\u00e3o Edital Sele\u00e7\u00e3o Disciplina TC036 &#8211; Mec\u00e2nica das Estruturas II: TC036 &#8211; Edital [&hellip;]<\/p>\n","protected":false},"author":1,"featured_media":0,"parent":0,"menu_order":21,"comment_status":"closed","ping_status":"closed","template":"","meta":{"footnotes":""},"class_list":["post-105","page","type-page","status-publish","hentry"],"aioseo_notices":[],"_links":{"self":[{"href":"https:\/\/dcc.ufpr.br\/index.php\/wp-json\/wp\/v2\/pages\/105","targetHints":{"allow":["GET"]}}],"collection":[{"href":"https:\/\/dcc.ufpr.br\/index.php\/wp-json\/wp\/v2\/pages"}],"about":[{"href":"https:\/\/dcc.ufpr.br\/index.php\/wp-json\/wp\/v2\/types\/page"}],"author":[{"embeddable":true,"href":"https:\/\/dcc.ufpr.br\/index.php\/wp-json\/wp\/v2\/users\/1"}],"replies":[{"embeddable":true,"href":"https:\/\/dcc.ufpr.br\/index.php\/wp-json\/wp\/v2\/comments?post=105"}],"version-history":[{"count":12,"href":"https:\/\/dcc.ufpr.br\/index.php\/wp-json\/wp\/v2\/pages\/105\/revisions"}],"predecessor-version":[{"id":2638,"href":"https:\/\/dcc.ufpr.br\/index.php\/wp-json\/wp\/v2\/pages\/105\/revisions\/2638"}],"wp:attachment":[{"href":"https:\/\/dcc.ufpr.br\/index.php\/wp-json\/wp\/v2\/media?parent=105"}],"curies":[{"name":"wp","href":"https:\/\/api.w.org\/{rel}","templated":true}]}}